
{"id":72625,"date":"2024-09-02T13:20:31","date_gmt":"2024-09-02T11:20:31","guid":{"rendered":"https:\/\/stonehouse.se\/produkt\/assa-abloy-s554014184-loopkort-4014-for-kortlasare\/"},"modified":"2026-04-09T11:37:06","modified_gmt":"2026-04-09T09:37:06","slug":"assa-abloy-s554014184-loopkort-4014-for-kortlasare","status":"publish","type":"product","link":"https:\/\/stonehouse.se\/en\/product\/assa-abloy-s554014184-loopkort-4014-for-kortlasare\/","title":{"rendered":"ASSA ABLOY S554014184 Loopkort 4014 f\u00f6r Kortl\u00e4sare"},"content":{"rendered":"<h2 class=\"display-4 d-none d-md-block\">Product information<\/h2>\n<div id=\"collapseProductInformation\" class=\"product-presentation__accordion collapse d-md-block\">\n<div class=\"mb-3\">Kommunikationskortet ansluts till centralenheten 9016. Varje kort g\u00f6r det m\u00f6jligt att ansluta 4 DAC, det vill s\u00e4ga 4 d\u00f6rrar, till systemet och totalt kan centralenheten utrustas med 4 kommunikationskort vilket ger 16 d\u00f6rrar. Via kommunikationskortet sker all f\u00f6rbindelse mellan systemet och d\u00f6rrarna, via en 20mA konstant str\u00f6mslinga.Maximal str\u00f6mf\u00f6rbrukning 100mA<\/div>\n<\/div>","protected":false},"excerpt":{"rendered":"<p>ASSA ABLOY S554014184 Loopkort 4014 f\u00f6r Kortl\u00e4sare<\/p>","protected":false},"featured_media":81098,"template":"","meta":{"_acf_changed":false},"product_brand":[],"product_cat":[3467],"product_tag":[3464],"class_list":{"0":"post-72625","1":"product","2":"type-product","3":"status-publish","4":"has-post-thumbnail","6":"product_cat-assa-passer-central","7":"product_tag-assa-passer-central","8":"product_shipping_class-tunga-paket","9":"pa_brands-abloy","10":"tm-no-options","12":"first","13":"outofstock","14":"sale","15":"taxable","16":"shipping-taxable","17":"product-type-simple"},"acf":[],"_links":{"self":[{"href":"https:\/\/stonehouse.se\/en\/wp-json\/wp\/v2\/product\/72625","targetHints":{"allow":["GET"]}}],"collection":[{"href":"https:\/\/stonehouse.se\/en\/wp-json\/wp\/v2\/product"}],"about":[{"href":"https:\/\/stonehouse.se\/en\/wp-json\/wp\/v2\/types\/product"}],"wp:featuredmedia":[{"embeddable":true,"href":"https:\/\/stonehouse.se\/en\/wp-json\/wp\/v2\/media\/81098"}],"wp:attachment":[{"href":"https:\/\/stonehouse.se\/en\/wp-json\/wp\/v2\/media?parent=72625"}],"wp:term":[{"taxonomy":"product_brand","embeddable":true,"href":"https:\/\/stonehouse.se\/en\/wp-json\/wp\/v2\/product_brand?post=72625"},{"taxonomy":"product_cat","embeddable":true,"href":"https:\/\/stonehouse.se\/en\/wp-json\/wp\/v2\/product_cat?post=72625"},{"taxonomy":"product_tag","embeddable":true,"href":"https:\/\/stonehouse.se\/en\/wp-json\/wp\/v2\/product_tag?post=72625"}],"curies":[{"name":"wp","href":"https:\/\/api.w.org\/{rel}","templated":true}]}}