
{"id":72644,"date":"2024-09-03T10:18:38","date_gmt":"2024-09-03T08:18:38","guid":{"rendered":"https:\/\/stonehouse.se\/produkt\/crimpverktyg-connectix-ez-crimp-easy-rj45\/"},"modified":"2026-04-09T11:35:20","modified_gmt":"2026-04-09T09:35:20","slug":"crimpverktyg-connectix-ez-crimp-easy-rj45","status":"publish","type":"product","link":"https:\/\/stonehouse.se\/en\/product\/crimpverktyg-connectix-ez-crimp-easy-rj45\/","title":{"rendered":"Crimpverktyg Connectix EZ-CRIMP Easy RJ45"},"content":{"rendered":"<p>Crimpverktyg f\u00f6r RJ45-datakablar anv\u00e4nds f\u00f6r att f\u00e4sta RJ45-kontakter p\u00e5 n\u00e4tverkskablar, vanligtvis kategorierna Cat5e, Cat6 eller Cat6a.Verktyget m\u00f6jligg\u00f6r enkel och s\u00e4ker anslutning av kablarnas ledare till kontakten, vilket garanterar en p\u00e5litlig n\u00e4tverksanslutning.Crimpverktyg \u00e4r utrustade med flera funktioner, inklusive skalning och sk\u00e4rning av kablar, vilket g\u00f6r dem till ett oumb\u00e4rligt verktyg f\u00f6r b\u00e5de professionella installat\u00f6rer och hemmafixare som arbetar med n\u00e4tverksinstallationer.Det &#8220;Easy&#8221; RJ45-crimpverktyget fungerar perfekt med &#8220;Easy&#8221; Cat6 UTP- och FTP-genomg\u00e5ngskontakter. Med sin extra sk\u00e4rfunktion klipper detta crimpverktyg av \u00f6verfl\u00f6diga ledningar samtidigt som det krymper RJ45-kontakten.<\/p>\n<ul>\n<li>F\u00f6r anv\u00e4ndning med RJ45-genomg\u00e5ngskontakter<\/li>\n<li>Kan anv\u00e4ndas f\u00f6r att sk\u00e4ra av kabelns ytterh\u00f6lje<\/li>\n<\/ul>\n<p>Se nedan f\u00f6r de 4 enkla stegen i instruktionerna.&nbsp;<\/p>\n<table class=\"easy_crimp_inst\" border=\"0\" width=\"100%\" cellspacing=\"1\" cellpadding=\"2\">\n<tbody>\n<tr>\n<td colspan=\"2\"><img decoding=\"async\" src=\"https:\/\/www.cablemonkey.co.uk\/img\/cms\/easy_crimp_1.png\" alt=\"easy crimp step 1\" width=\"75%\" title=\"\"><\/td>\n<\/tr>\n<tr>\n<td><span class=\"easy_num\">1<\/span><\/td>\n<td>Ta bort cirka 20 mm av ytterh\u00f6ljet med hj\u00e4lp av det m\u00e5ngsidiga crimpverktyget.<\/td>\n<\/tr>\n<tr>\n<td colspan=\"2\"><img decoding=\"async\" src=\"https:\/\/www.cablemonkey.co.uk\/img\/cms\/easy_crimp_2.png\" alt=\"\" width=\"75%\" title=\"\"><\/td>\n<\/tr>\n<tr>\n<td><span class=\"easy_num\">2<\/span><\/td>\n<td>Ordna ledningarna i r\u00e4tt f\u00e4rgkodningssekvens (vanligast \u00e4r EIA\/TIA 568B). S\u00e4tt in kabeln i kontakten och skjut ledningarna igenom. Kabelns ytterh\u00f6lje ska sitta s\u00e5 l\u00e5ngt upp i kontakten som m\u00f6jligt.EIA\/TIA 568B \u00e4r en standard f\u00f6r f\u00e4rgkodning av tr\u00e5darna i n\u00e4tverkskablar (Ethernet-kablar) med RJ45-kontakter. F\u00e4rgsekvensen f\u00f6r EIA\/TIA 568B \u00e4r:<\/p>\n<ol>\n<li>Vit\/Orange<\/li>\n<li>Orange<\/li>\n<li>Vit\/Gr\u00f6n<\/li>\n<li>Bl\u00e5<\/li>\n<li>Vit\/Bl\u00e5<\/li>\n<li>Gr\u00f6n<\/li>\n<li>Vit\/Brun<\/li>\n<li>Brun<\/li>\n<\/ol>\n<p>Denna sekvens anv\u00e4nds ofta f\u00f6r att skapa raka n\u00e4tverkskablar d\u00e4r b\u00e5da \u00e4ndarna \u00e4r anslutna enligt samma standard.<\/td>\n<\/tr>\n<tr>\n<td colspan=\"2\"><img decoding=\"async\" src=\"https:\/\/www.cablemonkey.co.uk\/img\/cms\/easy_crimp_3.png\" alt=\"\" width=\"75%\" title=\"\"><\/td>\n<\/tr>\n<tr>\n<td><span class=\"easy_num\">3<\/span><\/td>\n<td>Tryck p\u00e5 &#8220;L\u00e5s&#8221;-knappen p\u00e5 crimpverktyget f\u00f6r att \u00f6ppna det och g\u00f6ra det redo att anv\u00e4ndas. S\u00e4tt in den laddade RJ45-kontakten i uttaget och tryck ihop handtaget f\u00f6r att krympa kontakten; \u00f6verfl\u00f6diga ledningar klipps av samtidigt.<\/td>\n<\/tr>\n<tr>\n<td colspan=\"2\"><img decoding=\"async\" src=\"https:\/\/www.cablemonkey.co.uk\/img\/cms\/easy_crimp_4.png\" alt=\"\" width=\"75%\" title=\"\"><\/td>\n<\/tr>\n<tr>\n<td><span class=\"easy_num\">4<\/span><\/td>\n<td>Om du har f\u00f6ljt instruktionerna b\u00f6r du nu ha en fullt fungerande RJ45-anslutning.<\/td>\n<\/tr>\n<\/tbody>\n<\/table>","protected":false},"excerpt":{"rendered":"<p>Connectix EZ-CRIMP Easy RJ45 Crimpverktyg<\/p>","protected":false},"featured_media":81096,"template":"","meta":{"_acf_changed":false},"product_brand":[],"product_cat":[3401],"product_tag":[],"class_list":{"0":"post-72644","1":"product","2":"type-product","3":"status-publish","4":"has-post-thumbnail","6":"product_cat-natverkskabel-tillbehor","7":"tm-no-options","9":"first","10":"instock","11":"sale","12":"taxable","13":"shipping-taxable","14":"product-type-simple"},"acf":[],"_links":{"self":[{"href":"https:\/\/stonehouse.se\/en\/wp-json\/wp\/v2\/product\/72644","targetHints":{"allow":["GET"]}}],"collection":[{"href":"https:\/\/stonehouse.se\/en\/wp-json\/wp\/v2\/product"}],"about":[{"href":"https:\/\/stonehouse.se\/en\/wp-json\/wp\/v2\/types\/product"}],"wp:featuredmedia":[{"embeddable":true,"href":"https:\/\/stonehouse.se\/en\/wp-json\/wp\/v2\/media\/81096"}],"wp:attachment":[{"href":"https:\/\/stonehouse.se\/en\/wp-json\/wp\/v2\/media?parent=72644"}],"wp:term":[{"taxonomy":"product_brand","embeddable":true,"href":"https:\/\/stonehouse.se\/en\/wp-json\/wp\/v2\/product_brand?post=72644"},{"taxonomy":"product_cat","embeddable":true,"href":"https:\/\/stonehouse.se\/en\/wp-json\/wp\/v2\/product_cat?post=72644"},{"taxonomy":"product_tag","embeddable":true,"href":"https:\/\/stonehouse.se\/en\/wp-json\/wp\/v2\/product_tag?post=72644"}],"curies":[{"name":"wp","href":"https:\/\/api.w.org\/{rel}","templated":true}]}}