
{"id":72932,"date":"2024-09-26T15:36:53","date_gmt":"2024-09-26T13:36:53","guid":{"rendered":"https:\/\/stonehouse.se\/produkt\/microsd-minneskort-128gb-ezviz-smart-card-pro-series\/"},"modified":"2026-02-02T15:51:08","modified_gmt":"2026-02-02T14:51:08","slug":"microsd-minneskort-128gb-ezviz-smart-card-pro-series","status":"publish","type":"product","link":"https:\/\/stonehouse.se\/en\/product\/microsd-minneskort-128gb-ezviz-smart-card-pro-series\/","title":{"rendered":"MicroSD Minneskort 128GB &#8211; EZVIZ Smart Card Pro Series"},"content":{"rendered":"<p>EZVIZ Smart Card Pro Series MicroSD Minneskort med 128GB lagringskapacitet erbjuder en perfekt l\u00f6sning f\u00f6r \u00f6vervakningssystem, smartphones och andra enheter som beh\u00f6ver snabb data\u00f6verf\u00f6ring och p\u00e5litlig lagring. Kortet \u00e4r konstruerat f\u00f6r att leverera enast\u00e5ende prestanda med h\u00f6g l\u00e4s- och skrivhastighet, vilket g\u00f6r det perfekt f\u00f6r att lagra stora m\u00e4ngder data som videoinspelningar, bilder och dokument.<\/p>\n<ul>\n<li><strong>Capacity:<\/strong> 128GB<\/li>\n<li><strong>Klass:<\/strong> UHS-I, Class 10<\/li>\n<li><strong>L\u00e4shastighet:<\/strong> Upp till 100MB\/s<\/li>\n<li><strong>Skrivhastighet:<\/strong> Upp till 90MB\/s<\/li>\n<li><strong>Compatibility:<\/strong> Passar s\u00e4kerhetskameror, smartphones, tablets och andra enheter som st\u00f6der MicroSD.<\/li>\n<li><strong>H\u00e5llbarhet:<\/strong> Vattent\u00e5lig, st\u00f6ts\u00e4ker och temperaturbest\u00e4ndig.<\/li>\n<li><strong>Funktioner:<\/strong> St\u00f6der 4K-videoinspelning och snabb data\u00f6verf\u00f6ring.<\/li>\n<\/ul>","protected":false},"excerpt":{"rendered":"<p>MicroSD minneskort med 128GB lagringskapacitet fr\u00e5n EZVIZ Smart Card Pro Series. Idealisk f\u00f6r s\u00e4kerhetskameror, smartphones och andra enheter som kr\u00e4ver snabb och s\u00e4ker lagring.<\/p>","protected":false},"featured_media":81161,"template":"","meta":{"_acf_changed":false},"product_brand":[],"product_cat":[2755,2601],"product_tag":[],"class_list":{"0":"post-72932","1":"product","2":"type-product","3":"status-publish","4":"has-post-thumbnail","6":"product_cat-micro-sd-minneskort","7":"product_cat-usb-minnen-med-logo-minneskort","8":"product_shipping_class-postnord-varubrev","9":"pa_brands-ezviz","10":"tm-no-options","12":"first","13":"instock","14":"sale","15":"taxable","16":"shipping-taxable","17":"product-type-simple"},"acf":[],"_links":{"self":[{"href":"https:\/\/stonehouse.se\/en\/wp-json\/wp\/v2\/product\/72932","targetHints":{"allow":["GET"]}}],"collection":[{"href":"https:\/\/stonehouse.se\/en\/wp-json\/wp\/v2\/product"}],"about":[{"href":"https:\/\/stonehouse.se\/en\/wp-json\/wp\/v2\/types\/product"}],"wp:featuredmedia":[{"embeddable":true,"href":"https:\/\/stonehouse.se\/en\/wp-json\/wp\/v2\/media\/81161"}],"wp:attachment":[{"href":"https:\/\/stonehouse.se\/en\/wp-json\/wp\/v2\/media?parent=72932"}],"wp:term":[{"taxonomy":"product_brand","embeddable":true,"href":"https:\/\/stonehouse.se\/en\/wp-json\/wp\/v2\/product_brand?post=72932"},{"taxonomy":"product_cat","embeddable":true,"href":"https:\/\/stonehouse.se\/en\/wp-json\/wp\/v2\/product_cat?post=72932"},{"taxonomy":"product_tag","embeddable":true,"href":"https:\/\/stonehouse.se\/en\/wp-json\/wp\/v2\/product_tag?post=72932"}],"curies":[{"name":"wp","href":"https:\/\/api.w.org\/{rel}","templated":true}]}}