
{"id":72948,"date":"2024-09-27T15:02:49","date_gmt":"2024-09-27T13:02:49","guid":{"rendered":"https:\/\/stonehouse.se\/?post_type=product&#038;p=72948"},"modified":"2026-04-09T11:34:18","modified_gmt":"2026-04-09T09:34:18","slug":"switch-5-portars-gigabit-poe-switch-10-gbps","status":"publish","type":"product","link":"https:\/\/stonehouse.se\/en\/product\/switch-5-portars-gigabit-poe-switch-10-gbps\/","title":{"rendered":"Switch 5 -portars Gigabit PoE-switch, 10 Gbps"},"content":{"rendered":"<p>Switch 5 -portars Gigabit PoE-switch, 10 Gbps<\/p>\n<div class=\"pd-overview-details pd-show-full-overview\">\n<div class=\"headernamehrnone\">TRENDnets 5-Port Gigabit PoE+ Switch, modell TPE-TG50g, levererar data och str\u00f6m \u00f6ver befintliga Ethernet-kablar till PoE-enheter (Power over Ethernet) som accesspunkter och IP-kameror. den st\u00f6der b\u00e5de PoE- och PoE+-enheter med en 31 W PoE-str\u00f6mbudget. Denna kompakta switch i robust metall \u00e4r enkel att installera f\u00f6r tillf\u00f6rlitliga PoE-n\u00e4tverk med h\u00f6g hastighet.<\/div>\n<div><\/div>\n<div class=\"row headername\">\n<div class=\"item-header rd-hyg-item-header\"><strong>Huvudsakliga egenskaper<\/strong><\/div>\n<div class=\"row\">\n<ul>\n<li>DESKTOP DESIGN: Med ett kompakt och l\u00e4tt metallh\u00f6lje \u00e4r denna Ethernet-switch v\u00e4l l\u00e4mpad f\u00f6r station\u00e4ra installationer.<\/li>\n<li>DATA\u00d6VERF\u00d6RINGSHASTIGHET: Ethernet: 10 Mbps (halv duplex), 20 Mbps (full duplex) Fast Ethernet: 100 Mbps (halv duplex), 200 Mbps (full duplex) Gigabit: 2000 Mbps (full duplex)<\/li>\n<li>TRENDnet LIFETIME PROTECTION: Livstids tillverkargaranti fr\u00e5n TRENDnet<\/li>\n<li>DESKTOP DESIGN: Med ett kompakt och l\u00e4tt metallh\u00f6lje \u00e4r denna Ethernet-switch v\u00e4l l\u00e4mpad f\u00f6r station\u00e4ra installationer.<\/li>\n<\/ul>\n<ul class=\"mainfeatureslist\">\n<li>DATA\u00d6VERF\u00d6RINGSHASTIGHET: Ethernet: 10 Mbps (halv duplex), 20 Mbps (full duplex) Fast Ethernet: 100 Mbps (halv duplex), 200 Mbps (full duplex) Gigabit: 2000 Mbps (full duplex)<\/li>\n<\/ul>\n<\/div>\n<\/div>\n<\/div>","protected":false},"excerpt":{"rendered":"<p>TRENDnet TPE-TG50G 5-portars Gigabit PoE-switch, 10 Gbps<\/p>","protected":false},"featured_media":81088,"template":"","meta":{"_acf_changed":false},"product_brand":[],"product_cat":[3415],"product_tag":[],"class_list":{"0":"post-72948","1":"product","2":"type-product","3":"status-publish","4":"has-post-thumbnail","6":"product_cat-switch","7":"pa_brands-trendnet","8":"tm-no-options","10":"first","11":"onbackorder","12":"sale","13":"taxable","14":"shipping-taxable","15":"product-type-simple"},"acf":[],"_links":{"self":[{"href":"https:\/\/stonehouse.se\/en\/wp-json\/wp\/v2\/product\/72948","targetHints":{"allow":["GET"]}}],"collection":[{"href":"https:\/\/stonehouse.se\/en\/wp-json\/wp\/v2\/product"}],"about":[{"href":"https:\/\/stonehouse.se\/en\/wp-json\/wp\/v2\/types\/product"}],"wp:featuredmedia":[{"embeddable":true,"href":"https:\/\/stonehouse.se\/en\/wp-json\/wp\/v2\/media\/81088"}],"wp:attachment":[{"href":"https:\/\/stonehouse.se\/en\/wp-json\/wp\/v2\/media?parent=72948"}],"wp:term":[{"taxonomy":"product_brand","embeddable":true,"href":"https:\/\/stonehouse.se\/en\/wp-json\/wp\/v2\/product_brand?post=72948"},{"taxonomy":"product_cat","embeddable":true,"href":"https:\/\/stonehouse.se\/en\/wp-json\/wp\/v2\/product_cat?post=72948"},{"taxonomy":"product_tag","embeddable":true,"href":"https:\/\/stonehouse.se\/en\/wp-json\/wp\/v2\/product_tag?post=72948"}],"curies":[{"name":"wp","href":"https:\/\/api.w.org\/{rel}","templated":true}]}}