
{"id":72957,"date":"2024-09-27T15:02:52","date_gmt":"2024-09-27T13:02:52","guid":{"rendered":"https:\/\/stonehouse.se\/?post_type=product&#038;p=72957"},"modified":"2026-04-09T11:33:07","modified_gmt":"2026-04-09T09:33:07","slug":"switch-hikvision-pro-series-8-portars-poe-6xgb-poe-90-w","status":"publish","type":"product","link":"https:\/\/stonehouse.se\/en\/product\/switch-hikvision-pro-series-8-portars-poe-6xgb-poe-90-w\/","title":{"rendered":"Switch Hikvision Pro Series 8-portars PoE 6\u00d7Gb PoE 90 W"},"content":{"rendered":"<h1>Swich Hikvision DS-3E0510HP-E Pro Series 8-portars PoE-switch utan styrning<\/h1>\n<h2>6 \u00d7 Gigabit PoE RJ45, 90 W<\/h2>\n<div class=\"headernamehrnone\">DS-3E0510HP-E-switchar \u00e4r lager 2 Hi-PoE-switchar som tillhandah\u00e5ller avancerad PoE-str\u00f6mf\u00f6rs\u00f6rjningsteknik och Gigabit-n\u00e4tverksdesign p\u00e5 grundval av h\u00f6gpresterande \u00e5tkomst f\u00f6r att s\u00e4kerst\u00e4lla stabil datauppladdning. Switcharna st\u00f6der Hi-PoE, l\u00e5ng r\u00e4ckvidd, portisolering och PoE watchdog-funktion.<\/div>\n<div><\/div>\n<div class=\"row headername\">\n<div class=\"item-header rd-hyg-item-header\"><strong>Huvudsakliga egenskaper<\/strong><\/div>\n<div class=\"row\">\n<ul>\n<li>Upp till 300 m l\u00e5ng r\u00e4ckvidd.<\/li>\n<li>St\u00f6der kostnadseffektiva tvinnade parkablar f\u00f6r h\u00f6ghastighetsdata\u00f6verf\u00f6ring upp till 100 meter<\/li>\n<li>Gigabit Ethernet-port f\u00f6r ultrasnabba n\u00e4tverkshastigheter<\/li>\n<\/ul>\n<\/div>\n<\/div>","protected":false},"excerpt":{"rendered":"<p>Hikvision DS-3E0510HP-E Pro Series 8-portars PoE-switch utan styrning, 6 \u00d7 Gigabit PoE RJ45, 90 W<\/p>","protected":false},"featured_media":81086,"template":"","meta":{"_acf_changed":false},"product_brand":[],"product_cat":[3415],"product_tag":[],"class_list":{"0":"post-72957","1":"product","2":"type-product","3":"status-publish","4":"has-post-thumbnail","6":"product_cat-switch","7":"pa_brands-hikvision","8":"tm-no-options","10":"first","11":"onbackorder","12":"sale","13":"taxable","14":"shipping-taxable","15":"product-type-simple"},"acf":[],"_links":{"self":[{"href":"https:\/\/stonehouse.se\/en\/wp-json\/wp\/v2\/product\/72957","targetHints":{"allow":["GET"]}}],"collection":[{"href":"https:\/\/stonehouse.se\/en\/wp-json\/wp\/v2\/product"}],"about":[{"href":"https:\/\/stonehouse.se\/en\/wp-json\/wp\/v2\/types\/product"}],"wp:featuredmedia":[{"embeddable":true,"href":"https:\/\/stonehouse.se\/en\/wp-json\/wp\/v2\/media\/81086"}],"wp:attachment":[{"href":"https:\/\/stonehouse.se\/en\/wp-json\/wp\/v2\/media?parent=72957"}],"wp:term":[{"taxonomy":"product_brand","embeddable":true,"href":"https:\/\/stonehouse.se\/en\/wp-json\/wp\/v2\/product_brand?post=72957"},{"taxonomy":"product_cat","embeddable":true,"href":"https:\/\/stonehouse.se\/en\/wp-json\/wp\/v2\/product_cat?post=72957"},{"taxonomy":"product_tag","embeddable":true,"href":"https:\/\/stonehouse.se\/en\/wp-json\/wp\/v2\/product_tag?post=72957"}],"curies":[{"name":"wp","href":"https:\/\/api.w.org\/{rel}","templated":true}]}}