
{"id":72975,"date":"2024-09-27T15:02:52","date_gmt":"2024-09-27T13:02:52","guid":{"rendered":"https:\/\/stonehouse.se\/?post_type=product&#038;p=72975"},"modified":"2026-04-09T11:33:01","modified_gmt":"2026-04-09T09:33:01","slug":"switch-ultratech-9-portars-gigabit-8-xpoe-130w","status":"publish","type":"product","link":"https:\/\/stonehouse.se\/en\/product\/switch-ultratech-9-portars-gigabit-8-xpoe-130w\/","title":{"rendered":"Switch Ultratech 9-portars Gigabit 8 xPoE  130W"},"content":{"rendered":"<h1>Switch Ultratech 0E-9P8POEGIG 9-portars<\/h1>\n<h2>Gigabit-switch med 8-PoE, 130W<\/h2>\n<div class=\"headernamehrnone\">9 Port \/ 8 PoE Gigabit PoE Switch \u00e4r helt integrerad f\u00f6r att st\u00f6dja s\u00e4kerhets\u00f6vervakning, ger snabb paketvidarebefordran samt snabba Ethernet-\u00f6verf\u00f6ringshastigheter genom att anv\u00e4nda l\u00e4mplig bandbredd f\u00f6r att s\u00e4kerst\u00e4lla tydliga bilder\/mjuk \u00f6verf\u00f6ring och tillr\u00e4ckligt med bandbredd f\u00f6r h\u00f6guppl\u00f6st video.<\/div>\n<div class=\"row headername\">\n<div class=\"item-header rd-hyg-item-header\"><strong>Huvudsakliga egenskaper<\/strong><\/div>\n<div class=\"row\">\n<ul>\n<li>8x 10\/100\/1000 Mbps PoE-portar<\/li>\n<li>1x 10\/100\/1000 Mbps-port<\/li>\n<li>Enkel installation: Plug and Play<\/li>\n<li>130W PoE Budget<\/li>\n<li>Switchingkapacitet: 18 Gbps<\/li>\n<li>Status f\u00f6r port: LED-indikator<\/li>\n<li>Energieffektiv str\u00f6mbrytare<\/li>\n<li>Garanti: Begr\u00e4nsad livstid<\/li>\n<\/ul>\n<\/div>\n<\/div>","protected":false},"excerpt":{"rendered":"<p>Ultratech 0E-9P8POEGIG 9-portars Gigabit-switch med 8-PoE, 130W<\/p>","protected":false},"featured_media":81077,"template":"","meta":{"_acf_changed":false},"product_brand":[],"product_cat":[3415],"product_tag":[],"class_list":{"0":"post-72975","1":"product","2":"type-product","3":"status-publish","4":"has-post-thumbnail","6":"product_cat-switch","7":"pa_brands-ultratech","8":"tm-no-options","10":"first","11":"onbackorder","12":"sale","13":"taxable","14":"shipping-taxable","15":"product-type-simple"},"acf":[],"_links":{"self":[{"href":"https:\/\/stonehouse.se\/en\/wp-json\/wp\/v2\/product\/72975","targetHints":{"allow":["GET"]}}],"collection":[{"href":"https:\/\/stonehouse.se\/en\/wp-json\/wp\/v2\/product"}],"about":[{"href":"https:\/\/stonehouse.se\/en\/wp-json\/wp\/v2\/types\/product"}],"wp:featuredmedia":[{"embeddable":true,"href":"https:\/\/stonehouse.se\/en\/wp-json\/wp\/v2\/media\/81077"}],"wp:attachment":[{"href":"https:\/\/stonehouse.se\/en\/wp-json\/wp\/v2\/media?parent=72975"}],"wp:term":[{"taxonomy":"product_brand","embeddable":true,"href":"https:\/\/stonehouse.se\/en\/wp-json\/wp\/v2\/product_brand?post=72975"},{"taxonomy":"product_cat","embeddable":true,"href":"https:\/\/stonehouse.se\/en\/wp-json\/wp\/v2\/product_cat?post=72975"},{"taxonomy":"product_tag","embeddable":true,"href":"https:\/\/stonehouse.se\/en\/wp-json\/wp\/v2\/product_tag?post=72975"}],"curies":[{"name":"wp","href":"https:\/\/api.w.org\/{rel}","templated":true}]}}