
{"id":72987,"date":"2024-09-30T14:44:49","date_gmt":"2024-09-30T12:44:49","guid":{"rendered":"https:\/\/stonehouse.se\/produkt\/system-sensor-22051e-46-iv-optisk-analog-detektor-i-avancerad-serie\/"},"modified":"2026-04-09T11:32:57","modified_gmt":"2026-04-09T09:32:57","slug":"system-sensor-22051e-46-iv-optisk-analog-detektor-i-avancerad-serie","status":"publish","type":"product","link":"https:\/\/stonehouse.se\/en\/product\/system-sensor-22051e-46-iv-optisk-analog-detektor-i-avancerad-serie\/","title":{"rendered":"R\u00f6kdetektor 22051E System Sensor Optisk Analog"},"content":{"rendered":"<div class=\"headernamehrnone\">\n<p>Den fotoelektriska r\u00f6kdetektorn 22051E\/EI har en helt ny detektionskammardesign, resultatet av m\u00e5nga \u00e5rs forskning och design av System Sensor.<\/p>\n<p>Detta ger f\u00f6rb\u00e4ttrad respons, minskade k\u00e4nslighetsf\u00f6r\u00e4ndringar orsakade av damm och f\u00e4rre falsklarm till f\u00f6ljd av insektsintr\u00e5ng och annat skr\u00e4p.<\/p>\n<p>Plug-in-enheten anv\u00e4nder sofistikerade bearbetningskretsar som inneh\u00e5ller utj\u00e4mningsfilter f\u00f6r att eliminera tillf\u00e4lliga milj\u00f6bullerf\u00f6rh\u00e5llanden som kan vara orsaken till o\u00f6nskade larm.<\/p>\n<p>Enheterna styrs av inbyggd programvara som k\u00f6r komplexa algoritmer som ytterligare f\u00f6rb\u00e4ttrar motst\u00e5ndskraften mot falsklarm och \u00f6kar detekteringshastigheten.<\/p>\n<\/div>\n<div class=\"row headername\">\n<h5 class=\"item-header rd-hyg-item-header\"><strong>Huvudsakliga egenskaper<\/strong><\/h5>\n<div class=\"row\">\n<ul>\n<li>Inkluderar serie 200 avancerat protokoll<\/li>\n<li>Finns med eller utan enpolig kortslutningsisolering med statuskontroll<\/li>\n<li>Tref\u00e4rgs-LED med f\u00e4rgerna r\u00f6tt, gr\u00f6nt och gult<\/li>\n<li>Omkopplare f\u00f6r roterande dekadadresser<\/li>\n<li>Ren vit f\u00e4rg som passar moderna byggnader<\/li>\n<li>100% mekanisk och elektrisk bak\u00e5tkompatibilitet<\/li>\n<li>Ny basdesign som kompletterar detektorn<\/li>\n<\/ul>\n<\/div>\n<\/div>\n<div><\/div>","protected":false},"excerpt":{"rendered":"<ul class=\"mainfeatureslist\">\n<li>Inkluderar serie 200 avancerat protokoll<\/li>\n<li>Finns med eller utan enpolig kortslutningsisolering med statuskontroll<\/li>\n<li>Tref\u00e4rgs-LED med f\u00e4rgerna r\u00f6tt, gr\u00f6nt och gult<\/li>\n<\/ul>\n<p><strong>Ers\u00e4tter 2251EM<\/strong><\/p>","protected":false},"featured_media":81148,"template":"","meta":{"_acf_changed":false},"product_brand":[],"product_cat":[3695],"product_tag":[],"class_list":{"0":"post-72987","1":"product","2":"type-product","3":"status-publish","4":"has-post-thumbnail","6":"product_cat-200-serien","7":"pa_brands-system-sensor","8":"tm-no-options","10":"first","11":"instock","12":"sale","13":"taxable","14":"shipping-taxable","15":"product-type-simple"},"acf":[],"_links":{"self":[{"href":"https:\/\/stonehouse.se\/en\/wp-json\/wp\/v2\/product\/72987","targetHints":{"allow":["GET"]}}],"collection":[{"href":"https:\/\/stonehouse.se\/en\/wp-json\/wp\/v2\/product"}],"about":[{"href":"https:\/\/stonehouse.se\/en\/wp-json\/wp\/v2\/types\/product"}],"wp:featuredmedia":[{"embeddable":true,"href":"https:\/\/stonehouse.se\/en\/wp-json\/wp\/v2\/media\/81148"}],"wp:attachment":[{"href":"https:\/\/stonehouse.se\/en\/wp-json\/wp\/v2\/media?parent=72987"}],"wp:term":[{"taxonomy":"product_brand","embeddable":true,"href":"https:\/\/stonehouse.se\/en\/wp-json\/wp\/v2\/product_brand?post=72987"},{"taxonomy":"product_cat","embeddable":true,"href":"https:\/\/stonehouse.se\/en\/wp-json\/wp\/v2\/product_cat?post=72987"},{"taxonomy":"product_tag","embeddable":true,"href":"https:\/\/stonehouse.se\/en\/wp-json\/wp\/v2\/product_tag?post=72987"}],"curies":[{"name":"wp","href":"https:\/\/api.w.org\/{rel}","templated":true}]}}