
{"id":73134,"date":"2024-10-03T13:23:23","date_gmt":"2024-10-03T11:23:23","guid":{"rendered":"https:\/\/stonehouse.se\/produkt\/kombitagg-em4200-mifare1k-gul-abs-plus\/"},"modified":"2026-04-09T16:15:47","modified_gmt":"2026-04-09T14:15:47","slug":"kombitagg-em4200-mifare1k-orange-uranus-plus","status":"publish","type":"product","link":"https:\/\/stonehouse.se\/en\/product\/kombitagg-em4200-mifare1k-orange-uranus-plus\/","title":{"rendered":"Kombitagg EM4200 + Mifare1k Uranus Plus Orange"},"content":{"rendered":"<h1>Kombitagg Uranus Plus med EM4200\/Mifare1k<\/h1>\n<h3><strong>Larm \u2013 Passerkontroll \u2013 Bokning\u00a0<\/strong><\/h3>\n<div>\n<h3>V\u00e4lj dina egna systemnummer f\u00f6r b\u00e5de EM4200 (4305, 4102 och 4200) och Mifare1k<\/h3>\n<\/div>\n<p>V\u00e5r \u201cUranus Plus\u201d Kombitagg \u00e4r skapad f\u00f6r att m\u00f6ta de mest kr\u00e4vande behoven inom s\u00e4kerhet och identifiering.<\/p>\n<p>Med sin robusta konstruktion i ABS-material och h\u00e5rda Profil p\u00e5 3,9 mm, erbjuder den en perfekt balans mellan h\u00e5llbarhet och elegans.<\/p>\n<p>Dess stilrena yta g\u00f6r den idealisk f\u00f6r att graveras med standardnummer eller inkludera din logotyp, antingen genom graverat eller f\u00e4rgat utf\u00f6rande.<\/p>\n<p>Oavsett om du beh\u00f6ver en p\u00e5litlig Produkt f\u00f6r passersystem, bes\u00f6kssystem, Bokning, larm, billaddare, lagerhantering\u00a0 eller andra till\u00e4mpningar, s\u00e5 \u00e4r v\u00e5r \u201cUranus Plus\u201d det perfekta valet.<\/p>\n<p>Den finns i m\u00e5nga varianter och vi kan \u00e4ven tillverka den med ditt eget val av chip.<\/p>\n<p>Standard idag idag f\u00f6r passerbrickor \u00e4r: EM4200, Mifare1k, kombinationen av Mifare1k och EM4200, Mifare4k, kombinationen av Mifare4k och EM4200, samt DESFire.<\/p>\n<p>Vi f\u00f6rst\u00e5r vikten av att leverera h\u00f6gkvalitativa RFID-Taggar som uppfyller dagens krav och f\u00f6rv\u00e4ntningar.<\/p>\n<p>D\u00e4rf\u00f6r str\u00e4var vi efter att erbjuda den b\u00e4sta tekniken och kompatibiliteten f\u00f6r att f\u00f6rb\u00e4ttra s\u00e4kerheten och effektiviteten i dina system.<\/p>\n<h3><strong>Anpassad f\u00f6r unika Projekt<\/strong><\/h3>\n<p>F\u00f6rdelarna med v\u00e5ra RFID taggs inkluderar kompatibilitet med olika system\/tekniker samt m\u00f6jligheten att skr\u00e4ddarsy Taggarna f\u00f6r att passa unika Projekt.<\/p>\n<p>Vi kan programmera och integrera olika chip f\u00f6r att m\u00f6ta specifika applikationskrav och skapa anpassade l\u00f6sningar.<\/p>\n<p>Kontakta oss idag f\u00f6r att diskutera dina Projektid\u00e9er och f\u00e5 en skr\u00e4ddarsydd RFID-Taggl\u00f6sning f\u00f6r dina behov.<\/p>\n<h5><strong>Snabb leverans och alltid lagerf\u00f6rd<\/strong><\/h5>\n<p>\u201cUranus Plus\u201d RFID nyckelbricka finns alltid i lager med \u00f6ver 30000 enheter i 6 f\u00e4rger (R\u00f6d, Bl\u00e5, Vit, Svart, Gr\u00f6n, Gul) och med olika chip.<\/p>\n<p>Med hj\u00e4lp av v\u00e5ra lasermaskiner och Programvaror kan du v\u00e4lja logo &amp; unika nummer f\u00f6r gravering med leverans inom 1-3 dagar.<\/p>\n<h3>Som alltid! Rfid Tagg med Originalchip fr\u00e5n<a href=\"https:\/\/www.nxp.com\/\" target=\"_blank\" rel=\"noopener\">\u00a0NXP<\/a>\u00a0and\u00a0<a href=\"https:\/\/www.emmicroelectronic.com\/\" target=\"_blank\" rel=\"noopener\">EM Microelectronic.<\/a><\/h3>\n<p><strong>Passar till allt och alla \u2013 Kombitagg underl\u00e4ttar och framtidss\u00e4krar din RFID<\/strong><\/p>\n<ul>\n<li>Access control system<\/li>\n<li>Bes\u00f6kssystem<\/li>\n<li>Bokning<\/li>\n<li>Larm och s\u00e4kerhetssystem<\/li>\n<\/ul>\n<p><strong>F\u00f6rdelar med \u201cUranus Plus\u201d Kombitagg<\/strong><\/p>\n<ul>\n<li>Robust konstruktion i ABS-material<\/li>\n<li>H\u00e5rd Profil p\u00e5 endast 3,9 mm<\/li>\n<li>M\u00f6jlighet att gravera standardnummer eller inkludera logotyp<\/li>\n<li>Stort utbud av chipvarianter f\u00f6r att passa olika behov och alltid lagerf\u00f6rd.<\/li>\n<\/ul>","protected":false},"excerpt":{"rendered":"<p>V\u00e5r klassiska RFID tag &#8220;Uranus Plus&#8221; &#8211; den perfekta l\u00f6sningen f\u00f6r s\u00e4kerhets- och identifieringssystem. H\u00e4r med dubbla chip i kombitagg: EM4200+Mifare1k chip klara f\u00f6r gravyr eller f\u00e4rglogo. Taggen har \u00e4r utf\u00f6rd i ett h\u00e5rt 3,9 mm tjock ABS material med en elegant yta som passar \u00f6verallt.<\/p>","protected":false},"featured_media":95096,"template":"","meta":{"_acf_changed":false},"product_brand":[],"product_cat":[1448,3543],"product_tag":[1284,1768,1765,3403,1287,2304],"class_list":{"0":"post-73134","1":"product","2":"type-product","3":"status-publish","4":"has-post-thumbnail","6":"product_cat-rfid-tagg-plus","7":"product_cat-alla-taggar-i-butiken","8":"product_tag-ej-lagerfraga","9":"product_tag-kombi-emmif-standard-blank-alpha","10":"product_tag-kombi-emmif-standard-blank-dtc","11":"product_tag-nxp","12":"product_tag-rfid-500","13":"product_tag-stonehouse-produkt","14":"product_shipping_class-postnord-varubrev","15":"pa_brands-stonehouse-security","16":"pa_chip-teknik-kombi-em4200mifare1k","17":"pa_farg-orange","18":"pa_pro-larmsystem-aptus","19":"pa_pro-larmsystem-assa-abs-pro-system","20":"pa_pro-larmsystem-axema","21":"pa_pro-larmsystem-axema-vaka","22":"pa_pro-larmsystem-blank-inga-nummer","23":"pa_pro-larmsystem-cdvi","24":"pa_pro-larmsystem-decimala-nummer","25":"pa_pro-larmsystem-enstaka-siffror-valfria","26":"pa_pro-larmsystem-hexadecimal-nummer","27":"pa_pro-larmsystem-lopnummer-valfria","28":"pa_pro-larmsystem-paxton","29":"pa_pro-larmsystem-rco-abs-pro-system","30":"pa_pro-larmsystem-tidomat","31":"pa_pro-larmsystem-vanderbilt-bewator-entro-8-siffror","32":"pa_pro-larmsystem-vanderbilt-bewator-omnis-bewator-2010-13-siffror","33":"tm-no-options","35":"first","36":"instock","37":"sale","38":"featured","39":"taxable","40":"shipping-taxable","41":"product-type-simple"},"acf":[],"_links":{"self":[{"href":"https:\/\/stonehouse.se\/en\/wp-json\/wp\/v2\/product\/73134","targetHints":{"allow":["GET"]}}],"collection":[{"href":"https:\/\/stonehouse.se\/en\/wp-json\/wp\/v2\/product"}],"about":[{"href":"https:\/\/stonehouse.se\/en\/wp-json\/wp\/v2\/types\/product"}],"wp:featuredmedia":[{"embeddable":true,"href":"https:\/\/stonehouse.se\/en\/wp-json\/wp\/v2\/media\/95096"}],"wp:attachment":[{"href":"https:\/\/stonehouse.se\/en\/wp-json\/wp\/v2\/media?parent=73134"}],"wp:term":[{"taxonomy":"product_brand","embeddable":true,"href":"https:\/\/stonehouse.se\/en\/wp-json\/wp\/v2\/product_brand?post=73134"},{"taxonomy":"product_cat","embeddable":true,"href":"https:\/\/stonehouse.se\/en\/wp-json\/wp\/v2\/product_cat?post=73134"},{"taxonomy":"product_tag","embeddable":true,"href":"https:\/\/stonehouse.se\/en\/wp-json\/wp\/v2\/product_tag?post=73134"}],"curies":[{"name":"wp","href":"https:\/\/api.w.org\/{rel}","templated":true}]}}