
{"id":73228,"date":"2024-10-15T13:31:41","date_gmt":"2024-10-15T11:31:41","guid":{"rendered":"https:\/\/stonehouse.se\/produkt\/varmedetektor-4351e-a-system-sensor-78c-konventionell-s300-termisk-detektor-med-fast-temperatur\/"},"modified":"2026-04-09T11:32:50","modified_gmt":"2026-04-09T09:32:50","slug":"varmedetektor-4351e-a-system-sensor-78c-konventionell-s300-termisk-detektor-med-fast-temperatur","status":"publish","type":"product","link":"https:\/\/stonehouse.se\/en\/product\/varmedetektor-4351e-a-system-sensor-78c-konventionell-s300-termisk-detektor-med-fast-temperatur\/","title":{"rendered":"V\u00e4rmedetektor 4351E-A System Sensor 78\u00b0C &#8211; Konventionell S300- termisk detektor med fast temperatur"},"content":{"rendered":"<div class=\"headernamehrnone\">De tre termiska detektorerna, en 58\u00b0C (5351TE), en 78\u00b0C (4351EA) fast temperatur och en enhet f\u00f6r stigande temperatur (5351EA), anv\u00e4nder toppmoderna termiska element i kombination med applikationsspecifika integrerade kretsar (ASIC) f\u00f6r att ge snabb och exakt detektering av br\u00e4nder genom temperaturniv\u00e5er eller temperaturf\u00f6r\u00e4ndringar. Denna f\u00f6rblir t\u00e4nd tills detektorn \u00e5terst\u00e4lls genom ett tillf\u00e4lligt str\u00f6mavbrott. En valfri LED-annunciator kan anv\u00e4ndas f\u00f6r att upprepa en larmsignal.<\/div>\n<div class=\"row headername\">\n<div class=\"item-header rd-hyg-item-header\"><strong>Huvudsakliga egenskaper<\/strong><\/div>\n<div class=\"row\">\n<ul>\n<li>Automatisk driftkompensation<\/li>\n<li>Dammtolerant kammare med optimal detekteringsprestanda och minimala st\u00f6rande larm mellan underh\u00e5llsbes\u00f6k<\/li>\n<li>Handh\u00e5llen testanordning f\u00f6r programmering<\/li>\n<li>Avancerade underh\u00e5llsfunktioner, implementerade via ett handh\u00e5llet verktyg<\/li>\n<li>L\u00e4s och skriv datum f\u00f6r senaste underh\u00e5ll, kammarens kontamineringsniv\u00e5, v\u00e4rmeelementets v\u00e4rde<\/li>\n<li>Test av automatiskt larm via handh\u00e5llet verktyg<\/li>\n<li>Multifunktionslarm &#8211; normal tv\u00e5f\u00e4rgad LED-indikator<\/li>\n<li>Bak\u00e5tkompatibel med baser i Serie 100<\/li>\n<li>Bred driftsp\u00e4nning: 8-30VDC<\/li>\n<li>Programmerbar k\u00e4nslighet<\/li>\n<\/ul>\n<\/div>\n<\/div>","protected":false},"excerpt":{"rendered":"<p>System Sensor 4351E-A Konventionell S300 78\u00b0C termisk detektor med fast temperatur<\/p>","protected":false},"featured_media":81083,"template":"","meta":{"_acf_changed":false},"product_brand":[],"product_cat":[3696],"product_tag":[],"class_list":{"0":"post-73228","1":"product","2":"type-product","3":"status-publish","4":"has-post-thumbnail","6":"product_cat-300-serien","7":"pa_brands-system-sensor","8":"tm-no-options","10":"first","11":"instock","12":"sale","13":"taxable","14":"shipping-taxable","15":"product-type-simple"},"acf":[],"_links":{"self":[{"href":"https:\/\/stonehouse.se\/en\/wp-json\/wp\/v2\/product\/73228","targetHints":{"allow":["GET"]}}],"collection":[{"href":"https:\/\/stonehouse.se\/en\/wp-json\/wp\/v2\/product"}],"about":[{"href":"https:\/\/stonehouse.se\/en\/wp-json\/wp\/v2\/types\/product"}],"wp:featuredmedia":[{"embeddable":true,"href":"https:\/\/stonehouse.se\/en\/wp-json\/wp\/v2\/media\/81083"}],"wp:attachment":[{"href":"https:\/\/stonehouse.se\/en\/wp-json\/wp\/v2\/media?parent=73228"}],"wp:term":[{"taxonomy":"product_brand","embeddable":true,"href":"https:\/\/stonehouse.se\/en\/wp-json\/wp\/v2\/product_brand?post=73228"},{"taxonomy":"product_cat","embeddable":true,"href":"https:\/\/stonehouse.se\/en\/wp-json\/wp\/v2\/product_cat?post=73228"},{"taxonomy":"product_tag","embeddable":true,"href":"https:\/\/stonehouse.se\/en\/wp-json\/wp\/v2\/product_tag?post=73228"}],"curies":[{"name":"wp","href":"https:\/\/api.w.org\/{rel}","templated":true}]}}