
{"id":73270,"date":"2024-01-24T14:14:27","date_gmt":"2024-01-24T13:14:27","guid":{"rendered":"https:\/\/stonehouse.se\/produkt\/tagg-mifare4k-svart-glasfiber-hd\/"},"modified":"2026-03-31T18:28:39","modified_gmt":"2026-03-31T16:28:39","slug":"tagg-mifare4k-svart-glasfiber-hd","status":"publish","type":"product","link":"https:\/\/stonehouse.se\/en\/product\/tagg-mifare4k-svart-glasfiber-hd\/","title":{"rendered":"Tagg Mifare4k\u00ae Svart Uranus HD  Vandals\u00e4ker &#038; Valfria nummer"},"content":{"rendered":"<p>Uranus HD \u00e4r en t\u00e5lig och p\u00e5litlig tagg f\u00f6r f\u00f6retag, fastigheter och andra verksamheter som beh\u00f6ver en smidig l\u00f6sning f\u00f6r tilltr\u00e4de, identifiering och bokning.<\/p>\n<p>Den \u00e4r tillverkad i ett stenh\u00e5rt material, \u00e4r endast 1,6 mm tunn, samt b\u00e5de vattent\u00e4t och vandals\u00e4ker, vilket g\u00f6r den v\u00e4l l\u00e4mpad f\u00f6r daglig anv\u00e4ndning i kr\u00e4vande milj\u00f6er.<\/p>\n<p><strong>Vi kontaktar dig efter order f\u00f6r dina valfria nummer.<\/strong><\/p>","protected":false},"excerpt":{"rendered":"<p>Tagg Uranus HD. Vandals\u00e4ker,vattent\u00e4t och endast 1.6 mm tunn i ett stenh\u00e5rt glasfibermaterial.<\/p>","protected":false},"featured_media":80563,"template":"","meta":{"_acf_changed":false},"product_brand":[],"product_cat":[3543,362],"product_tag":[1769,3403,2304],"class_list":{"0":"post-73270","1":"product","2":"type-product","3":"status-publish","4":"has-post-thumbnail","6":"product_cat-alla-taggar-i-butiken","7":"product_cat-rfid-tag-hd","8":"product_tag-250-moq-hd","9":"product_tag-nxp","10":"product_tag-stonehouse-produkt","11":"product_shipping_class-postnord-varubrev","12":"pa_brands-stonehouse-security","13":"pa_chip-teknik-mifare4k","14":"pa_farg-svart","15":"pa_sakerhetssystem-aptus-mfd","16":"pa_sakerhetssystem-assa-arx-solid","17":"pa_sakerhetssystem-axema","18":"pa_sakerhetssystem-axema-vaka-access","19":"pa_sakerhetssystem-bewator-vanderbilt-entro-8-siffror","20":"pa_sakerhetssystem-bewator-vanderbilt-omnis-13-siffror","21":"pa_sakerhetssystem-blank-inga-nummer","22":"pa_sakerhetssystem-chipnummer-decimalt","23":"pa_sakerhetssystem-chipnummer-hexadecimalt","24":"pa_sakerhetssystem-paxton","25":"pa_sakerhetssystem-rco","26":"pa_sakerhetssystem-tidomat","27":"pa_tagg-glasfiber-tagg-glasfiber-hd","28":"tm-no-options","30":"first","31":"onbackorder","32":"sale","33":"featured","34":"taxable","35":"shipping-taxable","36":"product-type-simple"},"acf":[],"_links":{"self":[{"href":"https:\/\/stonehouse.se\/en\/wp-json\/wp\/v2\/product\/73270","targetHints":{"allow":["GET"]}}],"collection":[{"href":"https:\/\/stonehouse.se\/en\/wp-json\/wp\/v2\/product"}],"about":[{"href":"https:\/\/stonehouse.se\/en\/wp-json\/wp\/v2\/types\/product"}],"wp:featuredmedia":[{"embeddable":true,"href":"https:\/\/stonehouse.se\/en\/wp-json\/wp\/v2\/media\/80563"}],"wp:attachment":[{"href":"https:\/\/stonehouse.se\/en\/wp-json\/wp\/v2\/media?parent=73270"}],"wp:term":[{"taxonomy":"product_brand","embeddable":true,"href":"https:\/\/stonehouse.se\/en\/wp-json\/wp\/v2\/product_brand?post=73270"},{"taxonomy":"product_cat","embeddable":true,"href":"https:\/\/stonehouse.se\/en\/wp-json\/wp\/v2\/product_cat?post=73270"},{"taxonomy":"product_tag","embeddable":true,"href":"https:\/\/stonehouse.se\/en\/wp-json\/wp\/v2\/product_tag?post=73270"}],"curies":[{"name":"wp","href":"https:\/\/api.w.org\/{rel}","templated":true}]}}