
{"id":73272,"date":"2024-10-17T14:51:14","date_gmt":"2024-10-17T12:51:14","guid":{"rendered":"https:\/\/stonehouse.se\/produkt\/armbagskontakt-jck209-abs-plast-jc-kontakter\/"},"modified":"2025-12-31T21:20:09","modified_gmt":"2025-12-31T20:20:09","slug":"armbagskontakt-jck209-abs-plast-jc-kontakter","status":"publish","type":"product","link":"https:\/\/stonehouse.se\/en\/product\/armbagskontakt-jck209-abs-plast-jc-kontakter\/","title":{"rendered":"Elbow connector JCK209 ABS plastic"},"content":{"rendered":"<h4>Product information<\/h4>\n<section>JCK209 \u00e4r en t\u00e5lig armb\u00e5gskontakt med konvex tryckplatta och taktila rillor. Rillorna underl\u00e4ttar f\u00f6r synsvaga att veta var de ska trycka f\u00f6r att aktivera armb\u00e5gskontakten.<br \/>\nModellen har svart lock f\u00f6r maximal kontrastering mot den ljusgr\u00e5 botten.<br \/>\nJCK209 levereras med 1st mikrobrytare i IP67, men g\u00e5r \u00e4ven att best\u00e4lla med fler.<\/p>\n<h4>Teknisk specifikation<\/h4>\n<ul>\n<li>Tillverkad i Sverige.<\/li>\n<li>Material: \u00c5tervinningsbar ABS-plast.<\/li>\n<li>M\u00e5tt l\/b\/h: 250x95x25 mm.<\/li>\n<li>Mikrobrytare: Standard 1st NO IP67. G\u00e5r att best\u00e4lla med 2st, samt med NO\/NC.<\/li>\n<\/ul>\n<\/section>","protected":false},"excerpt":{"rendered":"<p>Elbow connector JCK209, in ABS plastic. Size 250 x 95 mm. Elbow connector with convex pressure surface &amp; tactile grooves. Black cover and light gray frame.<\/p>","protected":false},"featured_media":89261,"template":"","meta":{"_acf_changed":false},"product_brand":[],"product_cat":[391,3660],"product_tag":[],"class_list":{"0":"post-73272","1":"product","2":"type-product","3":"status-publish","4":"has-post-thumbnail","6":"product_cat-armbagskontakter-dorrautomatik","7":"product_cat-abs-plast","8":"product_shipping_class-tunga-paket","9":"pa_brands-jc-kontakter","10":"tm-no-options","12":"first","13":"instock","14":"sale","15":"taxable","16":"shipping-taxable","17":"product-type-simple"},"acf":[],"_links":{"self":[{"href":"https:\/\/stonehouse.se\/en\/wp-json\/wp\/v2\/product\/73272","targetHints":{"allow":["GET"]}}],"collection":[{"href":"https:\/\/stonehouse.se\/en\/wp-json\/wp\/v2\/product"}],"about":[{"href":"https:\/\/stonehouse.se\/en\/wp-json\/wp\/v2\/types\/product"}],"wp:featuredmedia":[{"embeddable":true,"href":"https:\/\/stonehouse.se\/en\/wp-json\/wp\/v2\/media\/89261"}],"wp:attachment":[{"href":"https:\/\/stonehouse.se\/en\/wp-json\/wp\/v2\/media?parent=73272"}],"wp:term":[{"taxonomy":"product_brand","embeddable":true,"href":"https:\/\/stonehouse.se\/en\/wp-json\/wp\/v2\/product_brand?post=73272"},{"taxonomy":"product_cat","embeddable":true,"href":"https:\/\/stonehouse.se\/en\/wp-json\/wp\/v2\/product_cat?post=73272"},{"taxonomy":"product_tag","embeddable":true,"href":"https:\/\/stonehouse.se\/en\/wp-json\/wp\/v2\/product_tag?post=73272"}],"curies":[{"name":"wp","href":"https:\/\/api.w.org\/{rel}","templated":true}]}}