
{"id":73281,"date":"2024-10-21T09:36:52","date_gmt":"2024-10-21T07:36:52","guid":{"rendered":"https:\/\/stonehouse.se\/?post_type=product&#038;p=73281"},"modified":"2026-04-02T11:18:47","modified_gmt":"2026-04-02T09:18:47","slug":"batteri-2-3-ah-agm-ackumulator","status":"publish","type":"product","link":"https:\/\/stonehouse.se\/en\/product\/batteri-2-3-ah-agm-ackumulator\/","title":{"rendered":"Batteri 12V 2,3 Ah 6-9 \u00c5r"},"content":{"rendered":"<h1>Batteri 2,3Ah UPLUS 6-9 \u00c5r\u00a0 \u2013 Perfekt f\u00f6r inomhusbruk<\/h1>\n<p>Detta\u00a0<strong>batteri 2,3Ah<\/strong>\u00a0\u00e4r utformat f\u00f6r inomhusmilj\u00f6er i klass 1 med en omgivningstemperatur p\u00e5 mellan +5\u00b0C och +40\u00b0C. F\u00f6r att optimera batteriets livsl\u00e4ngd rekommenderas en temperatur p\u00e5 +15\u00b0C till +25\u00b0C. Detta\u00a0<strong>batteri 2,3Ah<\/strong>\u00a0\u00e4r underh\u00e5llsfritt och anv\u00e4nder AGM-teknologi, vilket g\u00f6r det p\u00e5litligt och l\u00e4tt att hantera.<\/p>\n<h3>Produktinformation:<\/h3>\n<ul>\n<li><strong>Batterityp:<\/strong>\u00a012 V underh\u00e5llsfritt AGM-batteri<\/li>\n<li><strong>Kapacitet vid 20\u00b0C:<\/strong>\u00a02.24 Ah<\/li>\n<li><strong>Laddningssp\u00e4nning per cell:<\/strong>\u00a013.65 VDC +\/- 0,2 V<\/li>\n<li><strong>Max rekommenderad laddstr\u00f6m:<\/strong>\u00a00.69A<\/li>\n<li><strong>Sj\u00e4lvurladdning vid f\u00f6rvaring:<\/strong>\u00a03 % av kapaciteten per m\u00e5nad vid 20\u00b0C<\/li>\n<li><strong>F\u00f6rv\u00e4ntad livsl\u00e4ngd:<\/strong>\u00a09 \u00e5r vid 20\u00b0C, 6 \u00e5r vid 25\u00b0C och 3 \u00e5r vid 30\u00b0C<\/li>\n<li><strong>Dimensioner:<\/strong>\u00a0178x35x66 mm<\/li>\n<li><strong>Vikt:<\/strong>\u00a01 kg<\/li>\n<\/ul>\n<p>Detta\u00a0<strong>batteri 2,3Ah<\/strong>\u00a0\u00e4r CE-certifierat och f\u00f6ljer g\u00e4llande direktiv som EMC 2014\/30EU och emission EN61000-6. Med snabb leverans p\u00e5 endast 2 dagar och 12 m\u00e5naders garanti fr\u00e5n produktionsdatum kan du vara trygg med ditt k\u00f6p.<\/p>\n<p>Batteriet levereras med 4,8 mm flatstiftskontakter.<\/p>","protected":false},"excerpt":{"rendered":"<p>Batteri 2.3Ah\u00a0f\u00f6r tele, larm och s\u00e4kerhetsanl\u00e4ggningar.<\/p>","protected":false},"featured_media":81075,"template":"","meta":{"_acf_changed":false},"product_brand":[],"product_cat":[516],"product_tag":[2681],"class_list":{"0":"post-73281","1":"product","2":"type-product","3":"status-publish","4":"has-post-thumbnail","6":"product_cat-ackumulator-batteri","7":"product_tag-batteri-1-6-ah","8":"product_shipping_class-tunga-paket","9":"pa_brands-uplus","10":"tm-no-options","12":"first","13":"instock","14":"sale","15":"featured","16":"taxable","17":"shipping-taxable","18":"product-type-simple"},"acf":[],"_links":{"self":[{"href":"https:\/\/stonehouse.se\/en\/wp-json\/wp\/v2\/product\/73281","targetHints":{"allow":["GET"]}}],"collection":[{"href":"https:\/\/stonehouse.se\/en\/wp-json\/wp\/v2\/product"}],"about":[{"href":"https:\/\/stonehouse.se\/en\/wp-json\/wp\/v2\/types\/product"}],"wp:featuredmedia":[{"embeddable":true,"href":"https:\/\/stonehouse.se\/en\/wp-json\/wp\/v2\/media\/81075"}],"wp:attachment":[{"href":"https:\/\/stonehouse.se\/en\/wp-json\/wp\/v2\/media?parent=73281"}],"wp:term":[{"taxonomy":"product_brand","embeddable":true,"href":"https:\/\/stonehouse.se\/en\/wp-json\/wp\/v2\/product_brand?post=73281"},{"taxonomy":"product_cat","embeddable":true,"href":"https:\/\/stonehouse.se\/en\/wp-json\/wp\/v2\/product_cat?post=73281"},{"taxonomy":"product_tag","embeddable":true,"href":"https:\/\/stonehouse.se\/en\/wp-json\/wp\/v2\/product_tag?post=73281"}],"curies":[{"name":"wp","href":"https:\/\/api.w.org\/{rel}","templated":true}]}}