
{"id":73284,"date":"2024-10-21T12:39:32","date_gmt":"2024-10-21T10:39:32","guid":{"rendered":"https:\/\/stonehouse.se\/produkt\/ajax-domecam-mini-8mp-2-8mm-lins-vit\/"},"modified":"2026-04-05T21:51:32","modified_gmt":"2026-04-05T19:51:32","slug":"ajax-domecam-mini-8mp-28mm-lins-vit","status":"publish","type":"product","link":"https:\/\/stonehouse.se\/en\/product\/ajax-domecam-mini-8mp-28mm-lins-vit\/","title":{"rendered":"Ajax DomeCam Mini 8MP &#8211; 2.8mm Lins Vit"},"content":{"rendered":"<h3><strong>Ajax DomeCam Mini 8MP<\/strong> \u00e4r en kraftfull, h\u00f6guppl\u00f6st s\u00e4kerhetskamera som kombinerar avancerad teknologi och design f\u00f6r att ge p\u00e5litlig \u00f6vervakning f\u00f6r b\u00e5de inomhus- och utomhusbruk.<\/h3>\n<p>Utrustad med en 8MP UHD-kamera och en 2.8mm lins, \u00e4r denna kamera perfekt f\u00f6r att \u00f6vervaka ing\u00e5ngar, g\u00e5rdar och \u00f6ppna omr\u00e5den, och s\u00e4kerst\u00e4lla att du aldrig missar n\u00e5gon viktig h\u00e4ndelse.<\/p>\n<p>En av de mest framst\u00e5ende funktionerna i Ajax DomeCam Mini \u00e4r den AI-baserade objektigenk\u00e4nningen.<\/p>\n<p>Kameran anv\u00e4nder artificiell intelligens f\u00f6r att k\u00e4nna igen m\u00e4nniskor, fordon och husdjur, vilket minskar antalet falska larm.<\/p>\n<p>Detta g\u00f6r den s\u00e4rskilt effektiv i milj\u00f6er d\u00e4r det kan finnas m\u00e5nga r\u00f6relser, som p\u00e5 g\u00e5rdar, i tr\u00e4dg\u00e5rdar eller vid ing\u00e5ngar.<\/p>\n<p>Genom att filtrera bort irrelevant r\u00f6relse kan kameran skicka ett meddelande n\u00e4r en verklig s\u00e4kerhetshot uppst\u00e5r, vilket \u00f6kar s\u00e4kerheten och minskar \u00f6verfl\u00f6diga larm.<\/p>\n<p>Kamerans imponerande 8MP-uppl\u00f6sning (3840 x 2160) och st\u00f6d f\u00f6r upp till 20 bilder per sekund ger kristallklara bilder och en detaljerad \u00f6versikt av det \u00f6vervakade omr\u00e5det.<\/p>\n<p>Tillsammans med den breda 110\u00b0 betraktningsvinkeln och 2.8mm-linsen ger kameran en stor t\u00e4ckning av ditt omr\u00e5de och g\u00f6r den idealisk f\u00f6r att f\u00e5nga detaljer \u00e4ven i stora \u00f6ppna utrymmen.<\/p>\n<p>Oavsett om det handlar om att \u00f6vervaka en entr\u00e9, en parkering eller en stor tr\u00e4dg\u00e5rd, kan du f\u00f6rv\u00e4nta dig en h\u00f6guppl\u00f6st bild med detaljer som g\u00f6r att du kan identifiera personer, fordon eller andra objekt.<\/p>\n<p>F\u00f6r att s\u00e4kerst\u00e4lla att kameran fungerar optimalt i alla ljusf\u00f6rh\u00e5llanden, har Ajax DomeCam Mini utrustats med True WDR och HDR-teknik, som g\u00f6r att den kan hantera utmanande ljusf\u00f6rh\u00e5llanden som starkt solljus eller djupa skuggor.<\/p>\n<p>Med denna funktion f\u00e5r du alltid en balanserad och tydlig bild, \u00e4ven i extrema ljusf\u00f6rh\u00e5llanden.<\/p>\n<p>F\u00f6r att ytterligare f\u00f6rb\u00e4ttra bildkvaliteten vid d\u00e5ligt ljus har kameran en smart IR-belysning. IR-belysningen n\u00e5r upp till 15 meter och justerar ljusstyrkan automatiskt beroende p\u00e5 omgivningen, vilket f\u00f6rhindrar \u00f6verexponering och s\u00e4kerst\u00e4ller att bilderna alltid \u00e4r tydliga, \u00e4ven n\u00e4r det \u00e4r m\u00f6rkt.<\/p>\n<p>Ajax DomeCam Mini har ocks\u00e5 st\u00f6d f\u00f6r Power over Ethernet (PoE), vilket g\u00f6r installationen enkel och smidig. Genom att anv\u00e4nda PoE kan du b\u00e5de str\u00f6mf\u00f6rs\u00f6rja och ansluta kameran till ditt n\u00e4tverk med en enda kabel.<\/p>\n<p>Detta g\u00f6r kameran b\u00e5de kostnadseffektiv och praktisk att installera i b\u00e5de bost\u00e4der och kommersiella fastigheter. Alternativt kan kameran anslutas med en 12V DC-str\u00f6mf\u00f6rs\u00f6rjning.<\/p>\n<p>Kameran \u00e4r IP65-klassad, vilket g\u00f6r den v\u00e4derbest\u00e4ndig och perfekt f\u00f6r b\u00e5de inomhus- och utomhusbruk. Oavsett om den uts\u00e4tts f\u00f6r regn, sn\u00f6 eller solsken, fungerar Ajax DomeCam Mini utan problem och ger dig tillf\u00f6rlitlig \u00f6vervakning \u00e5ret runt.<\/p>\n<p>Den robusta metallkonstruktionen g\u00f6r den ocks\u00e5 vandal\u00e5terh\u00e5llande och skyddar den mot fysiskt angrepp, vilket g\u00f6r den idealisk f\u00f6r anv\u00e4ndning i utsatta milj\u00f6er.<\/p>\n<p>En annan viktig funktion i Ajax DomeCam Mini \u00e4r dess inbyggda mikrofon. Denna funktion g\u00f6r det m\u00f6jligt att spela in ljud tillsammans med videomaterial, vilket ger en extra dimension till \u00f6vervakningen och hj\u00e4lper till att skapa en mer komplett bild av vad som h\u00e4nder i omr\u00e5det.<\/p>\n<p>F\u00f6r lagring har kameran st\u00f6d f\u00f6r microSD-kort p\u00e5 upp till 256 GB, vilket ger lokalt lagringsutrymme f\u00f6r videomaterial.<\/p>\n<p>Alternativt kan kameran anslutas till en NVR (Network Video Recorder) f\u00f6r centraliserad lagring, och st\u00f6d f\u00f6r h\u00e5rddiskar upp till 16 TB g\u00f6r det m\u00f6jligt att lagra stora m\u00e4ngder video f\u00f6r st\u00f6rre \u00f6vervakningssystem.<\/p>\n<p>F\u00f6r att s\u00e4kerst\u00e4lla h\u00f6gsta m\u00f6jliga s\u00e4kerhet och integritet \u00e4r Ajax DomeCam Mini utrustad med mTLS-kryptering f\u00f6r videostr\u00f6mmar och data. Detta skyddar all kommunikation fr\u00e5n obeh\u00f6rig \u00e5tkomst och garanterar att all information \u00e4r s\u00e4ker.<\/p>\n<p>Kameran \u00e4r ocks\u00e5 kompatibel med Ajax Go-appen, som ger enkel fj\u00e4rr\u00e5tkomst och kontroll \u00f6ver kamerans funktioner.<\/p>\n<p>Med appen kan du visa live-videostr\u00f6mmar, ta sk\u00e4rmdumpar, spela upp tidigare inspelat material och justera kamerainst\u00e4llningarna \u2013 allt fr\u00e5n din smartphone eller dator.<\/p>\n<p>Sammanfattningsvis erbjuder Ajax DomeCam Mini 8MP en p\u00e5litlig, h\u00f6guppl\u00f6st och v\u00e4derbest\u00e4ndig l\u00f6sning f\u00f6r b\u00e5de inomhus- och utomhus\u00f6vervakning.<\/p>\n<p>Med funktioner som AI-baserad objektigenk\u00e4nning, smart IR-belysning, PoE-st\u00f6d och h\u00f6gkvalitativ video, \u00e4r den perfekt f\u00f6r att s\u00e4kerst\u00e4lla s\u00e4kerheten p\u00e5 b\u00e5de privata och kommersiella fastigheter.<\/p>","protected":false},"excerpt":{"rendered":"<p>Ajax DomeCam Mini 8MP \u00e4r en kraftfull och kompakt s\u00e4kerhetskamera som ger p\u00e5litlig \u00f6vervakning b\u00e5de inomhus och utomhus.<\/p>\n<p>Utrustad med AI-baserad objektigenk\u00e4nning och en bred 110\u00b0 betraktningsvinkel, erbjuder kameran kristallklara 4K-bilder \u00e4ven i svagt ljus.<\/p>\n<p>Den \u00e4r v\u00e4derbest\u00e4ndig med IP65-klassning och har smart IR-belysning f\u00f6r optimal nattvakt.<\/p>\n<p>Perfekt f\u00f6r bost\u00e4der, f\u00f6retag och offentliga platser.<\/p>","protected":false},"featured_media":91556,"template":"","meta":{"_acf_changed":false},"product_brand":[],"product_cat":[3541],"product_tag":[3726],"class_list":{"0":"post-73284","1":"product","2":"type-product","3":"status-publish","4":"has-post-thumbnail","6":"product_cat-ajax-kameror-nvr","7":"product_tag-pf","8":"pa_brands-ajax-systems","9":"pa_farg-vit","10":"tm-no-options","12":"first","13":"instock","14":"sale","15":"taxable","16":"shipping-taxable","17":"product-type-simple"},"acf":[],"_links":{"self":[{"href":"https:\/\/stonehouse.se\/en\/wp-json\/wp\/v2\/product\/73284","targetHints":{"allow":["GET"]}}],"collection":[{"href":"https:\/\/stonehouse.se\/en\/wp-json\/wp\/v2\/product"}],"about":[{"href":"https:\/\/stonehouse.se\/en\/wp-json\/wp\/v2\/types\/product"}],"wp:featuredmedia":[{"embeddable":true,"href":"https:\/\/stonehouse.se\/en\/wp-json\/wp\/v2\/media\/91556"}],"wp:attachment":[{"href":"https:\/\/stonehouse.se\/en\/wp-json\/wp\/v2\/media?parent=73284"}],"wp:term":[{"taxonomy":"product_brand","embeddable":true,"href":"https:\/\/stonehouse.se\/en\/wp-json\/wp\/v2\/product_brand?post=73284"},{"taxonomy":"product_cat","embeddable":true,"href":"https:\/\/stonehouse.se\/en\/wp-json\/wp\/v2\/product_cat?post=73284"},{"taxonomy":"product_tag","embeddable":true,"href":"https:\/\/stonehouse.se\/en\/wp-json\/wp\/v2\/product_tag?post=73284"}],"curies":[{"name":"wp","href":"https:\/\/api.w.org\/{rel}","templated":true}]}}