
{"id":78959,"date":"2024-11-14T09:39:35","date_gmt":"2024-11-14T08:39:35","guid":{"rendered":"https:\/\/stonehouse.se\/?post_type=product&#038;p=78959"},"modified":"2026-04-09T11:32:46","modified_gmt":"2026-04-09T09:32:46","slug":"risco-vaggfaste-med-solcellsmodul-for-beyond-dt-detektorer","status":"publish","type":"product","link":"https:\/\/stonehouse.se\/en\/product\/risco-vaggfaste-med-solcellsmodul-for-beyond-dt-detektorer\/","title":{"rendered":"RISCO V\u00e4ggf\u00e4ste med solcellsmodul &#8211; F\u00f6r Beyond DT detektorer"},"content":{"rendered":"<h1>RISCO V\u00e4ggf\u00e4ste med solcellsmodul &#8211; F\u00f6r Beyond DT detektorer<\/h1>\n<p data-start=\"374\" data-end=\"942\">RISCO V\u00e4ggf\u00e4ste med solcellsmodul erbjuder en milj\u00f6v\u00e4nlig och kostnadseffektiv l\u00f6sning f\u00f6r att f\u00f6rb\u00e4ttra batteritiden f\u00f6r Beyond DT och Beyond DT Cam tr\u00e5dl\u00f6sa detektorer.<\/p>\n<p data-start=\"374\" data-end=\"942\">Den solcellsdrivna modulen \u00e4r utrustad med ett roterbart f\u00e4ste p\u00e5 180\u00ba, vilket g\u00f6r det enkelt att justera panelen f\u00f6r optimal solenergiupptagning.<\/p>\n<p data-start=\"374\" data-end=\"942\">Det integrerade, \u00e5teruppladdningsbara batteriet laddas av solpanelen och anv\u00e4nds f\u00f6r att komplettera de vanliga batterierna i detektorn, vilket f\u00f6rl\u00e4nger livsl\u00e4ngden p\u00e5 batterierna och minskar behovet av att byta batterier ofta.<\/p>\n<p data-start=\"944\" data-end=\"1196\">Detta v\u00e4ggf\u00e4ste \u00e4r enkelt att installera och fungerar som ett perfekt komplement f\u00f6r tr\u00e5dl\u00f6sa s\u00e4kerhetsl\u00f6sningar som Beyond DT och Beyond DT Cam.<\/p>\n<p data-start=\"944\" data-end=\"1196\">Den solcellsdrivna modulen g\u00f6r det till en mer h\u00e5llbar l\u00f6sning, samtidigt som den h\u00e5ller kostnaderna nere.<\/p>\n<p data-start=\"1198\" data-end=\"1227\"><strong data-start=\"1198\" data-end=\"1227\">Tekniska Specifikationer:<\/strong><\/p>\n<ul data-start=\"1228\" data-end=\"1625\">\n<li data-start=\"1228\" data-end=\"1265\">\n<p data-start=\"1230\" data-end=\"1265\">Modell: V\u00e4ggf\u00e4ste med solcellsmodul<\/p>\n<\/li>\n<li data-start=\"1266\" data-end=\"1331\">\n<p data-start=\"1268\" data-end=\"1331\">Kompatibilitet: Beyond DT och Beyond DT Cam tr\u00e5dl\u00f6sa detektorer<\/p>\n<\/li>\n<li data-start=\"1332\" data-end=\"1418\">\n<p data-start=\"1334\" data-end=\"1418\">Funktioner: 180\u00ba rotation, integrerat solcellsmodul med \u00e5teruppladdningsbart batteri<\/p>\n<\/li>\n<li data-start=\"1419\" data-end=\"1483\">\n<p data-start=\"1421\" data-end=\"1483\">Str\u00f6mf\u00f6rs\u00f6rjning: 1 x CR123A batteri (kompletteras av solcell)<\/p>\n<\/li>\n<li data-start=\"1484\" data-end=\"1508\">\n<p data-start=\"1486\" data-end=\"1508\">M\u00e5tt: 124 x 35 x 42 mm<\/p>\n<\/li>\n<li data-start=\"1509\" data-end=\"1523\">\n<p data-start=\"1511\" data-end=\"1523\">F\u00e4rg: Silver<\/p>\n<\/li>\n<li data-start=\"1524\" data-end=\"1551\">\n<p data-start=\"1526\" data-end=\"1551\">Anv\u00e4ndning: V\u00e4ggmontering<\/p>\n<\/li>\n<li data-start=\"1552\" data-end=\"1576\">\n<p data-start=\"1554\" data-end=\"1576\">Certifiering: CE-m\u00e4rkt<\/p>\n<\/li>\n<li data-start=\"1577\" data-end=\"1600\">\n<p data-start=\"1579\" data-end=\"1600\">Rotation: 180\u00ba swivel<\/p>\n<\/li>\n<li data-start=\"1601\" data-end=\"1625\">\n<p data-start=\"1603\" data-end=\"1625\">Vikt: L\u00e4tt och kompakt<\/p>\n<\/li>\n<\/ul>","protected":false},"excerpt":{"rendered":"<p>RISCO V\u00e4ggf\u00e4ste med solcellsmodul \u00e4r designat f\u00f6r att anv\u00e4ndas med Beyond DT och Beyond DT Cam tr\u00e5dl\u00f6sa detektorer.<\/p>\n<p>Det har en roterbar solpanel (180\u00ba) och en integrerad \u00e5teruppladdningsbar batteril\u00f6sning f\u00f6r l\u00e4ngre batteritid.<\/p>","protected":false},"featured_media":93740,"template":"","meta":{"_acf_changed":false},"product_brand":[],"product_cat":[2723],"product_tag":[],"class_list":{"0":"post-78959","1":"product","2":"type-product","3":"status-publish","4":"has-post-thumbnail","6":"product_cat-utomhusdetektorer","7":"pa_brands-4risco","8":"tm-no-options","10":"first","11":"instock","12":"sale","13":"taxable","14":"shipping-taxable","15":"product-type-simple"},"acf":[],"_links":{"self":[{"href":"https:\/\/stonehouse.se\/en\/wp-json\/wp\/v2\/product\/78959","targetHints":{"allow":["GET"]}}],"collection":[{"href":"https:\/\/stonehouse.se\/en\/wp-json\/wp\/v2\/product"}],"about":[{"href":"https:\/\/stonehouse.se\/en\/wp-json\/wp\/v2\/types\/product"}],"wp:featuredmedia":[{"embeddable":true,"href":"https:\/\/stonehouse.se\/en\/wp-json\/wp\/v2\/media\/93740"}],"wp:attachment":[{"href":"https:\/\/stonehouse.se\/en\/wp-json\/wp\/v2\/media?parent=78959"}],"wp:term":[{"taxonomy":"product_brand","embeddable":true,"href":"https:\/\/stonehouse.se\/en\/wp-json\/wp\/v2\/product_brand?post=78959"},{"taxonomy":"product_cat","embeddable":true,"href":"https:\/\/stonehouse.se\/en\/wp-json\/wp\/v2\/product_cat?post=78959"},{"taxonomy":"product_tag","embeddable":true,"href":"https:\/\/stonehouse.se\/en\/wp-json\/wp\/v2\/product_tag?post=78959"}],"curies":[{"name":"wp","href":"https:\/\/api.w.org\/{rel}","templated":true}]}}