
{"id":79315,"date":"2024-12-02T14:21:52","date_gmt":"2024-12-02T13:21:52","guid":{"rendered":"https:\/\/stonehouse.se\/produkt\/relabox-io-5008-gen2\/"},"modified":"2026-04-08T16:49:04","modified_gmt":"2026-04-08T14:49:04","slug":"relabox-io-5008-gen2","status":"publish","type":"product","link":"https:\/\/stonehouse.se\/en\/product\/relabox-io-5008-gen2\/","title":{"rendered":"REL\u00c4BOX IO-5008 GEN2"},"content":{"rendered":"","protected":false},"excerpt":{"rendered":"<p>I\/O enhet (ut enhet) med 8 utg\u00e5ngar. Anv\u00e4nds f\u00f6r att ansluta tillbeh\u00f6r s\u00e5som ell\u00e5s, d\u00f6rrautomatik, hisstyrning och andra ev. tillbeh\u00f6r. Ansluts mot UC-50 via lokalbuss RS-485. Matningssp\u00e4nning: 10-27,3VDC. Str\u00f6mf\u00f6rbrukning: Max 46mA @24VDC.<\/p>","protected":false},"featured_media":79787,"template":"","meta":{"_acf_changed":false},"product_brand":[],"product_cat":[3470],"product_tag":[],"class_list":{"0":"post-79315","1":"product","2":"type-product","3":"status-publish","4":"has-post-thumbnail","6":"product_cat-rco-larmsandare-rela","7":"product_shipping_class-tunga-paket","8":"pa_brands-rco","9":"pa_farg-vit","10":"tm-no-options","12":"first","13":"instock","14":"sale","15":"taxable","16":"shipping-taxable","17":"product-type-simple"},"acf":[],"_links":{"self":[{"href":"https:\/\/stonehouse.se\/en\/wp-json\/wp\/v2\/product\/79315","targetHints":{"allow":["GET"]}}],"collection":[{"href":"https:\/\/stonehouse.se\/en\/wp-json\/wp\/v2\/product"}],"about":[{"href":"https:\/\/stonehouse.se\/en\/wp-json\/wp\/v2\/types\/product"}],"wp:featuredmedia":[{"embeddable":true,"href":"https:\/\/stonehouse.se\/en\/wp-json\/wp\/v2\/media\/79787"}],"wp:attachment":[{"href":"https:\/\/stonehouse.se\/en\/wp-json\/wp\/v2\/media?parent=79315"}],"wp:term":[{"taxonomy":"product_brand","embeddable":true,"href":"https:\/\/stonehouse.se\/en\/wp-json\/wp\/v2\/product_brand?post=79315"},{"taxonomy":"product_cat","embeddable":true,"href":"https:\/\/stonehouse.se\/en\/wp-json\/wp\/v2\/product_cat?post=79315"},{"taxonomy":"product_tag","embeddable":true,"href":"https:\/\/stonehouse.se\/en\/wp-json\/wp\/v2\/product_tag?post=79315"}],"curies":[{"name":"wp","href":"https:\/\/api.w.org\/{rel}","templated":true}]}}