
{"id":79317,"date":"2024-12-02T14:21:52","date_gmt":"2024-12-02T13:21:52","guid":{"rendered":"https:\/\/stonehouse.se\/produkt\/modul-tcp-ip-ip-50-gen2\/"},"modified":"2026-04-08T16:46:06","modified_gmt":"2026-04-08T14:46:06","slug":"modul-tcp-ip-ip-50-gen2","status":"publish","type":"product","link":"https:\/\/stonehouse.se\/en\/product\/modul-tcp-ip-ip-50-gen2\/","title":{"rendered":"MODUL TCP\/IP IP-50 GEN2"},"content":{"rendered":"<p>TCP\/IP-modul till UC-50. F\u00f6r anslutning av undercentralen UC-50 i ett n\u00e4tverk. Kan \u00e4ven anv\u00e4ndas som minnesutbyggnad till UC-50. F\u00f6ljer undercentralens larmklass.Certifierad enligt SSF 1014, Larmklass 1-4, certifikatsnummer: 8-561.OBS! IP-50 Gen2 kan endast anv\u00e4ndas tillsammans med UC-50 Gen2. OBS!Str\u00f6mf\u00f6rbrukning: 23mA<\/p>","protected":false},"excerpt":{"rendered":"<p>TCP\/IP-modul till UC-50. F\u00f6r anslutning av undercentralen UC-50 i ett n\u00e4tverk. Kan \u00e4ven anv\u00e4ndas som minnesutbyggnad till UC-50. F\u00f6ljer undercentralens<\/p>","protected":false},"featured_media":80086,"template":"","meta":{"_acf_changed":false},"product_brand":[],"product_cat":[3470],"product_tag":[],"class_list":{"0":"post-79317","1":"product","2":"type-product","3":"status-publish","4":"has-post-thumbnail","6":"product_cat-rco-larmsandare-rela","7":"product_shipping_class-tunga-paket","8":"pa_brands-rco","9":"pa_farg-gron","10":"tm-no-options","12":"first","13":"instock","14":"sale","15":"taxable","16":"shipping-taxable","17":"product-type-simple"},"acf":[],"_links":{"self":[{"href":"https:\/\/stonehouse.se\/en\/wp-json\/wp\/v2\/product\/79317","targetHints":{"allow":["GET"]}}],"collection":[{"href":"https:\/\/stonehouse.se\/en\/wp-json\/wp\/v2\/product"}],"about":[{"href":"https:\/\/stonehouse.se\/en\/wp-json\/wp\/v2\/types\/product"}],"wp:featuredmedia":[{"embeddable":true,"href":"https:\/\/stonehouse.se\/en\/wp-json\/wp\/v2\/media\/80086"}],"wp:attachment":[{"href":"https:\/\/stonehouse.se\/en\/wp-json\/wp\/v2\/media?parent=79317"}],"wp:term":[{"taxonomy":"product_brand","embeddable":true,"href":"https:\/\/stonehouse.se\/en\/wp-json\/wp\/v2\/product_brand?post=79317"},{"taxonomy":"product_cat","embeddable":true,"href":"https:\/\/stonehouse.se\/en\/wp-json\/wp\/v2\/product_cat?post=79317"},{"taxonomy":"product_tag","embeddable":true,"href":"https:\/\/stonehouse.se\/en\/wp-json\/wp\/v2\/product_tag?post=79317"}],"curies":[{"name":"wp","href":"https:\/\/api.w.org\/{rel}","templated":true}]}}