
{"id":79328,"date":"2024-12-02T14:56:10","date_gmt":"2024-12-02T13:56:10","guid":{"rendered":"https:\/\/stonehouse.se\/?post_type=product&#038;p=79328"},"modified":"2026-04-08T16:45:00","modified_gmt":"2026-04-08T14:45:00","slug":"lasare-prox-mif-509-ks-tb-485","status":"publish","type":"product","link":"https:\/\/stonehouse.se\/en\/product\/lasare-prox-mif-509-ks-tb-485\/","title":{"rendered":"L\u00c4SARE PROX\/MIF-509 KS TB-485"},"content":{"rendered":"<p>Kortl\u00e4sare Prox\/MIF-509 KS (TB-485). Denna 509 modell ansluts till RCO DB eller DIO enheter.L\u00e4saren \u00e4r fullt integrerad i R-CARD 5000-systemet och kan anv\u00e4ndas som initieringsl\u00e4sare f\u00f6r alla v\u00e5ra offlinel\u00e4sare. Den erbjuds med l\u00e4stekniken Desfire EV2\/Mifare Classic eller som en kombination med b\u00e5de Desfire EV2\/Mifare Classic och Prox. Denna modell har st\u00f6d f\u00f6r Desfire EV2\/Mifare Classic och Prox. Prox\/MIF-509 passar lika bra ute som inne, har en h\u00f6guppl\u00f6st 2,8 tums display och v\u00e4lbelyst knappsats. Anvisningar till anv\u00e4ndaren visas tydligt med stora ikoner i displayen. Lika tydligt visas information om d\u00f6rrens status, om den \u00e4r ol\u00e5st samt om larmet \u00e4r till- eller fr\u00e5nkopplat.L\u00e4sarens bakgrundsbild kan enkelt bytas till en egen logotyp och valfri v\u00e4lkomsttext kan skrivas in f\u00f6r att matcha er profil. Smarta funktioner g\u00f6r det m\u00f6jligt att byta pinkod direkt i l\u00e4saren. Ni kan \u00e4ven till- eller fr\u00e5nkoppla era larmomr\u00e5den tack vare den stora sk\u00e4rmen och det tydliga menysystemet. L\u00e4saren erbjuder en mycket h\u00f6g IK klassning (h\u00f6g t\u00e5lighet mot yttre p\u00e5verkan), IK08. F\u00f6r att ytterligare skydda l\u00e4saren erbjuds flera olika tillval s\u00e5som vandalskydd, kantskydd &amp; regnskydd.Prox\/MIF-509 finns i f\u00e4rgkombinationerna svart och gr\u00e5\/svart.Certifierad enligt SSF 1014, Larmklass 4, certifikatsnummer: 16-421.Str\u00f6mf\u00f6rbrukning: Max 65mA @24VDC.<\/p>","protected":false},"excerpt":{"rendered":"<p>Kortl\u00e4sare Prox\/MIF-509 KS (TB-485). Denna 509 modell ansluts till RCO DB eller DIO enheter.L\u00e4saren \u00e4r fullt integrerad i R-CARD 5000-systemet<\/p>","protected":false},"featured_media":79910,"template":"","meta":{"_acf_changed":false},"product_brand":[],"product_cat":[3469],"product_tag":[],"class_list":{"0":"post-79328","1":"product","2":"type-product","3":"status-publish","4":"has-post-thumbnail","6":"product_cat-rco-passer-lasare-port","7":"product_shipping_class-tunga-paket","8":"pa_brands-rco","9":"pa_farg-svart","10":"tm-no-options","12":"first","13":"outofstock","14":"sale","15":"taxable","16":"shipping-taxable","17":"product-type-simple"},"acf":[],"_links":{"self":[{"href":"https:\/\/stonehouse.se\/en\/wp-json\/wp\/v2\/product\/79328","targetHints":{"allow":["GET"]}}],"collection":[{"href":"https:\/\/stonehouse.se\/en\/wp-json\/wp\/v2\/product"}],"about":[{"href":"https:\/\/stonehouse.se\/en\/wp-json\/wp\/v2\/types\/product"}],"wp:featuredmedia":[{"embeddable":true,"href":"https:\/\/stonehouse.se\/en\/wp-json\/wp\/v2\/media\/79910"}],"wp:attachment":[{"href":"https:\/\/stonehouse.se\/en\/wp-json\/wp\/v2\/media?parent=79328"}],"wp:term":[{"taxonomy":"product_brand","embeddable":true,"href":"https:\/\/stonehouse.se\/en\/wp-json\/wp\/v2\/product_brand?post=79328"},{"taxonomy":"product_cat","embeddable":true,"href":"https:\/\/stonehouse.se\/en\/wp-json\/wp\/v2\/product_cat?post=79328"},{"taxonomy":"product_tag","embeddable":true,"href":"https:\/\/stonehouse.se\/en\/wp-json\/wp\/v2\/product_tag?post=79328"}],"curies":[{"name":"wp","href":"https:\/\/api.w.org\/{rel}","templated":true}]}}