
{"id":79330,"date":"2024-12-02T14:56:10","date_gmt":"2024-12-02T13:56:10","guid":{"rendered":"https:\/\/stonehouse.se\/?post_type=product&#038;p=79330"},"modified":"2026-04-08T16:47:27","modified_gmt":"2026-04-08T14:47:27","slug":"lasare-vandalsaker-mif-66-ut-s","status":"publish","type":"product","link":"https:\/\/stonehouse.se\/en\/product\/lasare-vandalsaker-mif-66-ut-s\/","title":{"rendered":"L\u00c4SARE VANDALS\u00c4KER MIF-66 UT S"},"content":{"rendered":"<p>Kortl\u00e4sare MIF-66 ansluts till RCO DB eller DIO enheter.L\u00e4saren \u00e4r fullt integrerad i R-CARD 5000-systemet och kan anv\u00e4ndas som initieringsl\u00e4sare f\u00f6r alla v\u00e5ra offlinel\u00e4sare. MIF-66 erbjuds med l\u00e4stekniken Desfire EV2\/Mifare Classic.MIF-66 passar lika bra ute som inne och \u00e4r en av marknadens minsta ber\u00f6ringsfria l\u00e4sare, vilket g\u00f6r den b\u00e5de diskret och l\u00e4ttplacerad. L\u00e4saren kan monteras p\u00e5 d\u00f6rrkarmen eller direkt p\u00e5 d\u00f6rren. MIF-66 klarar h\u00e5rda tag som slag, sparkar samt eld med\u00f6ppen l\u00e5ga. MIF-66 \u00e4r utf\u00f6rd i makrolon som \u00e4r ett mycket slagt\u00e5ligt material.MIF-509 finns i f\u00e4rgkombinationerna svart och gr\u00e5.Str\u00f6mf\u00f6rbrukning: Max 55mA @24VDC.<\/p>","protected":false},"excerpt":{"rendered":"<p>Kortl\u00e4sare MIF-66 ansluts till RCO DB eller DIO enheter.L\u00e4saren \u00e4r fullt integrerad i R-CARD 5000-systemet och kan anv\u00e4ndas som initieringsl\u00e4sare<\/p>","protected":false},"featured_media":79906,"template":"","meta":{"_acf_changed":false},"product_brand":[],"product_cat":[3469],"product_tag":[],"class_list":{"0":"post-79330","1":"product","2":"type-product","3":"status-publish","4":"has-post-thumbnail","6":"product_cat-rco-passer-lasare-port","7":"product_shipping_class-tunga-paket","8":"pa_brands-rco","9":"pa_farg-svart","10":"tm-no-options","12":"first","13":"instock","14":"sale","15":"taxable","16":"shipping-taxable","17":"product-type-simple"},"acf":[],"_links":{"self":[{"href":"https:\/\/stonehouse.se\/en\/wp-json\/wp\/v2\/product\/79330","targetHints":{"allow":["GET"]}}],"collection":[{"href":"https:\/\/stonehouse.se\/en\/wp-json\/wp\/v2\/product"}],"about":[{"href":"https:\/\/stonehouse.se\/en\/wp-json\/wp\/v2\/types\/product"}],"wp:featuredmedia":[{"embeddable":true,"href":"https:\/\/stonehouse.se\/en\/wp-json\/wp\/v2\/media\/79906"}],"wp:attachment":[{"href":"https:\/\/stonehouse.se\/en\/wp-json\/wp\/v2\/media?parent=79330"}],"wp:term":[{"taxonomy":"product_brand","embeddable":true,"href":"https:\/\/stonehouse.se\/en\/wp-json\/wp\/v2\/product_brand?post=79330"},{"taxonomy":"product_cat","embeddable":true,"href":"https:\/\/stonehouse.se\/en\/wp-json\/wp\/v2\/product_cat?post=79330"},{"taxonomy":"product_tag","embeddable":true,"href":"https:\/\/stonehouse.se\/en\/wp-json\/wp\/v2\/product_tag?post=79330"}],"curies":[{"name":"wp","href":"https:\/\/api.w.org\/{rel}","templated":true}]}}