
{"id":79334,"date":"2024-12-02T14:56:11","date_gmt":"2024-12-02T13:56:11","guid":{"rendered":"https:\/\/stonehouse.se\/?post_type=product&#038;p=79334"},"modified":"2026-04-08T16:43:03","modified_gmt":"2026-04-08T14:43:03","slug":"dbl-lasare-nokey-offline-s","status":"publish","type":"product","link":"https:\/\/stonehouse.se\/en\/product\/dbl-lasare-nokey-offline-s\/","title":{"rendered":"DBL L\u00c4SARE NOKEY OFFLINE S"},"content":{"rendered":"<p>D\u00f6rrbladsl\u00e4sare NoKey Offline MIF-808 S levereras utan tangentbord, avsedd f\u00f6r montage mot en cylinder, med vred p\u00e5 insidan och passar till d\u00f6rrar med modul \/ Connect l\u00e5s. L\u00e4saren erbjuder \u00e5terinrymningsfunktion.L\u00e4saren uppfyller nordisk l\u00e5sstandard. Installationen g\u00f6r ingen \u00e5verkan p\u00e5 d\u00f6rren, ist\u00e4llet sker montering med de beh\u00f6r man har f\u00f6r vanlig cylinderfasts\u00e4ttning och handtagets fasts\u00e4ttning. Eftersom all inkoppling och mekanik finns p\u00e5 insidan av d\u00f6rren f\u00f6rsv\u00e5ras manipulation och sabotage.NoKey Offline erbjuder den stora f\u00f6rdelen att de inte kr\u00e4ver n\u00e5gon kabeldragning \u00f6verhuvudtaget \u2013 med andra ord blir installationen b\u00e5de smidig och kostnadseffektiv. I ett Offline-system \u00e4r det korten eller taggarna som \u00f6verf\u00f6r beh\u00f6righeter till Offline-l\u00e4sarna. Fr\u00e5n Offline-l\u00e4sarna \u00f6verf\u00f6rs p\u00e5 samma s\u00e4tt batteristatus tillbaka till systemet n\u00e4r anv\u00e4ndaren passerar en Online-l\u00e4sare. Ett batteribyte kan anv\u00e4ndaren utf\u00f6ra enkelt p\u00e5 egen hand, utan att f\u00f6rlora vare sig klockslag eller programmering. L\u00e4saren \u00e4r fullt integrerad i R-CARD 5000-systemet. NoKey Offline erbjuds med l\u00e4stekniken Desfire EV2\/Mifare Classic. RCO:s Online-l\u00e4sare (Mifare) av nyare modell fungerar som initieringsl\u00e4sare f\u00f6r NoKey Offline, mao beh\u00f6vs inga separata l\u00e4sare f\u00f6r detta \u00e4ndam\u00e5l. OBSERVERA! NoKey Gen2 \u00e4r utf\u00f6rd med vred p\u00e5 insidan och skall kompletteras med cylinder p\u00e5 utsidan tillsammans med l\u00e4mplig cylinderring ifr\u00e5n DormaKaba alt. HABO, se dokument f\u00f6r passande cylinderringar. Om NoKey ej skall nyttjas tillsammans med cylinder skall enheten kompletteras med en s\u00e5kallad cylinderplugg, E5872211. Om inte vred nyttjas skall NoKey kompletteras med en s\u00e5kallad vredplugg, E5872210. NoKey Gen2 utf\u00f6rs endast i svart f\u00e4rg. D\u00f6rrblad standard (min\/max tjocklek): 38-80 mm. D\u00f6rrblad med tillbeh\u00f6r (min\/max tjocklek): 38-110 mm. Matningssp\u00e4nning: 5 st AA LR-6 batterier (ing\u00e5r ej). Livsl\u00e4ngd batterier: Upp till 3 \u00e5r vid normal anv\u00e4ndning (upp till 100 passager per dag).<\/p>","protected":false},"excerpt":{"rendered":"<p>D\u00f6rrbladsl\u00e4sare NoKey Offline MIF-808 S levereras utan tangentbord, avsedd f\u00f6r montage mot en cylinder, med vred p\u00e5 insidan och passar<\/p>","protected":false},"featured_media":79772,"template":"","meta":{"_acf_changed":false},"product_brand":[],"product_cat":[3469],"product_tag":[],"class_list":{"0":"post-79334","1":"product","2":"type-product","3":"status-publish","4":"has-post-thumbnail","6":"product_cat-rco-passer-lasare-port","7":"product_shipping_class-tunga-paket","8":"pa_brands-rco","9":"pa_farg-svart","10":"tm-no-options","12":"first","13":"instock","14":"sale","15":"taxable","16":"shipping-taxable","17":"product-type-simple"},"acf":[],"_links":{"self":[{"href":"https:\/\/stonehouse.se\/en\/wp-json\/wp\/v2\/product\/79334","targetHints":{"allow":["GET"]}}],"collection":[{"href":"https:\/\/stonehouse.se\/en\/wp-json\/wp\/v2\/product"}],"about":[{"href":"https:\/\/stonehouse.se\/en\/wp-json\/wp\/v2\/types\/product"}],"wp:featuredmedia":[{"embeddable":true,"href":"https:\/\/stonehouse.se\/en\/wp-json\/wp\/v2\/media\/79772"}],"wp:attachment":[{"href":"https:\/\/stonehouse.se\/en\/wp-json\/wp\/v2\/media?parent=79334"}],"wp:term":[{"taxonomy":"product_brand","embeddable":true,"href":"https:\/\/stonehouse.se\/en\/wp-json\/wp\/v2\/product_brand?post=79334"},{"taxonomy":"product_cat","embeddable":true,"href":"https:\/\/stonehouse.se\/en\/wp-json\/wp\/v2\/product_cat?post=79334"},{"taxonomy":"product_tag","embeddable":true,"href":"https:\/\/stonehouse.se\/en\/wp-json\/wp\/v2\/product_tag?post=79334"}],"curies":[{"name":"wp","href":"https:\/\/api.w.org\/{rel}","templated":true}]}}