
{"id":79336,"date":"2024-12-02T14:56:11","date_gmt":"2024-12-02T13:56:11","guid":{"rendered":"https:\/\/stonehouse.se\/?post_type=product&#038;p=79336"},"modified":"2026-04-08T16:43:30","modified_gmt":"2026-04-08T14:43:30","slug":"dbl-lasare-nokey-online-ks","status":"publish","type":"product","link":"https:\/\/stonehouse.se\/en\/product\/dbl-lasare-nokey-online-ks\/","title":{"rendered":"DBL L\u00c4SARE NOKEY ONLINE KS"},"content":{"rendered":"<p>D\u00f6rrbladsl\u00e4sare NoKey Online MIF-508 KS levereras med tangentbord, avsedd f\u00f6r montage mot en cylinder, med vred p\u00e5 insidan och passar till d\u00f6rrar med modul \/ Connect l\u00e5s. L\u00e4saren uppfyller nordisk l\u00e5sstandard. Installationen g\u00f6r ingen \u00e5verkan p\u00e5 d\u00f6rren, ist\u00e4llet sker montering med de beh\u00f6r man har f\u00f6r vanlig cylinderfasts\u00e4ttning och handtagets fasts\u00e4ttning. Eftersom all inkoppling och mekanik finns p\u00e5 insidan av d\u00f6rren f\u00f6rsv\u00e5ras manipulation och sabotage. OBSERVERA! NoKey Gen2 \u00e4r utf\u00f6rd med vred p\u00e5 insidan och skall kompletteras med cylinder p\u00e5 utsidan tillsammans med l\u00e4mplig cylinderring ifr\u00e5n DormaKaba alt. HABO, se dokument f\u00f6r passande cylinderringar. Om NoKey ej skall nyttjas tillsammans med cylinder skall enheten kompletteras med en s\u00e5kallad cylinderplugg, E5872211. Om inte vred nyttjas skall NoKey kompletteras med en s\u00e5kallad vredplugg, E5872210. NoKey Gen2 utf\u00f6rs endast i svart f\u00e4rg. L\u00e4saren \u00e4r fullt integrerad i R-CARD 5000-systemet och kan anv\u00e4ndas som initieringsl\u00e4sare f\u00f6r alla v\u00e5ra Offlinel\u00e4sare. NoKey Online erbjuds med l\u00e4stekniken Desfire EV2\/Mifare Classic. D\u00f6rrblad standard (min\/max tjocklek): 38-80 mm. D\u00f6rrblad med tillbeh\u00f6r (min\/max tjocklek): 38-110 mm. Str\u00f6mf\u00f6rbrukning: Nominell 35mA, Max 300mA vid \u00f6ppning\/l\u00e5sning @24VDC.<\/p>","protected":false},"excerpt":{"rendered":"<p>D\u00f6rrbladsl\u00e4sare NoKey Online MIF-508 KS levereras med tangentbord, avsedd f\u00f6r montage mot en cylinder, med vred p\u00e5 insidan och passar<\/p>","protected":false},"featured_media":79898,"template":"","meta":{"_acf_changed":false},"product_brand":[],"product_cat":[3469],"product_tag":[],"class_list":{"0":"post-79336","1":"product","2":"type-product","3":"status-publish","4":"has-post-thumbnail","6":"product_cat-rco-passer-lasare-port","7":"product_shipping_class-tunga-paket","8":"pa_brands-rco","9":"pa_farg-svart","10":"tm-no-options","12":"first","13":"outofstock","14":"sale","15":"taxable","16":"shipping-taxable","17":"product-type-simple"},"acf":[],"_links":{"self":[{"href":"https:\/\/stonehouse.se\/en\/wp-json\/wp\/v2\/product\/79336","targetHints":{"allow":["GET"]}}],"collection":[{"href":"https:\/\/stonehouse.se\/en\/wp-json\/wp\/v2\/product"}],"about":[{"href":"https:\/\/stonehouse.se\/en\/wp-json\/wp\/v2\/types\/product"}],"wp:featuredmedia":[{"embeddable":true,"href":"https:\/\/stonehouse.se\/en\/wp-json\/wp\/v2\/media\/79898"}],"wp:attachment":[{"href":"https:\/\/stonehouse.se\/en\/wp-json\/wp\/v2\/media?parent=79336"}],"wp:term":[{"taxonomy":"product_brand","embeddable":true,"href":"https:\/\/stonehouse.se\/en\/wp-json\/wp\/v2\/product_brand?post=79336"},{"taxonomy":"product_cat","embeddable":true,"href":"https:\/\/stonehouse.se\/en\/wp-json\/wp\/v2\/product_cat?post=79336"},{"taxonomy":"product_tag","embeddable":true,"href":"https:\/\/stonehouse.se\/en\/wp-json\/wp\/v2\/product_tag?post=79336"}],"curies":[{"name":"wp","href":"https:\/\/api.w.org\/{rel}","templated":true}]}}