
{"id":79354,"date":"2024-12-02T15:08:13","date_gmt":"2024-12-02T14:08:13","guid":{"rendered":"https:\/\/stonehouse.se\/produkt\/karmoverforing-r-connect-13alu\/"},"modified":"2026-04-08T16:51:05","modified_gmt":"2026-04-08T14:51:05","slug":"karmoverforing-r-connect-13alu","status":"publish","type":"product","link":"https:\/\/stonehouse.se\/en\/product\/karmoverforing-r-connect-13alu\/","title":{"rendered":"KARM\u00d6VERF\u00d6RING R-CONNECT 13ALU"},"content":{"rendered":"","protected":false},"excerpt":{"rendered":"<p>R-CONNECT \u00e4r en utanp\u00e5liggande kabelkanal. Komplett set f\u00f6r d\u00f6rrbladsbredd upp till 130 cm. Natur (aluminium).M\u00e5tt p\u00e5 kanalen (BxHxD): 1150 x 48 x 16 mm<\/p>","protected":false},"featured_media":80053,"template":"","meta":{"_acf_changed":false},"product_brand":[],"product_cat":[3471,469],"product_tag":[],"class_list":{"0":"post-79354","1":"product","2":"type-product","3":"status-publish","4":"has-post-thumbnail","6":"product_cat-rco-passer-tillbehor","7":"product_cat-kabeloverforing","8":"product_shipping_class-tunga-paket","9":"pa_brands-rco","10":"pa_farg-aluminium","11":"tm-no-options","13":"first","14":"instock","15":"sale","16":"taxable","17":"shipping-taxable","18":"product-type-simple"},"acf":[],"_links":{"self":[{"href":"https:\/\/stonehouse.se\/en\/wp-json\/wp\/v2\/product\/79354","targetHints":{"allow":["GET"]}}],"collection":[{"href":"https:\/\/stonehouse.se\/en\/wp-json\/wp\/v2\/product"}],"about":[{"href":"https:\/\/stonehouse.se\/en\/wp-json\/wp\/v2\/types\/product"}],"wp:featuredmedia":[{"embeddable":true,"href":"https:\/\/stonehouse.se\/en\/wp-json\/wp\/v2\/media\/80053"}],"wp:attachment":[{"href":"https:\/\/stonehouse.se\/en\/wp-json\/wp\/v2\/media?parent=79354"}],"wp:term":[{"taxonomy":"product_brand","embeddable":true,"href":"https:\/\/stonehouse.se\/en\/wp-json\/wp\/v2\/product_brand?post=79354"},{"taxonomy":"product_cat","embeddable":true,"href":"https:\/\/stonehouse.se\/en\/wp-json\/wp\/v2\/product_cat?post=79354"},{"taxonomy":"product_tag","embeddable":true,"href":"https:\/\/stonehouse.se\/en\/wp-json\/wp\/v2\/product_tag?post=79354"}],"curies":[{"name":"wp","href":"https:\/\/api.w.org\/{rel}","templated":true}]}}