
{"id":79356,"date":"2024-12-02T15:08:13","date_gmt":"2024-12-02T14:08:13","guid":{"rendered":"https:\/\/stonehouse.se\/produkt\/regnskydd-rs-9\/"},"modified":"2026-04-01T16:51:52","modified_gmt":"2026-04-01T14:51:52","slug":"regnskydd-rs-9","status":"publish","type":"product","link":"https:\/\/stonehouse.se\/en\/product\/regnskydd-rs-9\/","title":{"rendered":"REGNSKYDD RS-9"},"content":{"rendered":"","protected":false},"excerpt":{"rendered":"<p>Rekommenderas f\u00f6r att f\u00f6rl\u00e4nga livsl\u00e4ngden p\u00e5 dina 509 l\u00e4sare.Utf\u00f6rt i 4 millimeters UV-stabiliserad PVC.<\/p>","protected":false},"featured_media":80054,"template":"","meta":{"_acf_changed":false},"product_brand":[],"product_cat":[3471],"product_tag":[],"class_list":{"0":"post-79356","1":"product","2":"type-product","3":"status-publish","4":"has-post-thumbnail","6":"product_cat-rco-passer-tillbehor","7":"product_shipping_class-tunga-paket","8":"pa_brands-rco","9":"tm-no-options","11":"first","12":"instock","13":"sale","14":"taxable","15":"shipping-taxable","16":"product-type-simple"},"acf":[],"_links":{"self":[{"href":"https:\/\/stonehouse.se\/en\/wp-json\/wp\/v2\/product\/79356","targetHints":{"allow":["GET"]}}],"collection":[{"href":"https:\/\/stonehouse.se\/en\/wp-json\/wp\/v2\/product"}],"about":[{"href":"https:\/\/stonehouse.se\/en\/wp-json\/wp\/v2\/types\/product"}],"wp:featuredmedia":[{"embeddable":true,"href":"https:\/\/stonehouse.se\/en\/wp-json\/wp\/v2\/media\/80054"}],"wp:attachment":[{"href":"https:\/\/stonehouse.se\/en\/wp-json\/wp\/v2\/media?parent=79356"}],"wp:term":[{"taxonomy":"product_brand","embeddable":true,"href":"https:\/\/stonehouse.se\/en\/wp-json\/wp\/v2\/product_brand?post=79356"},{"taxonomy":"product_cat","embeddable":true,"href":"https:\/\/stonehouse.se\/en\/wp-json\/wp\/v2\/product_cat?post=79356"},{"taxonomy":"product_tag","embeddable":true,"href":"https:\/\/stonehouse.se\/en\/wp-json\/wp\/v2\/product_tag?post=79356"}],"curies":[{"name":"wp","href":"https:\/\/api.w.org\/{rel}","templated":true}]}}