
{"id":79362,"date":"2024-12-02T15:08:13","date_gmt":"2024-12-02T14:08:13","guid":{"rendered":"https:\/\/stonehouse.se\/produkt\/karmoverforing-10-mm-forzinkad\/"},"modified":"2026-04-08T16:51:26","modified_gmt":"2026-04-08T14:51:26","slug":"karmoverforing-10-mm-forzinkad","status":"publish","type":"product","link":"https:\/\/stonehouse.se\/en\/product\/karmoverforing-10-mm-forzinkad\/","title":{"rendered":"KARM\u00d6VERF\u00d6RING 10 MM F\u00d6RZINKAD"},"content":{"rendered":"","protected":false},"excerpt":{"rendered":"<p>F\u00f6rzinkad och st\u00e5lomspunnen karm\u00f6verf\u00f6ring i kraftigt utf\u00f6rande. Innerdiameter 10 mm. L\u00e4ngd 50 cm. Levereras med f\u00f6rnicklade \u00e4ndstycken.<\/p>","protected":false},"featured_media":79944,"template":"","meta":{"_acf_changed":false},"product_brand":[],"product_cat":[3471,469],"product_tag":[],"class_list":{"0":"post-79362","1":"product","2":"type-product","3":"status-publish","4":"has-post-thumbnail","6":"product_cat-rco-passer-tillbehor","7":"product_cat-kabeloverforing","8":"product_shipping_class-tunga-paket","9":"pa_brands-rco","10":"pa_farg-gra","11":"tm-no-options","13":"first","14":"instock","15":"sale","16":"taxable","17":"shipping-taxable","18":"product-type-simple"},"acf":[],"_links":{"self":[{"href":"https:\/\/stonehouse.se\/en\/wp-json\/wp\/v2\/product\/79362","targetHints":{"allow":["GET"]}}],"collection":[{"href":"https:\/\/stonehouse.se\/en\/wp-json\/wp\/v2\/product"}],"about":[{"href":"https:\/\/stonehouse.se\/en\/wp-json\/wp\/v2\/types\/product"}],"wp:featuredmedia":[{"embeddable":true,"href":"https:\/\/stonehouse.se\/en\/wp-json\/wp\/v2\/media\/79944"}],"wp:attachment":[{"href":"https:\/\/stonehouse.se\/en\/wp-json\/wp\/v2\/media?parent=79362"}],"wp:term":[{"taxonomy":"product_brand","embeddable":true,"href":"https:\/\/stonehouse.se\/en\/wp-json\/wp\/v2\/product_brand?post=79362"},{"taxonomy":"product_cat","embeddable":true,"href":"https:\/\/stonehouse.se\/en\/wp-json\/wp\/v2\/product_cat?post=79362"},{"taxonomy":"product_tag","embeddable":true,"href":"https:\/\/stonehouse.se\/en\/wp-json\/wp\/v2\/product_tag?post=79362"}],"curies":[{"name":"wp","href":"https:\/\/api.w.org\/{rel}","templated":true}]}}