
{"id":79368,"date":"2024-12-02T15:08:13","date_gmt":"2024-12-02T14:08:13","guid":{"rendered":"https:\/\/stonehouse.se\/produkt\/regnskydd-rs-7-i-rostfritt\/"},"modified":"2026-04-08T16:52:46","modified_gmt":"2026-04-08T14:52:46","slug":"regnskydd-rs-7-i-rostfritt","status":"publish","type":"product","link":"https:\/\/stonehouse.se\/en\/product\/regnskydd-rs-7-i-rostfritt\/","title":{"rendered":"REGNSKYDD RS-7 I ROSTFRITT"},"content":{"rendered":"","protected":false},"excerpt":{"rendered":"<p>Rekommenderas f\u00f6r att f\u00f6rl\u00e4nga livsl\u00e4ngden p\u00e5 din porttelefon, man\u00f6verpanel eller bokningstavla.Regnskydd till PA\/MAP-59 och Vision Light. Utf\u00f6rt i rostfritt st\u00e5l.<\/p>","protected":false},"featured_media":79880,"template":"","meta":{"_acf_changed":false},"product_brand":[],"product_cat":[3471],"product_tag":[],"class_list":{"0":"post-79368","1":"product","2":"type-product","3":"status-publish","4":"has-post-thumbnail","6":"product_cat-rco-passer-tillbehor","7":"product_shipping_class-tunga-paket","8":"pa_brands-rco","9":"tm-no-options","11":"first","12":"instock","13":"sale","14":"taxable","15":"shipping-taxable","16":"product-type-simple"},"acf":[],"_links":{"self":[{"href":"https:\/\/stonehouse.se\/en\/wp-json\/wp\/v2\/product\/79368","targetHints":{"allow":["GET"]}}],"collection":[{"href":"https:\/\/stonehouse.se\/en\/wp-json\/wp\/v2\/product"}],"about":[{"href":"https:\/\/stonehouse.se\/en\/wp-json\/wp\/v2\/types\/product"}],"wp:featuredmedia":[{"embeddable":true,"href":"https:\/\/stonehouse.se\/en\/wp-json\/wp\/v2\/media\/79880"}],"wp:attachment":[{"href":"https:\/\/stonehouse.se\/en\/wp-json\/wp\/v2\/media?parent=79368"}],"wp:term":[{"taxonomy":"product_brand","embeddable":true,"href":"https:\/\/stonehouse.se\/en\/wp-json\/wp\/v2\/product_brand?post=79368"},{"taxonomy":"product_cat","embeddable":true,"href":"https:\/\/stonehouse.se\/en\/wp-json\/wp\/v2\/product_cat?post=79368"},{"taxonomy":"product_tag","embeddable":true,"href":"https:\/\/stonehouse.se\/en\/wp-json\/wp\/v2\/product_tag?post=79368"}],"curies":[{"name":"wp","href":"https:\/\/api.w.org\/{rel}","templated":true}]}}