
{"id":79381,"date":"2024-12-02T15:31:19","date_gmt":"2024-12-02T14:31:19","guid":{"rendered":"https:\/\/stonehouse.se\/produkt\/slavcentral-ac700s\/"},"modified":"2026-04-08T16:43:37","modified_gmt":"2026-04-08T14:43:37","slug":"slavcentral-ac700s","status":"publish","type":"product","link":"https:\/\/stonehouse.se\/en\/product\/slavcentral-ac700s\/","title":{"rendered":"SLAVCENTRAL AC700S"},"content":{"rendered":"<p>AC 700S Slavcentral f\u00f6r passersystem (fyra d\u00f6rrar). Egenskaper: Kommunikation mellan dator och centralenhet sker krypterat med 128-bitars nycklar. Kommunikation mellan centralenhet och l\u00e4sare sker krypterat med 32-bitars nycklar. Centralenhet med dynamiskt minne. Upp till 30 000 anv\u00e4ndare. *Registrering av upp till 6 500 h\u00e4ndelser. *Upp till 255 tidzoner. *Inbyggd realtidsklocka. Fyra d\u00f6rrar kan hanteras. Tv\u00e5 l\u00e4sare per d\u00f6rr kan anslutas (in- och utl\u00e4sare). Sex fritt programmerbara rel\u00e4utg\u00e5ngar. Sex fritt programmerbara ing\u00e5ngar. Alla rel\u00e4er kan st\u00e4llas att vara potentialfria eller att anv\u00e4nda centralenhetens drivsp\u00e4nning. Batteribackup (minnet) och sabotagekontakt. Programmering via Windowsmjukvara (Multiaccess). Centraliserad kommunikation med master via MultiServer-modul. Funktioner: d\u00f6rrpassage, larmf\u00f6rbikoppling, grupperad larmf\u00f6rbikoppling, larm\u00e5terinkoppling, antipassback, slusskoppling, hotkod, m\u00f6jlighet att lista personer i byggnaden, kvittering av externlarm\/\u00f6verfallslarm. Tidzonsfunktioner: Tid- och ing\u00e5ngsstyrd samt l\u00e4sarstyrd. Hanterar AD 6X XX l\u00e4sare, AD 7X XX l\u00e4sare samt l\u00e4sare i \u00d6ppna-serien. V\u00e4ljer man AD 7X XX l\u00e4sare, L\u00e5sa 1169, eller \u00d6ppna-l\u00e4sare s\u00e5 kan totalt fyra d\u00f6rrar anslutas. V\u00e4ljer man AD 6X XX l\u00e4sare s\u00e5 kan endast tv\u00e5 d\u00f6rrmilj\u00f6er anslutas. F\u00f6r att f\u00e5 ytterligare tv\u00e5 d\u00f6rrmilj\u00f6er med AD 6X XX l\u00e4sare s\u00e5 f\u00e5r man k\u00f6pa ett p\u00e5byggnadskort. Tekniska data: Str\u00f6mf\u00f6rs\u00f6rjning V DC\/AC: 12-24 (+\/-15%). F\u00f6rbrukning Watt: max 10 (Amp 0,25 inkl 2xl\u00e4sare) (Amp 0,40 inkl 4xl\u00e4sare). Temperatur: 0C 0 till 40. Luftfuktighet %: 10 till 90. Max antal anv\u00e4ndare: max 30 000 *. Registrering av h\u00e4ndelser: max 6 500 *. Antal tidszoner: max 255 *. Inbyggd realtidsklocka: Ja. Utg\u00e5ngar: Antal rel\u00e4er med v\u00e4xlande kontakt (28V, 1A): 6. Anv\u00e4ndning av centralenhet drivsp\u00e4nning: Ja. Rel\u00e4 ger potentialfri slutning\/brytning: Ja. Ing\u00e5ngar: Antal ing\u00e5ngar f\u00f6r potentialfria kontakter: 6. Kommunikation mellan centralenheter: Mellan master och PC TCP\/IP Modem, GSM-modem och RS 232. Mellan masterenhet och slavenhet RS 485. Centraliserad kommunikation med mastern via MultiServer modul: Ja. M\u00e5tt i mm: h\u00f6jd 190, bredd 260, djup 55. Nettovikt i kg 2,2.<\/p>","protected":false},"excerpt":{"rendered":"<p>AC 700S Slavcentral f\u00f6r passersystem (fyra d\u00f6rrar). Egenskaper: Kommunikation mellan dator och centralenhet sker krypterat med 128-bitars nycklar. Kommunikation mellan<\/p>","protected":false},"featured_media":79825,"template":"","meta":{"_acf_changed":false},"product_brand":[],"product_cat":[3472],"product_tag":[],"class_list":{"0":"post-79381","1":"product","2":"type-product","3":"status-publish","4":"has-post-thumbnail","6":"product_cat-aptus-passer-central","7":"product_shipping_class-tunga-paket","8":"pa_brands-aptus","9":"tm-no-options","11":"first","12":"outofstock","13":"sale","14":"taxable","15":"shipping-taxable","16":"product-type-simple"},"acf":[],"_links":{"self":[{"href":"https:\/\/stonehouse.se\/en\/wp-json\/wp\/v2\/product\/79381","targetHints":{"allow":["GET"]}}],"collection":[{"href":"https:\/\/stonehouse.se\/en\/wp-json\/wp\/v2\/product"}],"about":[{"href":"https:\/\/stonehouse.se\/en\/wp-json\/wp\/v2\/types\/product"}],"wp:featuredmedia":[{"embeddable":true,"href":"https:\/\/stonehouse.se\/en\/wp-json\/wp\/v2\/media\/79825"}],"wp:attachment":[{"href":"https:\/\/stonehouse.se\/en\/wp-json\/wp\/v2\/media?parent=79381"}],"wp:term":[{"taxonomy":"product_brand","embeddable":true,"href":"https:\/\/stonehouse.se\/en\/wp-json\/wp\/v2\/product_brand?post=79381"},{"taxonomy":"product_cat","embeddable":true,"href":"https:\/\/stonehouse.se\/en\/wp-json\/wp\/v2\/product_cat?post=79381"},{"taxonomy":"product_tag","embeddable":true,"href":"https:\/\/stonehouse.se\/en\/wp-json\/wp\/v2\/product_tag?post=79381"}],"curies":[{"name":"wp","href":"https:\/\/api.w.org\/{rel}","templated":true}]}}