
{"id":79389,"date":"2024-12-02T15:31:18","date_gmt":"2024-12-02T14:31:18","guid":{"rendered":"https:\/\/stonehouse.se\/produkt\/styra-porttelefonkort-4400\/"},"modified":"2026-04-08T16:36:58","modified_gmt":"2026-04-08T14:36:58","slug":"styra-porttelefonkort-4400","status":"publish","type":"product","link":"https:\/\/stonehouse.se\/en\/product\/styra-porttelefonkort-4400\/","title":{"rendered":"STYRA PORTTELEFONKORT 4400"},"content":{"rendered":"<p>Styra Porttelefonkort 4400 (Tillbeh\u00f6r till Styra 3000). Egenskaper och f\u00f6rdelar. St\u00f6djer fyra porttelefond\u00f6rrar med Ringa. Anslutning till svarsapparatsslinga, t.ex. AT 21, avs\u00e4krad. Anslutning till publika telen\u00e4tet. Detekterar pol v\u00e4ndning. M\u00f6jligt att parallellkoppla tv\u00e5 Styra 3000 till samma svarsapparatsslinga. Fyra avs\u00e4krade A485-portar. Kortslutning p\u00e5 en A485-port p\u00e5verkar inte \u00f6vriga portar. Spara in p\u00e5 behovet av separat avs\u00e4kring. Underl\u00e4tta kabeldragningen, L\u00e4gg en Aptuskabel 2 till varje d\u00f6rrmilj\u00f6. Anslut l\u00e4sare, porttelefon o. dyl. direkt eller via d\u00f6rrenhet. Erbjuder m\u00f6jlighet att knyta resurser automatiskt till r\u00e4tt d\u00f6rr vid programmering fr\u00e5n Multiaccess Styra. Utnyttja m\u00f6jligheten till central styrning av sp\u00e4nningsmatningen p\u00e5 A485-port. Praktiskt t.ex. vid service. Erbjuder m\u00f6jlighet att mata ut 12V eller 24V p\u00e5 A485-porten. Obs! Kontrollera f\u00f6rst att ansluten h\u00e5rdvara klarar 24V. Max ett Styra Porttelefonkort 4400 per central. Komplettera med Styra Porttelefonkort 4800 f\u00f6r upp till \u00e5tta porttelefonid\u00f6rrar i Styra 3000. Teknisk data: Str\u00f6mf\u00f6rs\u00f6rjning V DC: 24 \/ 12, F\u00f6rbrukning Watt: min 0,36 max 0,60 vid 24V (Amp: min 0,015 max 0,025 vid 24V). Temperatur \u00b0C: 0 till +40. Luftfuktighet %: 10 till 90. Data: Antal porttelefond\u00f6rrar: 4 (d\u00f6rr 1 &#8211; d\u00f6rr 4), Antal A485-portar: 4, Omkopplingsbar utsp\u00e4nning 12 \/ 24 V per port: Ja, Utsp\u00e4nning avs\u00e4krad per A485-port: 2,5 A (12 V \/ 24 V), Maximalt str\u00f6muttag f\u00f6r hela centralen: 10 A, Automatisk \u00e5terst\u00e4llning av s\u00e4kring: Ja, Central styrning av sp\u00e4nning per port (Till \/ Fr\u00e5n): Ja, Lysdioder f\u00f6r att indikera kommunikationsstatus: Ja, Lysdioder f\u00f6r att indikera s\u00e4kringsstatus: Ja, Utl\u00f6st s\u00e4kring loggas till Multiaccess Styra: Ja, Avs\u00e4krad svarsapparatslinga: 2,5A (24 V), Antal svarsapparater som kan matas internt: 130, Totalt antal svarsapparater till Styra 3000: 600. Kommunikation till Styra 3000: RS 485 (A485) internt i centralen. M\u00e5tt i mm: H\u00f6jd: 97, Bredd: 98, Djup: 26. Nettovikt i kg: 0,15.<\/p>","protected":false},"excerpt":{"rendered":"<p>Styra Porttelefonkort 4400 (Tillbeh\u00f6r till Styra 3000). Egenskaper och f\u00f6rdelar. St\u00f6djer fyra porttelefond\u00f6rrar med Ringa. Anslutning till svarsapparatsslinga, t.ex. AT<\/p>","protected":false},"featured_media":79836,"template":"","meta":{"_acf_changed":false},"product_brand":[],"product_cat":[3472],"product_tag":[],"class_list":{"0":"post-79389","1":"product","2":"type-product","3":"status-publish","4":"has-post-thumbnail","6":"product_cat-aptus-passer-central","7":"product_shipping_class-tunga-paket","8":"pa_brands-aptus","9":"tm-no-options","11":"first","12":"instock","13":"sale","14":"taxable","15":"shipping-taxable","16":"product-type-simple"},"acf":[],"_links":{"self":[{"href":"https:\/\/stonehouse.se\/en\/wp-json\/wp\/v2\/product\/79389","targetHints":{"allow":["GET"]}}],"collection":[{"href":"https:\/\/stonehouse.se\/en\/wp-json\/wp\/v2\/product"}],"about":[{"href":"https:\/\/stonehouse.se\/en\/wp-json\/wp\/v2\/types\/product"}],"wp:featuredmedia":[{"embeddable":true,"href":"https:\/\/stonehouse.se\/en\/wp-json\/wp\/v2\/media\/79836"}],"wp:attachment":[{"href":"https:\/\/stonehouse.se\/en\/wp-json\/wp\/v2\/media?parent=79389"}],"wp:term":[{"taxonomy":"product_brand","embeddable":true,"href":"https:\/\/stonehouse.se\/en\/wp-json\/wp\/v2\/product_brand?post=79389"},{"taxonomy":"product_cat","embeddable":true,"href":"https:\/\/stonehouse.se\/en\/wp-json\/wp\/v2\/product_cat?post=79389"},{"taxonomy":"product_tag","embeddable":true,"href":"https:\/\/stonehouse.se\/en\/wp-json\/wp\/v2\/product_tag?post=79389"}],"curies":[{"name":"wp","href":"https:\/\/api.w.org\/{rel}","templated":true}]}}