
{"id":79398,"date":"2024-12-02T15:31:16","date_gmt":"2024-12-02T14:31:16","guid":{"rendered":"https:\/\/stonehouse.se\/produkt\/styra-i-o-4400\/"},"modified":"2026-04-08T16:46:10","modified_gmt":"2026-04-08T14:46:10","slug":"styra-i-o-4400","status":"publish","type":"product","link":"https:\/\/stonehouse.se\/en\/product\/styra-i-o-4400\/","title":{"rendered":"STYRA I\/O 4400"},"content":{"rendered":"<p>Styra I\/O 4400 (tillbeh\u00f6r till Styra 3000). Egenskaper och f\u00f6rdelar: Fyra fritt programmerbara rel\u00e4utg\u00e5ngar, (v\u00e4xlande funktion). Fyra fritt programmerbara ing\u00e5ngar, (BS, potentialfri kontakt eller impulsm\u00e4tning enligt S0). Indikering av ing\u00e5ngsstatus med lysdiod. Indikering av utg\u00e5ngsstatus med lysdiod. Utg\u00e5ngar skyddas med termisk s\u00e4kring, (PTC). Koppla givare f\u00f6r inbrott, brand, r\u00f6relse, l\u00e4ckage, d\u00f6rrkontakter, \u00f6ppnaknappar, pulsgivare med mera till n\u00e5gon av ing\u00e5ngarna. Koppla elslutbleck, motorl\u00e5s, siren, tv\u00e4ttmaskinsstyrning, hisstyrning med mera till rel\u00e4utg\u00e5ngarna. Max tv\u00e5 samtidiga Styra I\/O 4400 per central. Teknisk data: Str\u00f6mf\u00f6rs\u00f6rjning V DC: 24 \/ 12, F\u00f6rbrukning Watt: min 0,24 max 1,44 vid 24V (Amp: min 0,010 max 0,060 vid 24V). Temperatur \u00b0C: 0 till +40. Luftfuktighet %: 10 till 90. Data: Antal A485-portar: 4, Potentialfri slutning eller brytning detekteras: Ja, Dubbelbalanserade givare kan anslutas: Ja, Konfiguration av omslagsv\u00e4rden fr\u00e5n Multiaccess: Ja, Pulsr\u00e4knarfunktion enligt S0: Ja, Lysdiod indikerar ing\u00e5ngs status: Ja, Kommunikation till Styra 3000: RS 485 (A485) internt i centralen. M\u00e5tt i mm: H\u00f6jd: 65, Bredd: 98, Djup: 18. Nettovikt i kg: 0,10.<\/p>","protected":false},"excerpt":{"rendered":"<p>Styra I\/O 4400 (tillbeh\u00f6r till Styra 3000). Egenskaper och f\u00f6rdelar: Fyra fritt programmerbara rel\u00e4utg\u00e5ngar, (v\u00e4xlande funktion). Fyra fritt programmerbara ing\u00e5ngar,<\/p>","protected":false},"featured_media":79859,"template":"","meta":{"_acf_changed":false},"product_brand":[],"product_cat":[3472],"product_tag":[],"class_list":{"0":"post-79398","1":"product","2":"type-product","3":"status-publish","4":"has-post-thumbnail","6":"product_cat-aptus-passer-central","7":"product_shipping_class-tunga-paket","8":"pa_brands-aptus","9":"tm-no-options","11":"first","12":"instock","13":"sale","14":"taxable","15":"shipping-taxable","16":"product-type-simple"},"acf":[],"_links":{"self":[{"href":"https:\/\/stonehouse.se\/en\/wp-json\/wp\/v2\/product\/79398","targetHints":{"allow":["GET"]}}],"collection":[{"href":"https:\/\/stonehouse.se\/en\/wp-json\/wp\/v2\/product"}],"about":[{"href":"https:\/\/stonehouse.se\/en\/wp-json\/wp\/v2\/types\/product"}],"wp:featuredmedia":[{"embeddable":true,"href":"https:\/\/stonehouse.se\/en\/wp-json\/wp\/v2\/media\/79859"}],"wp:attachment":[{"href":"https:\/\/stonehouse.se\/en\/wp-json\/wp\/v2\/media?parent=79398"}],"wp:term":[{"taxonomy":"product_brand","embeddable":true,"href":"https:\/\/stonehouse.se\/en\/wp-json\/wp\/v2\/product_brand?post=79398"},{"taxonomy":"product_cat","embeddable":true,"href":"https:\/\/stonehouse.se\/en\/wp-json\/wp\/v2\/product_cat?post=79398"},{"taxonomy":"product_tag","embeddable":true,"href":"https:\/\/stonehouse.se\/en\/wp-json\/wp\/v2\/product_tag?post=79398"}],"curies":[{"name":"wp","href":"https:\/\/api.w.org\/{rel}","templated":true}]}}