
{"id":79400,"date":"2024-12-02T15:46:04","date_gmt":"2024-12-02T14:46:04","guid":{"rendered":"https:\/\/stonehouse.se\/produkt\/mifarelasare-oppna-2105-svart\/"},"modified":"2026-04-08T16:42:01","modified_gmt":"2026-04-08T14:42:01","slug":"mifarelasare-oppna-2105-svart","status":"publish","type":"product","link":"https:\/\/stonehouse.se\/en\/product\/mifarelasare-oppna-2105-svart\/","title":{"rendered":"MIFAREL\u00c4SARE \u00d6PPNA 2105 SVART"},"content":{"rendered":"<p>\u00d6ppna 2105 Mifare l\u00e4sare i svart komposit. Egenskaper och f\u00f6rdelar: Svart (finns \u00e4ven i vit). Tillverkad av komposit. L\u00e4sare f\u00f6r utanp\u00e5liggande montage. L\u00e4ser ber\u00f6ringsfria kort och nyckelbrickor f\u00f6r mifare. Nyckelh\u00e5lssymbol. Inbyggd summer. Inbyggd sabotagekontakt. F\u00f6r inom- och utomhusbruk. L\u00e4saren \u00e4r fullt integrerbar med andra Multiaccess-produkter. Kommunikation mellan centralenhet och l\u00e4sare sker krypterat med 32- bitars nycklar. Teknisk data: Str\u00f6mf\u00f6rs\u00f6rjning V AC: 12-24 levereras av centralenheten. F\u00f6rbrukning Watt: min 0,24 max 0,32 vid 24 V (Amp: min 0,010 max 0,013 vid 24 V). Temperatur \u00b0C: -30 till +60. Luftfuktighet %: 10 till 100. Centralenheter med programmering via PC: 700XX: Ja, MC1: Ja, Styra 3000: ja. Kortdata: Mifare Classic 1K: Ja, Mifare Classic 4K: Ja, 4 byte UID: Ja, 7 byte UID: Nej, L\u00e4ser kortets serienummer: Ja, L\u00e4ser valfritt block i valfri sektor: Ja, Fj\u00e4rruppgradering fr\u00e5n Multiaccess Styra via Styra 3000: Ja. M\u00e5tt i mm: H\u00f6jd: 116, Bredd: 70, Djup: 20. Nettovikt i kg: 0,2. Monteringsh\u00f6jd (kabelintags mittpunkt): 1270 mm.<\/p>","protected":false},"excerpt":{"rendered":"<p>\u00d6ppna 2105 Mifare l\u00e4sare i svart komposit. Egenskaper och f\u00f6rdelar: Svart (finns \u00e4ven i vit). Tillverkad av komposit. L\u00e4sare f\u00f6r<\/p>","protected":false},"featured_media":79973,"template":"","meta":{"_acf_changed":false},"product_brand":[],"product_cat":[3473],"product_tag":[],"class_list":{"0":"post-79400","1":"product","2":"type-product","3":"status-publish","4":"has-post-thumbnail","6":"product_cat-aptus-passer-lasare","7":"product_shipping_class-tunga-paket","8":"pa_brands-aptus","9":"tm-no-options","11":"first","12":"instock","13":"sale","14":"taxable","15":"shipping-taxable","16":"product-type-simple"},"acf":[],"_links":{"self":[{"href":"https:\/\/stonehouse.se\/en\/wp-json\/wp\/v2\/product\/79400","targetHints":{"allow":["GET"]}}],"collection":[{"href":"https:\/\/stonehouse.se\/en\/wp-json\/wp\/v2\/product"}],"about":[{"href":"https:\/\/stonehouse.se\/en\/wp-json\/wp\/v2\/types\/product"}],"wp:featuredmedia":[{"embeddable":true,"href":"https:\/\/stonehouse.se\/en\/wp-json\/wp\/v2\/media\/79973"}],"wp:attachment":[{"href":"https:\/\/stonehouse.se\/en\/wp-json\/wp\/v2\/media?parent=79400"}],"wp:term":[{"taxonomy":"product_brand","embeddable":true,"href":"https:\/\/stonehouse.se\/en\/wp-json\/wp\/v2\/product_brand?post=79400"},{"taxonomy":"product_cat","embeddable":true,"href":"https:\/\/stonehouse.se\/en\/wp-json\/wp\/v2\/product_cat?post=79400"},{"taxonomy":"product_tag","embeddable":true,"href":"https:\/\/stonehouse.se\/en\/wp-json\/wp\/v2\/product_tag?post=79400"}],"curies":[{"name":"wp","href":"https:\/\/api.w.org\/{rel}","templated":true}]}}