
{"id":79402,"date":"2024-12-02T15:46:04","date_gmt":"2024-12-02T14:46:04","guid":{"rendered":"https:\/\/stonehouse.se\/produkt\/kortlasare-oppna-1505-svart\/"},"modified":"2026-04-08T16:34:33","modified_gmt":"2026-04-08T14:34:33","slug":"kortlasare-oppna-1505-svart","status":"publish","type":"product","link":"https:\/\/stonehouse.se\/en\/product\/kortlasare-oppna-1505-svart\/","title":{"rendered":"KORTL\u00c4SARE \u00d6PPNA 1505 SVART"},"content":{"rendered":"<p>\u00d6PPNA 1505 \u00e4r en svart utanp\u00e5liggande ber\u00f6ringsfri l\u00e4sare med knappsats f\u00f6r inom och utomhusbruk. Den \u00e4r tillverkad av komposit ett material som \u00e4r flams\u00e4kert och t\u00e5l p\u00e5frestningar. L\u00e4ser ber\u00f6ringsfria kort och nycklar och har inbyggd summer och sabotagekontakt.Den har lysdioder och nyckelh\u00e5lssymbol. Teknisk data: Str\u00f6mf\u00f6rs\u00f6rjning V DC: 12, levereras av centralenheten. F\u00f6rbrukning Watt: min 0,36 max 0,84 (Amp: min 0,03 max 0,07). Temperatur \u00b0C: -30 till +60. Luftfuktighet %: 10 till 100. Anslutning till centralenhet: Centralenheter med programmering via PC, 700XX: Ja, MC1: Ja. M\u00e5tt i mm: H\u00f6jd: 116, Bredd: 70, Djup: 20. Nettovikt i kg: 0,2.<\/p>","protected":false},"excerpt":{"rendered":"<p>\u00d6PPNA 1505 \u00e4r en svart utanp\u00e5liggande ber\u00f6ringsfri l\u00e4sare med knappsats f\u00f6r inom och utomhusbruk. Den \u00e4r tillverkad av komposit ett<\/p>","protected":false},"featured_media":79807,"template":"","meta":{"_acf_changed":false},"product_brand":[],"product_cat":[3473],"product_tag":[],"class_list":{"0":"post-79402","1":"product","2":"type-product","3":"status-publish","4":"has-post-thumbnail","6":"product_cat-aptus-passer-lasare","7":"product_shipping_class-tunga-paket","8":"pa_brands-aptus","9":"pa_farg-svart","10":"tm-no-options","12":"first","13":"outofstock","14":"sale","15":"taxable","16":"shipping-taxable","17":"product-type-simple"},"acf":[],"_links":{"self":[{"href":"https:\/\/stonehouse.se\/en\/wp-json\/wp\/v2\/product\/79402","targetHints":{"allow":["GET"]}}],"collection":[{"href":"https:\/\/stonehouse.se\/en\/wp-json\/wp\/v2\/product"}],"about":[{"href":"https:\/\/stonehouse.se\/en\/wp-json\/wp\/v2\/types\/product"}],"wp:featuredmedia":[{"embeddable":true,"href":"https:\/\/stonehouse.se\/en\/wp-json\/wp\/v2\/media\/79807"}],"wp:attachment":[{"href":"https:\/\/stonehouse.se\/en\/wp-json\/wp\/v2\/media?parent=79402"}],"wp:term":[{"taxonomy":"product_brand","embeddable":true,"href":"https:\/\/stonehouse.se\/en\/wp-json\/wp\/v2\/product_brand?post=79402"},{"taxonomy":"product_cat","embeddable":true,"href":"https:\/\/stonehouse.se\/en\/wp-json\/wp\/v2\/product_cat?post=79402"},{"taxonomy":"product_tag","embeddable":true,"href":"https:\/\/stonehouse.se\/en\/wp-json\/wp\/v2\/product_tag?post=79402"}],"curies":[{"name":"wp","href":"https:\/\/api.w.org\/{rel}","templated":true}]}}