
{"id":79406,"date":"2024-12-02T15:46:04","date_gmt":"2024-12-02T14:46:04","guid":{"rendered":"https:\/\/stonehouse.se\/produkt\/porttelefon-ringa-1707\/"},"modified":"2026-04-08T16:36:38","modified_gmt":"2026-04-08T14:36:38","slug":"porttelefon-ringa-1707","status":"publish","type":"product","link":"https:\/\/stonehouse.se\/en\/product\/porttelefon-ringa-1707\/","title":{"rendered":"PORTTELEFON RINGA 1707"},"content":{"rendered":"<p>RINGA 1707 \u00e4r passagekontroll, digitalt boenderegister och porttelefoni i en produkt. Porttelefonen \u00e4r utrustad med b\u00e5de l\u00e4sare och knappsats. Den ringer upp via hemtelefonen, IP-telefoni eller svarsapparaten AT 21. Teknisk data: Str\u00f6mf\u00f6rs\u00f6rjning V DC: 12, levereras av centralenheten. F\u00f6rbrukning Watt: min 0,84 max 4,5. Amp: min 0,07 max 0,375. Temperatur \u00b0C: -20 till +60. Luftfuktighet %: 10 till 100. Data: Max antal telefonnummer vid anv\u00e4ndning av TC 700: 8192. \u00d6ppning av d\u00f6rr m\u00f6jlig via: Svarsapparat: Ja, Fast telefoni: Ja, Mobiltelefon: Ja, Kortl\u00e4sare: Ja. Anslutning till centralenhet: Centralenheter med programmering via PC: 500XX: Nej, 600XX: Nej, 700XX Version R1 eller senare: Ja, Multiaccess Version 7.3 eller senare: Ja. M\u00e5tt i mm: H\u00f6jd: 285, Bredd: 116, Djup: 22. Nettovikt i kg: 1. Display: 3,8 tum (10 cm) i st\u00e5ende 4:3-format.<\/p>","protected":false},"excerpt":{"rendered":"<p>RINGA 1707 \u00e4r passagekontroll, digitalt boenderegister och porttelefoni i en produkt. Porttelefonen \u00e4r utrustad med b\u00e5de l\u00e4sare och knappsats. Den<\/p>","protected":false},"featured_media":79810,"template":"","meta":{"_acf_changed":false},"product_brand":[],"product_cat":[3476],"product_tag":[],"class_list":{"0":"post-79406","1":"product","2":"type-product","3":"status-publish","4":"has-post-thumbnail","6":"product_cat-aptus-tag-radionyckel","7":"product_shipping_class-tunga-paket","8":"pa_brands-aptus","9":"pa_farg-rostfritt-stal","10":"tm-no-options","12":"first","13":"instock","14":"sale","15":"taxable","16":"shipping-taxable","17":"product-type-simple"},"acf":[],"_links":{"self":[{"href":"https:\/\/stonehouse.se\/en\/wp-json\/wp\/v2\/product\/79406","targetHints":{"allow":["GET"]}}],"collection":[{"href":"https:\/\/stonehouse.se\/en\/wp-json\/wp\/v2\/product"}],"about":[{"href":"https:\/\/stonehouse.se\/en\/wp-json\/wp\/v2\/types\/product"}],"wp:featuredmedia":[{"embeddable":true,"href":"https:\/\/stonehouse.se\/en\/wp-json\/wp\/v2\/media\/79810"}],"wp:attachment":[{"href":"https:\/\/stonehouse.se\/en\/wp-json\/wp\/v2\/media?parent=79406"}],"wp:term":[{"taxonomy":"product_brand","embeddable":true,"href":"https:\/\/stonehouse.se\/en\/wp-json\/wp\/v2\/product_brand?post=79406"},{"taxonomy":"product_cat","embeddable":true,"href":"https:\/\/stonehouse.se\/en\/wp-json\/wp\/v2\/product_cat?post=79406"},{"taxonomy":"product_tag","embeddable":true,"href":"https:\/\/stonehouse.se\/en\/wp-json\/wp\/v2\/product_tag?post=79406"}],"curies":[{"name":"wp","href":"https:\/\/api.w.org\/{rel}","templated":true}]}}