
{"id":79408,"date":"2024-12-02T15:46:03","date_gmt":"2024-12-02T14:46:03","guid":{"rendered":"https:\/\/stonehouse.se\/produkt\/svarsapparat-svara-23\/"},"modified":"2026-04-08T16:35:26","modified_gmt":"2026-04-08T14:35:26","slug":"svarsapparat-svara-23","status":"publish","type":"product","link":"https:\/\/stonehouse.se\/en\/product\/svarsapparat-svara-23\/","title":{"rendered":"SVARSAPPARAT SVARA 23"},"content":{"rendered":"<p>Svara 23 \u00e4r en svarsapparat avsedd att besvara samtal fr\u00e5n porttelefon i ett Aptus porttelefonsystem. Svarsapparaten \u00e4r en h\u00f6gtalar- telefon som ansluts tr\u00e5dbundet till en centralenhet fr\u00e5n Aptus. Svara 23 \u00e4r bak\u00e5tkompatibel med f\u00f6reg\u00e5ngarna AT 20 och AT 21. Svara 23 kan kopplas till centralenheter av typen TC 500, TC 600, TC 700 eller till Styra 3000.<\/p>","protected":false},"excerpt":{"rendered":"<p>Svara 23 \u00e4r en svarsapparat avsedd att besvara samtal fr\u00e5n porttelefon i ett Aptus porttelefonsystem. Svarsapparaten \u00e4r en h\u00f6gtalar- telefon<\/p>","protected":false},"featured_media":79818,"template":"","meta":{"_acf_changed":false},"product_brand":[],"product_cat":[3474],"product_tag":[],"class_list":{"0":"post-79408","1":"product","2":"type-product","3":"status-publish","4":"has-post-thumbnail","6":"product_cat-aptus-passer-portapparat","7":"product_shipping_class-tunga-paket","8":"pa_brands-aptus","9":"tm-no-options","11":"first","12":"instock","13":"sale","14":"taxable","15":"shipping-taxable","16":"product-type-simple"},"acf":[],"_links":{"self":[{"href":"https:\/\/stonehouse.se\/en\/wp-json\/wp\/v2\/product\/79408","targetHints":{"allow":["GET"]}}],"collection":[{"href":"https:\/\/stonehouse.se\/en\/wp-json\/wp\/v2\/product"}],"about":[{"href":"https:\/\/stonehouse.se\/en\/wp-json\/wp\/v2\/types\/product"}],"wp:featuredmedia":[{"embeddable":true,"href":"https:\/\/stonehouse.se\/en\/wp-json\/wp\/v2\/media\/79818"}],"wp:attachment":[{"href":"https:\/\/stonehouse.se\/en\/wp-json\/wp\/v2\/media?parent=79408"}],"wp:term":[{"taxonomy":"product_brand","embeddable":true,"href":"https:\/\/stonehouse.se\/en\/wp-json\/wp\/v2\/product_brand?post=79408"},{"taxonomy":"product_cat","embeddable":true,"href":"https:\/\/stonehouse.se\/en\/wp-json\/wp\/v2\/product_cat?post=79408"},{"taxonomy":"product_tag","embeddable":true,"href":"https:\/\/stonehouse.se\/en\/wp-json\/wp\/v2\/product_tag?post=79408"}],"curies":[{"name":"wp","href":"https:\/\/api.w.org\/{rel}","templated":true}]}}