
{"id":79417,"date":"2024-12-02T15:56:41","date_gmt":"2024-12-02T14:56:41","guid":{"rendered":"https:\/\/stonehouse.se\/produkt\/aptusnyckel-stalbla-1\/"},"modified":"2026-04-08T16:33:25","modified_gmt":"2026-04-08T14:33:25","slug":"aptusnyckel-stalbla-1","status":"publish","type":"product","link":"https:\/\/stonehouse.se\/en\/product\/aptusnyckel-stalbla-1\/","title":{"rendered":"APTUSNYCKEL ST\u00c5LBL\u00c5 1"},"content":{"rendered":"","protected":false},"excerpt":{"rendered":"<p>Ber\u00f6ringsfri nyckel i nyckelh\u00e5lssymbol, graverad siffra 1 till 9 kan v\u00e4ljas i f\u00e4rgerna st\u00e5lbl\u00e5, m\u00f6rkbl\u00e5, gr\u00f6n, r\u00f6d.<\/p>","protected":false},"featured_media":79967,"template":"","meta":{"_acf_changed":false},"product_brand":[],"product_cat":[3476],"product_tag":[],"class_list":{"0":"post-79417","1":"product","2":"type-product","3":"status-publish","4":"has-post-thumbnail","6":"product_cat-aptus-tag-radionyckel","7":"product_shipping_class-postnord-varubrev","8":"pa_brands-aptus","9":"tm-no-options","11":"first","12":"instock","13":"sale","14":"taxable","15":"shipping-taxable","16":"product-type-simple"},"acf":[],"_links":{"self":[{"href":"https:\/\/stonehouse.se\/en\/wp-json\/wp\/v2\/product\/79417","targetHints":{"allow":["GET"]}}],"collection":[{"href":"https:\/\/stonehouse.se\/en\/wp-json\/wp\/v2\/product"}],"about":[{"href":"https:\/\/stonehouse.se\/en\/wp-json\/wp\/v2\/types\/product"}],"wp:featuredmedia":[{"embeddable":true,"href":"https:\/\/stonehouse.se\/en\/wp-json\/wp\/v2\/media\/79967"}],"wp:attachment":[{"href":"https:\/\/stonehouse.se\/en\/wp-json\/wp\/v2\/media?parent=79417"}],"wp:term":[{"taxonomy":"product_brand","embeddable":true,"href":"https:\/\/stonehouse.se\/en\/wp-json\/wp\/v2\/product_brand?post=79417"},{"taxonomy":"product_cat","embeddable":true,"href":"https:\/\/stonehouse.se\/en\/wp-json\/wp\/v2\/product_cat?post=79417"},{"taxonomy":"product_tag","embeddable":true,"href":"https:\/\/stonehouse.se\/en\/wp-json\/wp\/v2\/product_tag?post=79417"}],"curies":[{"name":"wp","href":"https:\/\/api.w.org\/{rel}","templated":true}]}}