
{"id":79430,"date":"2024-12-02T16:22:05","date_gmt":"2024-12-02T15:22:05","guid":{"rendered":"https:\/\/stonehouse.se\/produkt\/bokningstavla-boka1306\/"},"modified":"2026-04-08T16:40:42","modified_gmt":"2026-04-08T14:40:42","slug":"bokningstavla-boka1306","status":"publish","type":"product","link":"https:\/\/stonehouse.se\/en\/product\/bokningstavla-boka1306\/","title":{"rendered":"BOKNINGSTAVLA BOKA1306"},"content":{"rendered":"<p>BOKA 1306 \u00e4r en bokningstavla med l\u00e4sare som \u00e4r enkel att anv\u00e4nda och som t\u00e5l tuffa tag. Tavlan \u00e4r helt i rostfritt och den grafiska displayen skyddas av s\u00e4kerhetsglas. Monteras utanp\u00e5liggande. Teknisk data: Str\u00f6mf\u00f6rs\u00f6rjning V DC: 12, levereras av centralenheten. F\u00f6rbrukning Watt: min 2,1 max 9 (Amp: min 0,18 max 0,75). Temperatur \u00b0C: -0 till +40. Luftfuktighet %: 10 till 90. M\u00f6jligheter: Gruppera objekt: Ja, Slumpm\u00e4ssig tilldelning: Ja, Automatisk avbokning: Ja, Begr\u00e4nsa antalet bokningar: Ja, &#8220;Klippkortsfunktion&#8221;: Ja, Boka via Internet: Ja, Boka via Digital Informationstavla: Ja, Boka via administrations-pc: Ja, F\u00e5 ut statistik: Ja, Exportera en fil till Excel eller XML: Ja. Anslutning till centralenhet: Centralenheter med programmering via PC, 500XX: Nej, 600XX: Nej, 700XX Version R1 eller senare: Ja, Multiaccess Version 7.3 eller senare: Ja. M\u00e5tt i mm: H\u00f6jd: 308, Bredd: 280, Djup: 50. Nettovikt i kg: 3,6. Display: 8 tum i liggande 16:9-format.<\/p>","protected":false},"excerpt":{"rendered":"<p>BOKA 1306 \u00e4r en bokningstavla med l\u00e4sare som \u00e4r enkel att anv\u00e4nda och som t\u00e5l tuffa tag. Tavlan \u00e4r helt<\/p>","protected":false},"featured_media":79786,"template":"","meta":{"_acf_changed":false},"product_brand":[],"product_cat":[3477],"product_tag":[],"class_list":{"0":"post-79430","1":"product","2":"type-product","3":"status-publish","4":"has-post-thumbnail","6":"product_cat-aptus-bokningsystem","7":"product_shipping_class-tunga-paket","8":"pa_brands-aptus","9":"tm-no-options","11":"first","12":"instock","13":"sale","14":"taxable","15":"shipping-taxable","16":"product-type-simple"},"acf":[],"_links":{"self":[{"href":"https:\/\/stonehouse.se\/en\/wp-json\/wp\/v2\/product\/79430","targetHints":{"allow":["GET"]}}],"collection":[{"href":"https:\/\/stonehouse.se\/en\/wp-json\/wp\/v2\/product"}],"about":[{"href":"https:\/\/stonehouse.se\/en\/wp-json\/wp\/v2\/types\/product"}],"wp:featuredmedia":[{"embeddable":true,"href":"https:\/\/stonehouse.se\/en\/wp-json\/wp\/v2\/media\/79786"}],"wp:attachment":[{"href":"https:\/\/stonehouse.se\/en\/wp-json\/wp\/v2\/media?parent=79430"}],"wp:term":[{"taxonomy":"product_brand","embeddable":true,"href":"https:\/\/stonehouse.se\/en\/wp-json\/wp\/v2\/product_brand?post=79430"},{"taxonomy":"product_cat","embeddable":true,"href":"https:\/\/stonehouse.se\/en\/wp-json\/wp\/v2\/product_cat?post=79430"},{"taxonomy":"product_tag","embeddable":true,"href":"https:\/\/stonehouse.se\/en\/wp-json\/wp\/v2\/product_tag?post=79430"}],"curies":[{"name":"wp","href":"https:\/\/api.w.org\/{rel}","templated":true}]}}