
{"id":79432,"date":"2024-12-02T16:22:05","date_gmt":"2024-12-02T15:22:05","guid":{"rendered":"https:\/\/stonehouse.se\/produkt\/kommunikationstavla-agera-22\/"},"modified":"2026-04-08T16:34:30","modified_gmt":"2026-04-08T14:34:30","slug":"kommunikationstavla-agera-22","status":"publish","type":"product","link":"https:\/\/stonehouse.se\/en\/product\/kommunikationstavla-agera-22\/","title":{"rendered":"KOMMUNIKATIONSTAVLA AGERA 22"},"content":{"rendered":"<p>Agera 22 \u00e4r n\u00e4sta generation kommunikationstavla fr\u00e5n Aptus. Nya Agera 22 \u00e4r elegant med borstad metall och helt\u00e4ckande glasfront. Sk\u00e4rmen har swipe-funktion och r\u00f6relsedetektor. Agera 22 \u00e4r utrustad med ett flexibelt gr\u00e4nssnitt och erbjuder ett nytt enklare s\u00e4tt att publicera artiklar. Via publiceringsverktyget i Hantera Styra best\u00e4mmer man i vilka trappuppg\u00e5ngar och hur l\u00e4nge artiklar ska vara publicerade (nytt \u00e4r ocks\u00e5 att man kan prioritera artiklar som visas oftare \u00e4n andra artiklar). Man kan uppdatera fastigheters boenderegister, s\u00e5 att exempelvis nyinflyttade kan gl\u00e4djas att m\u00f6ta r\u00e4tt information vid inflyttning. Man kan \u00e4ven v\u00e4lja att publicera dokument som artiklar (exempelvis jpeg, pdf-, och docfiler). Som inloggad hittar man felanm\u00e4lning och bokning av allm\u00e4nna utrymmen, som exempelvis bastu och tv\u00e4ttstuga. Hyresg\u00e4sten kan hantera sin personliga information, \u00e4ndra porttelefonnummer och sp\u00e4rra ber\u00f6ringsfria nycklar. Agera 22 l\u00e4ser ber\u00f6ringsfria EM- och Mifare Classicnycklar. En bonus \u00e4r att hyresg\u00e4sterna kan l\u00e4sa artiklar och individuella meddelanden publicerade f\u00f6r kommunikationstavla artiklar i appen Aptus Home och p\u00e5 webbportalen Aptusportal. Tekniska data: Sk\u00e4rm: TFT LCD Sk\u00e4rm 21,5\u201d (1920 x 1080) peksk\u00e4rmsinterface ODM 3mm EETI. Elektrisk anslutning: Str\u00f6mf\u00f6rs\u00f6rjning V DC 12 &#8211; 24. F\u00f6rbrukning Watt: min 20 max 40. Amp: min 0,8 max 1,7 adapter f\u00f6r 230 V ing\u00e5r. Kommunikation: Ethernet. Systemkrav: Multiaccess: min 7.16, rek 8.8.3, Aptusportal (Endast vid inloggning): min 7.16, rek 8.8.2, Hantera: min 7.16, rek 8.8.2, Agera (Agera Server Application): min 7.16, rek 8.8.1. \u00d6vriga egenskaper: Integrerad industri-PC: Ja. Operativsystem: Windows 10 IOT (64 bit). Inbyggd h\u00f6gtalare: Nej. Inbyggd r\u00f6relsedetektor, radar: Ja. St\u00f6djer svep: Ja. Ber\u00f6ringsfri kombil\u00e4sare: Ja. St\u00f6djer HTTPS: Ja. M\u00e5tt (HxBxDj): 390x537x45 mm. Nettovikt: 12 kg.<\/p>","protected":false},"excerpt":{"rendered":"<p>Agera 22 \u00e4r n\u00e4sta generation kommunikationstavla fr\u00e5n Aptus. Nya Agera 22 \u00e4r elegant med borstad metall och helt\u00e4ckande glasfront. Sk\u00e4rmen<\/p>","protected":false},"featured_media":79782,"template":"","meta":{"_acf_changed":false},"product_brand":[],"product_cat":[3477],"product_tag":[],"class_list":{"0":"post-79432","1":"product","2":"type-product","3":"status-publish","4":"has-post-thumbnail","6":"product_cat-aptus-bokningsystem","7":"product_shipping_class-tunga-paket","8":"pa_brands-aptus","9":"tm-no-options","11":"first","12":"instock","13":"sale","14":"taxable","15":"shipping-taxable","16":"product-type-simple"},"acf":[],"_links":{"self":[{"href":"https:\/\/stonehouse.se\/en\/wp-json\/wp\/v2\/product\/79432","targetHints":{"allow":["GET"]}}],"collection":[{"href":"https:\/\/stonehouse.se\/en\/wp-json\/wp\/v2\/product"}],"about":[{"href":"https:\/\/stonehouse.se\/en\/wp-json\/wp\/v2\/types\/product"}],"wp:featuredmedia":[{"embeddable":true,"href":"https:\/\/stonehouse.se\/en\/wp-json\/wp\/v2\/media\/79782"}],"wp:attachment":[{"href":"https:\/\/stonehouse.se\/en\/wp-json\/wp\/v2\/media?parent=79432"}],"wp:term":[{"taxonomy":"product_brand","embeddable":true,"href":"https:\/\/stonehouse.se\/en\/wp-json\/wp\/v2\/product_brand?post=79432"},{"taxonomy":"product_cat","embeddable":true,"href":"https:\/\/stonehouse.se\/en\/wp-json\/wp\/v2\/product_cat?post=79432"},{"taxonomy":"product_tag","embeddable":true,"href":"https:\/\/stonehouse.se\/en\/wp-json\/wp\/v2\/product_tag?post=79432"}],"curies":[{"name":"wp","href":"https:\/\/api.w.org\/{rel}","templated":true}]}}