
{"id":79444,"date":"2024-12-03T11:31:43","date_gmt":"2024-12-03T10:31:43","guid":{"rendered":"https:\/\/stonehouse.se\/produkt\/radionyckel-vaka\/"},"modified":"2026-04-08T16:34:20","modified_gmt":"2026-04-08T14:34:20","slug":"radionyckel-vaka","status":"publish","type":"product","link":"https:\/\/stonehouse.se\/en\/product\/radionyckel-vaka\/","title":{"rendered":"RADIONYCKEL VAKA"},"content":{"rendered":"<p>Radionyckel f\u00f6r VAKA C18 samt l\u00e4sare A61 och A66. Radionyckeln har en unik identitet och knyts till person i VAKA systemet, p\u00e5 samma s\u00e4tt som en bricka eller ett kort. Radionycklarna kan d\u00e5 enkelt tidskontrolleras, sp\u00e4rras ut och ges beh\u00f6righet till olika d\u00f6rrar. Kommunikationen mellan radionycklarna och C18 \u00e4r krypterad och medger h\u00f6g s\u00e4kerhet mot avlyssning. Fyra knappar med unika ID koder kan programmeras att styra olika d\u00f6rrar\/rel\u00e4er. Elegant design med skjutbart lock som skyddar mot ofrivillig knapptryckning. R\u00e4ckvidd beroende p\u00e5 yttre omst\u00e4ndigheter ca 5-50 m. Batteri 12V (typ 27A) ing\u00e5r.<\/p>","protected":false},"excerpt":{"rendered":"<p>Radionyckel f\u00f6r VAKA C18 samt l\u00e4sare A61 och A66. Radionyckeln har en unik identitet och knyts till person i VAKA<\/p>","protected":false},"featured_media":79994,"template":"","meta":{"_acf_changed":false},"product_brand":[],"product_cat":[3478],"product_tag":[],"class_list":{"0":"post-79444","1":"product","2":"type-product","3":"status-publish","4":"has-post-thumbnail","6":"product_cat-axema-passer","7":"product_shipping_class-postnord-varubrev","8":"tm-no-options","10":"first","11":"instock","12":"sale","13":"taxable","14":"shipping-taxable","15":"product-type-simple"},"acf":[],"_links":{"self":[{"href":"https:\/\/stonehouse.se\/en\/wp-json\/wp\/v2\/product\/79444","targetHints":{"allow":["GET"]}}],"collection":[{"href":"https:\/\/stonehouse.se\/en\/wp-json\/wp\/v2\/product"}],"about":[{"href":"https:\/\/stonehouse.se\/en\/wp-json\/wp\/v2\/types\/product"}],"wp:featuredmedia":[{"embeddable":true,"href":"https:\/\/stonehouse.se\/en\/wp-json\/wp\/v2\/media\/79994"}],"wp:attachment":[{"href":"https:\/\/stonehouse.se\/en\/wp-json\/wp\/v2\/media?parent=79444"}],"wp:term":[{"taxonomy":"product_brand","embeddable":true,"href":"https:\/\/stonehouse.se\/en\/wp-json\/wp\/v2\/product_brand?post=79444"},{"taxonomy":"product_cat","embeddable":true,"href":"https:\/\/stonehouse.se\/en\/wp-json\/wp\/v2\/product_cat?post=79444"},{"taxonomy":"product_tag","embeddable":true,"href":"https:\/\/stonehouse.se\/en\/wp-json\/wp\/v2\/product_tag?post=79444"}],"curies":[{"name":"wp","href":"https:\/\/api.w.org\/{rel}","templated":true}]}}