
{"id":79446,"date":"2024-12-03T11:31:43","date_gmt":"2024-12-03T10:31:43","guid":{"rendered":"https:\/\/stonehouse.se\/produkt\/lasare-vaka-a73\/"},"modified":"2026-04-08T16:40:29","modified_gmt":"2026-04-08T14:40:29","slug":"lasare-vaka-a73","status":"publish","type":"product","link":"https:\/\/stonehouse.se\/en\/product\/lasare-vaka-a73\/","title":{"rendered":"L\u00c4SARE VAKA A73"},"content":{"rendered":"<p>L\u00e4sare MIFARE och EM f\u00f6r ber\u00f6ringsfria kort eller brickor. A73 \u00e4r byggd i en robust och motst\u00e5ndskraftig metallkapsling avsedd f\u00f6r utomhusbruk. Knappsatsen anv\u00e4nds f\u00f6r personlig kod (PIN) eller f\u00f6r gruppkod, som kan begr\u00e4nsas till vissa tider\/dagar. En inbyggd h\u00f6gtalare ger ljudindikeringar vid knapptryckningar, varningar, larm (sabotage mm.), samt meddelanden.Mycket god l\u00e4sbarhet, ca 7 cm med EM-bricka och 2-4cm med MIFARE.A73 kopplas med 4-tr\u00e5d till d\u00f6rrcentral VAKA B28 eller B18.A73 har lokalt l\u00e5srel\u00e4 och tv\u00e5 ing\u00e5ngar.Notera att A73 saknar IR-l\u00e4sare.Tekniska Data: Robust l\u00e5sbar metallkapsling, Knappar i metall, L\u00e4ser EM4200, MIFARE Classic &amp; DESFire EV2 och EV, Bakgrundsbelysta siffror, H\u00f6gtalare, Gr\u00f6n diod = l\u00e5s ol\u00e5st, Gul diod f\u00f6r PIN, R\u00f6d diod f\u00f6r larmindikering, Temperatur: -30\u00b0 till + 55\u00b0C, M\u00e5tt: 184x87x27 (HxBxD)<\/p>","protected":false},"excerpt":{"rendered":"<p>L\u00e4sare MIFARE och EM f\u00f6r ber\u00f6ringsfria kort eller brickor. A73 \u00e4r byggd i en robust och motst\u00e5ndskraftig metallkapsling avsedd f\u00f6r<\/p>","protected":false},"featured_media":79776,"template":"","meta":{"_acf_changed":false},"product_brand":[],"product_cat":[3478],"product_tag":[],"class_list":{"0":"post-79446","1":"product","2":"type-product","3":"status-publish","4":"has-post-thumbnail","6":"product_cat-axema-passer","7":"product_shipping_class-tunga-paket","8":"tm-no-options","10":"first","11":"instock","12":"sale","13":"taxable","14":"shipping-taxable","15":"product-type-simple"},"acf":[],"_links":{"self":[{"href":"https:\/\/stonehouse.se\/en\/wp-json\/wp\/v2\/product\/79446","targetHints":{"allow":["GET"]}}],"collection":[{"href":"https:\/\/stonehouse.se\/en\/wp-json\/wp\/v2\/product"}],"about":[{"href":"https:\/\/stonehouse.se\/en\/wp-json\/wp\/v2\/types\/product"}],"wp:featuredmedia":[{"embeddable":true,"href":"https:\/\/stonehouse.se\/en\/wp-json\/wp\/v2\/media\/79776"}],"wp:attachment":[{"href":"https:\/\/stonehouse.se\/en\/wp-json\/wp\/v2\/media?parent=79446"}],"wp:term":[{"taxonomy":"product_brand","embeddable":true,"href":"https:\/\/stonehouse.se\/en\/wp-json\/wp\/v2\/product_brand?post=79446"},{"taxonomy":"product_cat","embeddable":true,"href":"https:\/\/stonehouse.se\/en\/wp-json\/wp\/v2\/product_cat?post=79446"},{"taxonomy":"product_tag","embeddable":true,"href":"https:\/\/stonehouse.se\/en\/wp-json\/wp\/v2\/product_tag?post=79446"}],"curies":[{"name":"wp","href":"https:\/\/api.w.org\/{rel}","templated":true}]}}