
{"id":79458,"date":"2024-12-03T11:31:44","date_gmt":"2024-12-03T10:31:44","guid":{"rendered":"https:\/\/stonehouse.se\/produkt\/lasare-vaka-a45i-hd\/"},"modified":"2026-04-08T16:31:50","modified_gmt":"2026-04-08T14:31:50","slug":"lasare-vaka-a45i-hd","status":"publish","type":"product","link":"https:\/\/stonehouse.se\/en\/product\/lasare-vaka-a45i-hd\/","title":{"rendered":"L\u00c4SARE VAKA A45I-HD"},"content":{"rendered":"<p>VAKA-l\u00e4sare f\u00f6r ber\u00f6ringsfria kort eller brickor, b\u00e5de EM och Mifare. A45i-HD \u00e4r designad f\u00f6r montering i utsatta milj\u00f6er som t ex garage och grindar. Den inbyggda h\u00f6gtalaren ger ljudindikeringar vid varningar, larm (sabotage mm.) samt talmeddelanden. L\u00e4savst\u00e5ndet \u00e4r ca 10 cm med EM bricka och 2-4 cm med MIFARE. A45i-HD kopplas till VAKA d\u00f6rrcentral.<\/p>","protected":false},"excerpt":{"rendered":"<p>VAKA-l\u00e4sare f\u00f6r ber\u00f6ringsfria kort eller brickor, b\u00e5de EM och Mifare. A45i-HD \u00e4r designad f\u00f6r montering i utsatta milj\u00f6er som t<\/p>","protected":false},"featured_media":79981,"template":"","meta":{"_acf_changed":false},"product_brand":[],"product_cat":[3478],"product_tag":[],"class_list":{"0":"post-79458","1":"product","2":"type-product","3":"status-publish","4":"has-post-thumbnail","6":"product_cat-axema-passer","7":"product_shipping_class-tunga-paket","8":"tm-no-options","10":"first","11":"instock","12":"sale","13":"taxable","14":"shipping-taxable","15":"product-type-simple"},"acf":[],"_links":{"self":[{"href":"https:\/\/stonehouse.se\/en\/wp-json\/wp\/v2\/product\/79458","targetHints":{"allow":["GET"]}}],"collection":[{"href":"https:\/\/stonehouse.se\/en\/wp-json\/wp\/v2\/product"}],"about":[{"href":"https:\/\/stonehouse.se\/en\/wp-json\/wp\/v2\/types\/product"}],"wp:featuredmedia":[{"embeddable":true,"href":"https:\/\/stonehouse.se\/en\/wp-json\/wp\/v2\/media\/79981"}],"wp:attachment":[{"href":"https:\/\/stonehouse.se\/en\/wp-json\/wp\/v2\/media?parent=79458"}],"wp:term":[{"taxonomy":"product_brand","embeddable":true,"href":"https:\/\/stonehouse.se\/en\/wp-json\/wp\/v2\/product_brand?post=79458"},{"taxonomy":"product_cat","embeddable":true,"href":"https:\/\/stonehouse.se\/en\/wp-json\/wp\/v2\/product_cat?post=79458"},{"taxonomy":"product_tag","embeddable":true,"href":"https:\/\/stonehouse.se\/en\/wp-json\/wp\/v2\/product_tag?post=79458"}],"curies":[{"name":"wp","href":"https:\/\/api.w.org\/{rel}","templated":true}]}}