
{"id":79464,"date":"2024-12-03T11:31:45","date_gmt":"2024-12-03T10:31:45","guid":{"rendered":"https:\/\/stonehouse.se\/produkt\/kodlas-a04\/"},"modified":"2026-04-08T16:31:37","modified_gmt":"2026-04-08T14:31:37","slug":"kodlas-a04","status":"publish","type":"product","link":"https:\/\/stonehouse.se\/en\/product\/kodlas-a04\/","title":{"rendered":"KODL\u00c5S A04"},"content":{"rendered":"<p>Kompaktkodl\u00e5s f\u00f6r inom och utomhusbruk, i en robust och t\u00e5lig metallkapsling. A04 \u00e4r superenkel att programmera tack vare fyra funktionsknappar p\u00e5 kodl\u00e5set. Knapp 1, 2 och 3 anv\u00e4nds f\u00f6r att programmera\/byta respektive kod, samt den 4:e knappen f\u00f6r att st\u00e4lla in \u00f6ppningstid p\u00e5 l\u00e5srel\u00e4et. Den inbyggda h\u00f6gtalaren ger ljudindikeringar vid knapptryckningar samt vid programmering. Det inbyggda solid state rel\u00e4et p\u00e5verkas inte av vibrationer eller magnetf\u00e4lt. Robust l\u00e5sbar metallkapsling, Knappar i metall, Bakgrundsbelysta siffror, 3 koder (4-siffriga), 1-99 sek. \u00f6ppningstid, Ing\u00e5ng f\u00f6r \u00f6ppnaknapp, Ing\u00e5ng f\u00f6r tidur (blockering kod 3), Blockering vid felslag, Gr\u00f6n diod = l\u00e5s ol\u00e5st, Gul diod vid knapptryckning, Temperatur: -30\u00b0 till + 55\u00b0C, Sp\u00e4nning: 10-40 VDC \/ 8-35 VAC, Max last \u00f6ver rel\u00e4kontakt: 1 A 30V DC, M\u00e5tt: 184x87x27 (HxBxD).<\/p>","protected":false},"excerpt":{"rendered":"<p>Kompaktkodl\u00e5s f\u00f6r inom och utomhusbruk, i en robust och t\u00e5lig metallkapsling. A04 \u00e4r superenkel att programmera tack vare fyra funktionsknappar<\/p>","protected":false},"featured_media":79971,"template":"","meta":{"_acf_changed":false},"product_brand":[],"product_cat":[3478],"product_tag":[],"class_list":{"0":"post-79464","1":"product","2":"type-product","3":"status-publish","4":"has-post-thumbnail","6":"product_cat-axema-passer","7":"product_shipping_class-tunga-paket","8":"tm-no-options","10":"first","11":"outofstock","12":"sale","13":"taxable","14":"shipping-taxable","15":"product-type-simple"},"acf":[],"_links":{"self":[{"href":"https:\/\/stonehouse.se\/en\/wp-json\/wp\/v2\/product\/79464","targetHints":{"allow":["GET"]}}],"collection":[{"href":"https:\/\/stonehouse.se\/en\/wp-json\/wp\/v2\/product"}],"about":[{"href":"https:\/\/stonehouse.se\/en\/wp-json\/wp\/v2\/types\/product"}],"wp:featuredmedia":[{"embeddable":true,"href":"https:\/\/stonehouse.se\/en\/wp-json\/wp\/v2\/media\/79971"}],"wp:attachment":[{"href":"https:\/\/stonehouse.se\/en\/wp-json\/wp\/v2\/media?parent=79464"}],"wp:term":[{"taxonomy":"product_brand","embeddable":true,"href":"https:\/\/stonehouse.se\/en\/wp-json\/wp\/v2\/product_brand?post=79464"},{"taxonomy":"product_cat","embeddable":true,"href":"https:\/\/stonehouse.se\/en\/wp-json\/wp\/v2\/product_cat?post=79464"},{"taxonomy":"product_tag","embeddable":true,"href":"https:\/\/stonehouse.se\/en\/wp-json\/wp\/v2\/product_tag?post=79464"}],"curies":[{"name":"wp","href":"https:\/\/api.w.org\/{rel}","templated":true}]}}