
{"id":79466,"date":"2024-12-03T11:31:45","date_gmt":"2024-12-03T10:31:45","guid":{"rendered":"https:\/\/stonehouse.se\/produkt\/dorrlarm-udr-plus\/"},"modified":"2026-04-08T16:31:25","modified_gmt":"2026-04-08T14:31:25","slug":"dorrlarm-udr-plus","status":"publish","type":"product","link":"https:\/\/stonehouse.se\/en\/product\/dorrlarm-udr-plus\/","title":{"rendered":"D\u00d6RRLARM UDR-PLUS"},"content":{"rendered":"<p>UDR-Plus \u00e4r ett kompakt d\u00f6rrlarm med en rad inst\u00e4llningsm\u00f6jligheter och \u00e4r en f\u00e4rdig l\u00f6sning f\u00f6r utrymningsd\u00f6rrar av norm EN179 eller EN1125. UDR anv\u00e4nds f\u00f6r \u00f6vervakning av personal- och bakd\u00f6rrar i m\u00e5nga milj\u00f6er; butiker, kontor, idrottshallar, varuhus \u00e4r n\u00e5gra exempel.<\/p>","protected":false},"excerpt":{"rendered":"<p>UDR-Plus \u00e4r ett kompakt d\u00f6rrlarm med en rad inst\u00e4llningsm\u00f6jligheter och \u00e4r en f\u00e4rdig l\u00f6sning f\u00f6r utrymningsd\u00f6rrar av norm EN179 eller<\/p>","protected":false},"featured_media":79759,"template":"","meta":{"_acf_changed":false},"product_brand":[],"product_cat":[3478],"product_tag":[],"class_list":{"0":"post-79466","1":"product","2":"type-product","3":"status-publish","4":"has-post-thumbnail","6":"product_cat-axema-passer","7":"product_shipping_class-tunga-paket","8":"tm-no-options","10":"first","11":"instock","12":"sale","13":"taxable","14":"shipping-taxable","15":"product-type-simple"},"acf":[],"_links":{"self":[{"href":"https:\/\/stonehouse.se\/en\/wp-json\/wp\/v2\/product\/79466","targetHints":{"allow":["GET"]}}],"collection":[{"href":"https:\/\/stonehouse.se\/en\/wp-json\/wp\/v2\/product"}],"about":[{"href":"https:\/\/stonehouse.se\/en\/wp-json\/wp\/v2\/types\/product"}],"wp:featuredmedia":[{"embeddable":true,"href":"https:\/\/stonehouse.se\/en\/wp-json\/wp\/v2\/media\/79759"}],"wp:attachment":[{"href":"https:\/\/stonehouse.se\/en\/wp-json\/wp\/v2\/media?parent=79466"}],"wp:term":[{"taxonomy":"product_brand","embeddable":true,"href":"https:\/\/stonehouse.se\/en\/wp-json\/wp\/v2\/product_brand?post=79466"},{"taxonomy":"product_cat","embeddable":true,"href":"https:\/\/stonehouse.se\/en\/wp-json\/wp\/v2\/product_cat?post=79466"},{"taxonomy":"product_tag","embeddable":true,"href":"https:\/\/stonehouse.se\/en\/wp-json\/wp\/v2\/product_tag?post=79466"}],"curies":[{"name":"wp","href":"https:\/\/api.w.org\/{rel}","templated":true}]}}