
{"id":79468,"date":"2024-12-03T11:31:45","date_gmt":"2024-12-03T10:31:45","guid":{"rendered":"https:\/\/stonehouse.se\/produkt\/domankontroller-b60\/"},"modified":"2026-04-08T16:32:48","modified_gmt":"2026-04-08T14:32:48","slug":"domankontroller-b60","status":"publish","type":"product","link":"https:\/\/stonehouse.se\/en\/product\/domankontroller-b60\/","title":{"rendered":"DOM\u00c4NKONTROLLER B60"},"content":{"rendered":"<p>Centralenhet f\u00f6r st\u00f6rre VAKA-system eller d\u00e4r vissa funktioner \u00f6nskas, t ex bokning. B60 hanterar upp till 50 d\u00f6rrar i olika typer av n\u00e4rverkskonfigurationer och kan byggas ut med flera B60 centraler och bilda dom\u00e4ner med sammanlagt upp till 1 000 d\u00f6rrar. Tekniska Data: L\u00e5sbar Plastkapsling med display, 2 st. RJ45 portar (LAN och WAN), Integrerad webb-plattform, Inbyggd router och brandv\u00e4gg, St\u00f6d f\u00f6r DHCP-klient, Plats f\u00f6r 2 moduler, Temperatur: 0\u00b0 till + 55\u00b0 C, Sp\u00e4nning: PoE 802.3at \/ 10-30V DC, M\u00e5tt: 180x280x60 (HxBxD).<\/p>","protected":false},"excerpt":{"rendered":"<p>Centralenhet f\u00f6r st\u00f6rre VAKA-system eller d\u00e4r vissa funktioner \u00f6nskas, t ex bokning. B60 hanterar upp till 50 d\u00f6rrar i olika<\/p>","protected":false},"featured_media":79953,"template":"","meta":{"_acf_changed":false},"product_brand":[],"product_cat":[3478],"product_tag":[],"class_list":{"0":"post-79468","1":"product","2":"type-product","3":"status-publish","4":"has-post-thumbnail","6":"product_cat-axema-passer","7":"product_shipping_class-tunga-paket","8":"tm-no-options","10":"first","11":"instock","12":"sale","13":"taxable","14":"shipping-taxable","15":"product-type-simple"},"acf":[],"_links":{"self":[{"href":"https:\/\/stonehouse.se\/en\/wp-json\/wp\/v2\/product\/79468","targetHints":{"allow":["GET"]}}],"collection":[{"href":"https:\/\/stonehouse.se\/en\/wp-json\/wp\/v2\/product"}],"about":[{"href":"https:\/\/stonehouse.se\/en\/wp-json\/wp\/v2\/types\/product"}],"wp:featuredmedia":[{"embeddable":true,"href":"https:\/\/stonehouse.se\/en\/wp-json\/wp\/v2\/media\/79953"}],"wp:attachment":[{"href":"https:\/\/stonehouse.se\/en\/wp-json\/wp\/v2\/media?parent=79468"}],"wp:term":[{"taxonomy":"product_brand","embeddable":true,"href":"https:\/\/stonehouse.se\/en\/wp-json\/wp\/v2\/product_brand?post=79468"},{"taxonomy":"product_cat","embeddable":true,"href":"https:\/\/stonehouse.se\/en\/wp-json\/wp\/v2\/product_cat?post=79468"},{"taxonomy":"product_tag","embeddable":true,"href":"https:\/\/stonehouse.se\/en\/wp-json\/wp\/v2\/product_tag?post=79468"}],"curies":[{"name":"wp","href":"https:\/\/api.w.org\/{rel}","templated":true}]}}