
{"id":79470,"date":"2024-12-03T11:31:45","date_gmt":"2024-12-03T10:31:45","guid":{"rendered":"https:\/\/stonehouse.se\/produkt\/porttelefon-vaka-call-master\/"},"modified":"2026-04-08T16:35:45","modified_gmt":"2026-04-08T14:35:45","slug":"porttelefon-vaka-call-master","status":"publish","type":"product","link":"https:\/\/stonehouse.se\/en\/product\/porttelefon-vaka-call-master\/","title":{"rendered":"PORTTELEFON VAKA-CALL MASTER"},"content":{"rendered":"<p>Modern IP-baserad porttelefon med integrerat passersystem d\u00e4r det mesta ing\u00e5r: taggl\u00e4sare, kodl\u00e5s och IR-mottagare f\u00f6r Posten m fl. Porttelefonen ringer till hyresg\u00e4stens fasta hemtelefon, mobiltelefon eller en tr\u00e5dl\u00f6s svarstelefon. Komplettera med VAKA-CALL Slave (5801176) f\u00f6r fler d\u00f6rrar med porttelefon, eller med l\u00e4mpliga VAKA-produkter f\u00f6r passerkontroll till \u00f6vriga d\u00f6rrar. VAKA-CALL \u00e4r en framtidss\u00e4ker l\u00f6sning f\u00f6r s\u00e5v\u00e4l nyinstallationer som vid utbyte av gamla system, d\u00e5 befintlig kabel mellan central och portapparat kan \u00e5teranv\u00e4ndas (4-tr\u00e5d upp till 150 m). Paketet inneh\u00e5ller: B28 d\u00f6rrcentral (5871091), A66 l\u00e4sare med display (5870494) och C10 modul porttelefon master (5877475). Porttelefon-samtalen sker \u00f6ver internet och abonnemang f\u00f6r IP-telefoni kan tecknas via f\u00f6ljande adress: https:\/\/www.axema.se\/abonnemang\/<\/p>","protected":false},"excerpt":{"rendered":"<p>Modern IP-baserad porttelefon med integrerat passersystem d\u00e4r det mesta ing\u00e5r: taggl\u00e4sare, kodl\u00e5s och IR-mottagare f\u00f6r Posten m fl. Porttelefonen ringer<\/p>","protected":false},"featured_media":79968,"template":"","meta":{"_acf_changed":false},"product_brand":[],"product_cat":[3478],"product_tag":[],"class_list":{"0":"post-79470","1":"product","2":"type-product","3":"status-publish","4":"has-post-thumbnail","6":"product_cat-axema-passer","7":"product_shipping_class-tunga-paket","8":"tm-no-options","10":"first","11":"outofstock","12":"sale","13":"taxable","14":"shipping-taxable","15":"product-type-simple"},"acf":[],"_links":{"self":[{"href":"https:\/\/stonehouse.se\/en\/wp-json\/wp\/v2\/product\/79470","targetHints":{"allow":["GET"]}}],"collection":[{"href":"https:\/\/stonehouse.se\/en\/wp-json\/wp\/v2\/product"}],"about":[{"href":"https:\/\/stonehouse.se\/en\/wp-json\/wp\/v2\/types\/product"}],"wp:featuredmedia":[{"embeddable":true,"href":"https:\/\/stonehouse.se\/en\/wp-json\/wp\/v2\/media\/79968"}],"wp:attachment":[{"href":"https:\/\/stonehouse.se\/en\/wp-json\/wp\/v2\/media?parent=79470"}],"wp:term":[{"taxonomy":"product_brand","embeddable":true,"href":"https:\/\/stonehouse.se\/en\/wp-json\/wp\/v2\/product_brand?post=79470"},{"taxonomy":"product_cat","embeddable":true,"href":"https:\/\/stonehouse.se\/en\/wp-json\/wp\/v2\/product_cat?post=79470"},{"taxonomy":"product_tag","embeddable":true,"href":"https:\/\/stonehouse.se\/en\/wp-json\/wp\/v2\/product_tag?post=79470"}],"curies":[{"name":"wp","href":"https:\/\/api.w.org\/{rel}","templated":true}]}}