
{"id":79472,"date":"2024-12-03T11:31:45","date_gmt":"2024-12-03T10:31:45","guid":{"rendered":"https:\/\/stonehouse.se\/produkt\/kombilasare-a63\/"},"modified":"2026-04-08T16:35:38","modified_gmt":"2026-04-08T14:35:38","slug":"kombilasare-a63","status":"publish","type":"product","link":"https:\/\/stonehouse.se\/en\/product\/kombilasare-a63\/","title":{"rendered":"KOMBIL\u00c4SARE A63"},"content":{"rendered":"<p>VAKA-l\u00e4sare (RFID) med knappsats och som kopplas till d\u00f6rrcentral B27 eller B17 (max 150 m). Robust och motst\u00e5ndskraftig metallkapsling f\u00f6r utomhusbruk. Anv\u00e4ndarv\u00e4nlig l\u00e4sare med avl\u00e4sning f\u00f6r EM (8-10 cm) eller Mifare (2-4 cm) samt med knappsats som anv\u00e4ndas f\u00f6r personlig kod (PIN) eller f\u00f6r sk. gruppkod. Den inbyggda h\u00f6gtalaren ger ljudindikeringar vid knapptryckningar, varningar, larm (sabotage mm.) samt talmeddelanden. Tekniska Data: Robust l\u00e5sbar metallkapsling, Knappar i metall, Bakgrundsbelysta siffror, L\u00e4sare EM4200\/4102 samt Mifare, H\u00f6gtalare integrerad, Gr\u00f6n diod = l\u00e5s ol\u00e5st, Gul diod = kod, R\u00f6d diod = nekat tilltr\u00e4de\/larmindikering, Bl\u00e5 diod = kort avl\u00e4st, Temperatur: -30\u00b0 till + 55\u00b0C, Sp\u00e4nning: fr\u00e5n d\u00f6rrcentral, Str\u00f6mf\u00f6rbrukning: 45-60 mA i vila, M\u00e5tt: 184x87x27 (HxBxD).<\/p>","protected":false},"excerpt":{"rendered":"<p>VAKA-l\u00e4sare (RFID) med knappsats och som kopplas till d\u00f6rrcentral B27 eller B17 (max 150 m). Robust och motst\u00e5ndskraftig metallkapsling f\u00f6r<\/p>","protected":false},"featured_media":79959,"template":"","meta":{"_acf_changed":false},"product_brand":[],"product_cat":[3478],"product_tag":[],"class_list":{"0":"post-79472","1":"product","2":"type-product","3":"status-publish","4":"has-post-thumbnail","6":"product_cat-axema-passer","7":"product_shipping_class-tunga-paket","8":"tm-no-options","10":"first","11":"outofstock","12":"sale","13":"taxable","14":"shipping-taxable","15":"product-type-simple"},"acf":[],"_links":{"self":[{"href":"https:\/\/stonehouse.se\/en\/wp-json\/wp\/v2\/product\/79472","targetHints":{"allow":["GET"]}}],"collection":[{"href":"https:\/\/stonehouse.se\/en\/wp-json\/wp\/v2\/product"}],"about":[{"href":"https:\/\/stonehouse.se\/en\/wp-json\/wp\/v2\/types\/product"}],"wp:featuredmedia":[{"embeddable":true,"href":"https:\/\/stonehouse.se\/en\/wp-json\/wp\/v2\/media\/79959"}],"wp:attachment":[{"href":"https:\/\/stonehouse.se\/en\/wp-json\/wp\/v2\/media?parent=79472"}],"wp:term":[{"taxonomy":"product_brand","embeddable":true,"href":"https:\/\/stonehouse.se\/en\/wp-json\/wp\/v2\/product_brand?post=79472"},{"taxonomy":"product_cat","embeddable":true,"href":"https:\/\/stonehouse.se\/en\/wp-json\/wp\/v2\/product_cat?post=79472"},{"taxonomy":"product_tag","embeddable":true,"href":"https:\/\/stonehouse.se\/en\/wp-json\/wp\/v2\/product_tag?post=79472"}],"curies":[{"name":"wp","href":"https:\/\/api.w.org\/{rel}","templated":true}]}}