
{"id":79476,"date":"2024-12-03T11:31:46","date_gmt":"2024-12-03T10:31:46","guid":{"rendered":"https:\/\/stonehouse.se\/produkt\/dorrcentral-vaka-b18\/"},"modified":"2026-04-08T16:30:52","modified_gmt":"2026-04-08T14:30:52","slug":"dorrcentral-vaka-b18","status":"publish","type":"product","link":"https:\/\/stonehouse.se\/en\/product\/dorrcentral-vaka-b18\/","title":{"rendered":"D\u00d6RRCENTRAL VAKA B18"},"content":{"rendered":"<p>VAKA B18 \u00e4r en komplett centralenhet f\u00f6r en d\u00f6rr, med integrerad webplattform och Java-baserad mjukvara. B18 st\u00f6der Power over Ethernet standarden 802.3at (PoE+) vilket inneb\u00e4r att en enda kabel r\u00e4cker f\u00f6r d\u00f6rrmilj\u00f6ns alla funktioner. VAKA B18 hanterar l\u00e4sare f\u00f6r in-\/utpassering och ing\u00e5r i ett VAKA system med en till tusen d\u00f6rrmilj\u00f6er. Inbyggd kalender och registrering med de 5 000 senaste h\u00e4ndelserna.<\/p>","protected":false},"excerpt":{"rendered":"<p>VAKA B18 \u00e4r en komplett centralenhet f\u00f6r en d\u00f6rr, med integrerad webplattform och Java-baserad mjukvara. B18 st\u00f6der Power over Ethernet<\/p>","protected":false},"featured_media":79946,"template":"","meta":{"_acf_changed":false},"product_brand":[],"product_cat":[3478],"product_tag":[],"class_list":{"0":"post-79476","1":"product","2":"type-product","3":"status-publish","4":"has-post-thumbnail","6":"product_cat-axema-passer","7":"product_shipping_class-tunga-paket","8":"tm-no-options","10":"first","11":"instock","12":"sale","13":"taxable","14":"shipping-taxable","15":"product-type-simple"},"acf":[],"_links":{"self":[{"href":"https:\/\/stonehouse.se\/en\/wp-json\/wp\/v2\/product\/79476","targetHints":{"allow":["GET"]}}],"collection":[{"href":"https:\/\/stonehouse.se\/en\/wp-json\/wp\/v2\/product"}],"about":[{"href":"https:\/\/stonehouse.se\/en\/wp-json\/wp\/v2\/types\/product"}],"wp:featuredmedia":[{"embeddable":true,"href":"https:\/\/stonehouse.se\/en\/wp-json\/wp\/v2\/media\/79946"}],"wp:attachment":[{"href":"https:\/\/stonehouse.se\/en\/wp-json\/wp\/v2\/media?parent=79476"}],"wp:term":[{"taxonomy":"product_brand","embeddable":true,"href":"https:\/\/stonehouse.se\/en\/wp-json\/wp\/v2\/product_brand?post=79476"},{"taxonomy":"product_cat","embeddable":true,"href":"https:\/\/stonehouse.se\/en\/wp-json\/wp\/v2\/product_cat?post=79476"},{"taxonomy":"product_tag","embeddable":true,"href":"https:\/\/stonehouse.se\/en\/wp-json\/wp\/v2\/product_tag?post=79476"}],"curies":[{"name":"wp","href":"https:\/\/api.w.org\/{rel}","templated":true}]}}