
{"id":79477,"date":"2024-12-03T11:31:46","date_gmt":"2024-12-03T10:31:46","guid":{"rendered":"https:\/\/stonehouse.se\/produkt\/kombilasare-a66-display\/"},"modified":"2026-04-08T16:30:38","modified_gmt":"2026-04-08T14:30:38","slug":"kombilasare-a66-display","status":"publish","type":"product","link":"https:\/\/stonehouse.se\/en\/product\/kombilasare-a66-display\/","title":{"rendered":"KOMBIL\u00c4SARE A66 DISPLAY"},"content":{"rendered":"<p>A66 kan k\u00f6ras i kompaktl\u00e4ge, SOLO (offline) och som l\u00e4sare\/ porttelefon i ett VAKA passersystem. I kompakt- och SOLO-l\u00e4ge programmeras A66 intuitivt via knappsatsen m.h.a instruktioner i displayen. I systeml\u00e4ge ansluts A66 till d\u00f6rrcentral B18 eller B28. Programmering g\u00f6rs via webbgr\u00e4nssnitt fr\u00e5n valfri dator.<\/p>","protected":false},"excerpt":{"rendered":"<p>A66 kan k\u00f6ras i kompaktl\u00e4ge, SOLO (offline) och som l\u00e4sare\/ porttelefon i ett VAKA passersystem. I kompakt- och SOLO-l\u00e4ge programmeras<\/p>","protected":false},"featured_media":79891,"template":"","meta":{"_acf_changed":false},"product_brand":[],"product_cat":[3478],"product_tag":[],"class_list":{"0":"post-79477","1":"product","2":"type-product","3":"status-publish","4":"has-post-thumbnail","6":"product_cat-axema-passer","7":"product_shipping_class-tunga-paket","8":"tm-no-options","10":"first","11":"outofstock","12":"sale","13":"taxable","14":"shipping-taxable","15":"product-type-simple"},"acf":[],"_links":{"self":[{"href":"https:\/\/stonehouse.se\/en\/wp-json\/wp\/v2\/product\/79477","targetHints":{"allow":["GET"]}}],"collection":[{"href":"https:\/\/stonehouse.se\/en\/wp-json\/wp\/v2\/product"}],"about":[{"href":"https:\/\/stonehouse.se\/en\/wp-json\/wp\/v2\/types\/product"}],"wp:featuredmedia":[{"embeddable":true,"href":"https:\/\/stonehouse.se\/en\/wp-json\/wp\/v2\/media\/79891"}],"wp:attachment":[{"href":"https:\/\/stonehouse.se\/en\/wp-json\/wp\/v2\/media?parent=79477"}],"wp:term":[{"taxonomy":"product_brand","embeddable":true,"href":"https:\/\/stonehouse.se\/en\/wp-json\/wp\/v2\/product_brand?post=79477"},{"taxonomy":"product_cat","embeddable":true,"href":"https:\/\/stonehouse.se\/en\/wp-json\/wp\/v2\/product_cat?post=79477"},{"taxonomy":"product_tag","embeddable":true,"href":"https:\/\/stonehouse.se\/en\/wp-json\/wp\/v2\/product_tag?post=79477"}],"curies":[{"name":"wp","href":"https:\/\/api.w.org\/{rel}","templated":true}]}}