
{"id":79491,"date":"2024-12-03T12:02:57","date_gmt":"2024-12-03T11:02:57","guid":{"rendered":"https:\/\/stonehouse.se\/?post_type=product&#038;p=79491"},"modified":"2026-04-08T16:34:53","modified_gmt":"2026-04-08T14:34:53","slug":"undercentral-uc-50-2-gen2-lk2","status":"publish","type":"product","link":"https:\/\/stonehouse.se\/en\/product\/undercentral-uc-50-2-gen2-lk2\/","title":{"rendered":"UNDERCENTRAL UC-50\/2 GEN2 LK2"},"content":{"rendered":"<p>Undercentral f\u00f6r tv\u00e5 online d\u00f6rrmilj\u00f6er &amp; upp till 2048 offline d\u00f6rrmilj\u00f6er. Undercentralen \u00e4r adresserbar med sabotageskyddad kapsling.Centralenheten UC-50 \u00e4r hj\u00e4rnan i R-CARD 5000. Det \u00e4r UC:n som tar beslut och \u00f6vervakar \u00f6vriga anslutna enheter. Ett passage-\/s\u00e4kerhetssystem kan best\u00e5 av flera centralenheter. I ett integrerat larmsystem utg\u00f6r en av UC-50-centralerna centralapparat f\u00f6r larmsystemet.UC-50 Gen2 \u00e4r en uppdaterad version med ny kapsling samt med s\u00e4kring f\u00f6r inkommande matningssp\u00e4nning.Certifierad enligt SSF 1014, Larmklass 2, certifikatsnummer: 8-561.Str\u00f6mf\u00f6rbrukning: Utan last alla ut-\/ing\u00e5ngar aktiva, max 119mA @24VDC.<\/p>","protected":false},"excerpt":{"rendered":"<p>Undercentral f\u00f6r tv\u00e5 online d\u00f6rrmilj\u00f6er &amp; upp till 2048 offline d\u00f6rrmilj\u00f6er. Undercentralen \u00e4r adresserbar med sabotageskyddad kapsling.Centralenheten UC-50 \u00e4r hj\u00e4rnan<\/p>","protected":false},"featured_media":79929,"template":"","meta":{"_acf_changed":false},"product_brand":[],"product_cat":[3468],"product_tag":[3479],"class_list":{"0":"post-79491","1":"product","2":"type-product","3":"status-publish","4":"has-post-thumbnail","6":"product_cat-rco-passer-central","7":"product_tag-rco-passer-central","8":"product_shipping_class-tunga-paket","9":"pa_brands-rco","10":"pa_farg-vit","11":"tm-no-options","13":"first","14":"instock","15":"sale","16":"taxable","17":"shipping-taxable","18":"product-type-simple"},"acf":[],"_links":{"self":[{"href":"https:\/\/stonehouse.se\/en\/wp-json\/wp\/v2\/product\/79491","targetHints":{"allow":["GET"]}}],"collection":[{"href":"https:\/\/stonehouse.se\/en\/wp-json\/wp\/v2\/product"}],"about":[{"href":"https:\/\/stonehouse.se\/en\/wp-json\/wp\/v2\/types\/product"}],"wp:featuredmedia":[{"embeddable":true,"href":"https:\/\/stonehouse.se\/en\/wp-json\/wp\/v2\/media\/79929"}],"wp:attachment":[{"href":"https:\/\/stonehouse.se\/en\/wp-json\/wp\/v2\/media?parent=79491"}],"wp:term":[{"taxonomy":"product_brand","embeddable":true,"href":"https:\/\/stonehouse.se\/en\/wp-json\/wp\/v2\/product_brand?post=79491"},{"taxonomy":"product_cat","embeddable":true,"href":"https:\/\/stonehouse.se\/en\/wp-json\/wp\/v2\/product_cat?post=79491"},{"taxonomy":"product_tag","embeddable":true,"href":"https:\/\/stonehouse.se\/en\/wp-json\/wp\/v2\/product_tag?post=79491"}],"curies":[{"name":"wp","href":"https:\/\/api.w.org\/{rel}","templated":true}]}}