
{"id":79493,"date":"2024-12-03T12:02:57","date_gmt":"2024-12-03T11:02:57","guid":{"rendered":"https:\/\/stonehouse.se\/?post_type=product&#038;p=79493"},"modified":"2026-04-08T16:30:11","modified_gmt":"2026-04-08T14:30:11","slug":"delningsbox-db-50-wiegand-gen2","status":"publish","type":"product","link":"https:\/\/stonehouse.se\/en\/product\/delningsbox-db-50-wiegand-gen2\/","title":{"rendered":"DELNINGSBOX DB-50 WIEGAND GEN2"},"content":{"rendered":"<p>D\u00f6rrcentral f\u00f6r Wiegand terminaler. DB-50 Wiegand Gen2 har 4 ing\u00e5ngar och 4 utg\u00e5ngar. Anv\u00e4nds f\u00f6r att ansluta wiegand terminaler, ell\u00e5s, \u00f6ppnaknapp, d\u00f6rravk\u00e4nning, d\u00f6rrautomatik, hisstyrning och andra ev. tillbeh\u00f6r. Ansluts mot UC-50 via lokalbuss RS-485.VIKTIGT! R-CARD M5 beh\u00f6ver ha f\u00f6ljande mjukvaruversion eller senare f\u00f6r att DB-50 Wiegand Gen2 skall kunna anv\u00e4ndas: M5 Version 5.49.4. Matningssp\u00e4nning: 10-27,3VDC. Str\u00f6mf\u00f6rbrukning: Max 84mA @24VDC.<\/p>","protected":false},"excerpt":{"rendered":"<p>D\u00f6rrcentral f\u00f6r Wiegand terminaler. DB-50 Wiegand Gen2 har 4 ing\u00e5ngar och 4 utg\u00e5ngar. Anv\u00e4nds f\u00f6r att ansluta wiegand terminaler, ell\u00e5s,<\/p>","protected":false},"featured_media":79931,"template":"","meta":{"_acf_changed":false},"product_brand":[],"product_cat":[3468],"product_tag":[3479],"class_list":{"0":"post-79493","1":"product","2":"type-product","3":"status-publish","4":"has-post-thumbnail","6":"product_cat-rco-passer-central","7":"product_tag-rco-passer-central","8":"product_shipping_class-tunga-paket","9":"pa_brands-rco","10":"pa_farg-vit","11":"tm-no-options","13":"first","14":"instock","15":"sale","16":"taxable","17":"shipping-taxable","18":"product-type-simple"},"acf":[],"_links":{"self":[{"href":"https:\/\/stonehouse.se\/en\/wp-json\/wp\/v2\/product\/79493","targetHints":{"allow":["GET"]}}],"collection":[{"href":"https:\/\/stonehouse.se\/en\/wp-json\/wp\/v2\/product"}],"about":[{"href":"https:\/\/stonehouse.se\/en\/wp-json\/wp\/v2\/types\/product"}],"wp:featuredmedia":[{"embeddable":true,"href":"https:\/\/stonehouse.se\/en\/wp-json\/wp\/v2\/media\/79931"}],"wp:attachment":[{"href":"https:\/\/stonehouse.se\/en\/wp-json\/wp\/v2\/media?parent=79493"}],"wp:term":[{"taxonomy":"product_brand","embeddable":true,"href":"https:\/\/stonehouse.se\/en\/wp-json\/wp\/v2\/product_brand?post=79493"},{"taxonomy":"product_cat","embeddable":true,"href":"https:\/\/stonehouse.se\/en\/wp-json\/wp\/v2\/product_cat?post=79493"},{"taxonomy":"product_tag","embeddable":true,"href":"https:\/\/stonehouse.se\/en\/wp-json\/wp\/v2\/product_tag?post=79493"}],"curies":[{"name":"wp","href":"https:\/\/api.w.org\/{rel}","templated":true}]}}