
{"id":79495,"date":"2024-12-03T12:02:57","date_gmt":"2024-12-03T11:02:57","guid":{"rendered":"https:\/\/stonehouse.se\/?post_type=product&#038;p=79495"},"modified":"2026-04-08T16:34:56","modified_gmt":"2026-04-08T14:34:56","slug":"relabox-dio-5084-gen2-lk2","status":"publish","type":"product","link":"https:\/\/stonehouse.se\/en\/product\/relabox-dio-5084-gen2-lk2\/","title":{"rendered":"REL\u00c4BOX DIO-5084 GEN2 LK2"},"content":{"rendered":"<p>DIO-enhet f\u00f6r larmsektioner och \/ eller anslutning av max tv\u00e5 kortl\u00e4sare (en inl\u00e4sare &amp; en utl\u00e4sare). Anv\u00e4nds f\u00f6r att ansluta tillbeh\u00f6r s\u00e5som ell\u00e5s, \u00f6ppnaknapp, d\u00f6rravk\u00e4nning, d\u00f6rrautomatik, hisstyrning, magneter, IR-detektorer och andra ev. tillbeh\u00f6r Ansluts mot UC-50 via lokalbuss RS-485. DIO-5084 Gen2 LK2, har 8 st ing\u00e5ngar (dubbelbalanserade eller str\u00f6mslinga med \u00e5terst\u00e4llning) &amp; 4 st utg\u00e5ngar (2 st rel\u00e4 &amp; 2 st Opto). Intern 12V-sp\u00e4nningsomvandlare f\u00f6r att bl.a kunna driva IR-detektorer.Certifierad enligt SSF 1014, Larmklass 1-2, Certifikat-nummer: 8-561.Matningssp\u00e4nning: 10-27,3VDC.Str\u00f6mf\u00f6rbrukning: Utan last alla ut-\/ing\u00e5ngar aktiva, max 131mA @24VDC.<\/p>","protected":false},"excerpt":{"rendered":"<p>DIO-enhet f\u00f6r larmsektioner och \/ eller anslutning av max tv\u00e5 kortl\u00e4sare (en inl\u00e4sare &amp; en utl\u00e4sare). Anv\u00e4nds f\u00f6r att ansluta<\/p>","protected":false},"featured_media":79939,"template":"","meta":{"_acf_changed":false},"product_brand":[],"product_cat":[3468],"product_tag":[3479],"class_list":{"0":"post-79495","1":"product","2":"type-product","3":"status-publish","4":"has-post-thumbnail","6":"product_cat-rco-passer-central","7":"product_tag-rco-passer-central","8":"product_shipping_class-tunga-paket","9":"pa_brands-rco","10":"pa_farg-vit","11":"tm-no-options","13":"first","14":"instock","15":"sale","16":"taxable","17":"shipping-taxable","18":"product-type-simple"},"acf":[],"_links":{"self":[{"href":"https:\/\/stonehouse.se\/en\/wp-json\/wp\/v2\/product\/79495","targetHints":{"allow":["GET"]}}],"collection":[{"href":"https:\/\/stonehouse.se\/en\/wp-json\/wp\/v2\/product"}],"about":[{"href":"https:\/\/stonehouse.se\/en\/wp-json\/wp\/v2\/types\/product"}],"wp:featuredmedia":[{"embeddable":true,"href":"https:\/\/stonehouse.se\/en\/wp-json\/wp\/v2\/media\/79939"}],"wp:attachment":[{"href":"https:\/\/stonehouse.se\/en\/wp-json\/wp\/v2\/media?parent=79495"}],"wp:term":[{"taxonomy":"product_brand","embeddable":true,"href":"https:\/\/stonehouse.se\/en\/wp-json\/wp\/v2\/product_brand?post=79495"},{"taxonomy":"product_cat","embeddable":true,"href":"https:\/\/stonehouse.se\/en\/wp-json\/wp\/v2\/product_cat?post=79495"},{"taxonomy":"product_tag","embeddable":true,"href":"https:\/\/stonehouse.se\/en\/wp-json\/wp\/v2\/product_tag?post=79495"}],"curies":[{"name":"wp","href":"https:\/\/api.w.org\/{rel}","templated":true}]}}