
{"id":79499,"date":"2024-12-03T12:02:58","date_gmt":"2024-12-03T11:02:58","guid":{"rendered":"https:\/\/stonehouse.se\/?post_type=product&#038;p=79499"},"modified":"2026-04-08T16:29:25","modified_gmt":"2026-04-08T14:29:25","slug":"undercentral-uc-50-4m-gen2-lk2","status":"publish","type":"product","link":"https:\/\/stonehouse.se\/en\/product\/undercentral-uc-50-4m-gen2-lk2\/","title":{"rendered":"UNDERCENTRAL UC-50\/4M GEN2 LK2"},"content":{"rendered":"<p>Undercentral f\u00f6r upp till 4 st online d\u00f6rrmilj\u00f6er &amp; upp till 2048 offline d\u00f6rrmilj\u00f6er. Levereras komplett med 1 st IP-50 &amp; 1 st LS-50 modul. Undercentralen \u00e4r adresserbar med sabotageskyddad kapsling.UC-50\/4M ansluts som egen anknytning till R-CARD M5 och kan inte kopplas ihop med ytterligare UC-50. Till UC-50\/4M kan enbart larmcertifierade produkter anslutas som man\u00f6verpanelerna MapR 509 och MapR Touch samt DIO-5084 med eller utan 66\/509-l\u00e4sare (509-l\u00e4saren endast med omvandlarkort TB-485). Fr\u00e5n och med firmware-version 3.03 kan \u00e4ven NoKey Motor 523\/524 anslutas.Centralenheten UC-50 \u00e4r hj\u00e4rnan i R-CARD 5000. Det \u00e4r UC:n som tar beslut och \u00f6vervakar \u00f6vriga anslutna enheter.UC-50 Gen2 \u00e4r utformad f\u00f6r att m\u00f6ta uppdaterade krav g\u00e4llande els\u00e4kerhet och bl.a. f\u00f6rsedd med s\u00e4kring f\u00f6r inkommande matningssp\u00e4nning.Certifierad enligt SSF 1014, Larmklass 2, certifikatsnummer: 8-561.Str\u00f6mf\u00f6rbrukning: Utan last alla ut-\/ing\u00e5ngar aktiva, max 119mA @24VDC.<\/p>","protected":false},"excerpt":{"rendered":"<p>Undercentral f\u00f6r upp till 4 st online d\u00f6rrmilj\u00f6er &amp; upp till 2048 offline d\u00f6rrmilj\u00f6er. Levereras komplett med 1 st IP-50<\/p>","protected":false},"featured_media":79872,"template":"","meta":{"_acf_changed":false},"product_brand":[],"product_cat":[3468],"product_tag":[3479],"class_list":{"0":"post-79499","1":"product","2":"type-product","3":"status-publish","4":"has-post-thumbnail","6":"product_cat-rco-passer-central","7":"product_tag-rco-passer-central","8":"product_shipping_class-tunga-paket","9":"pa_brands-rco","10":"pa_farg-vit","11":"tm-no-options","13":"first","14":"instock","15":"sale","16":"taxable","17":"shipping-taxable","18":"product-type-simple"},"acf":[],"_links":{"self":[{"href":"https:\/\/stonehouse.se\/en\/wp-json\/wp\/v2\/product\/79499","targetHints":{"allow":["GET"]}}],"collection":[{"href":"https:\/\/stonehouse.se\/en\/wp-json\/wp\/v2\/product"}],"about":[{"href":"https:\/\/stonehouse.se\/en\/wp-json\/wp\/v2\/types\/product"}],"wp:featuredmedia":[{"embeddable":true,"href":"https:\/\/stonehouse.se\/en\/wp-json\/wp\/v2\/media\/79872"}],"wp:attachment":[{"href":"https:\/\/stonehouse.se\/en\/wp-json\/wp\/v2\/media?parent=79499"}],"wp:term":[{"taxonomy":"product_brand","embeddable":true,"href":"https:\/\/stonehouse.se\/en\/wp-json\/wp\/v2\/product_brand?post=79499"},{"taxonomy":"product_cat","embeddable":true,"href":"https:\/\/stonehouse.se\/en\/wp-json\/wp\/v2\/product_cat?post=79499"},{"taxonomy":"product_tag","embeddable":true,"href":"https:\/\/stonehouse.se\/en\/wp-json\/wp\/v2\/product_tag?post=79499"}],"curies":[{"name":"wp","href":"https:\/\/api.w.org\/{rel}","templated":true}]}}