
{"id":79507,"date":"2024-12-03T12:02:58","date_gmt":"2024-12-03T11:02:58","guid":{"rendered":"https:\/\/stonehouse.se\/produkt\/delningsbox-db-50-gen2\/"},"modified":"2026-04-08T16:31:58","modified_gmt":"2026-04-08T14:31:58","slug":"delningsbox-db-50-gen2","status":"publish","type":"product","link":"https:\/\/stonehouse.se\/en\/product\/delningsbox-db-50-gen2\/","title":{"rendered":"DELNINGSBOX DB-50 GEN2"},"content":{"rendered":"<p>D\u00f6rrcentral f\u00f6r upp till tv\u00e5 kortl\u00e4sare som kan anslutas p\u00e5 I2C eller TB-485 bussen. DB-50 Gen2 har 4 ing\u00e5ngar och 4 utg\u00e5ngar. Anv\u00e4nds f\u00f6r att ansluta kortl\u00e4sare, ell\u00e5s, \u00f6ppnaknapp, d\u00f6rravk\u00e4nning, d\u00f6rrautomatik, hisstyrning och andra ev. tillbeh\u00f6r. Ansluts mot UC-50 via lokalbuss RS-485. VIKTIGT! R-CARD M5 beh\u00f6ver ha f\u00f6ljande mjukvaruversion eller senare f\u00f6r att DB-50 Gen2 skall kunna anv\u00e4ndas: M5 Version 5.49.4. Matningssp\u00e4nning: 10-27,3VDC. Str\u00f6mf\u00f6rbrukning: Max 84mA @24VDC.<\/p>","protected":false},"excerpt":{"rendered":"<p>D\u00f6rrcentral f\u00f6r upp till tv\u00e5 kortl\u00e4sare som kan anslutas p\u00e5 I2C eller TB-485 bussen. DB-50 Gen2 har 4 ing\u00e5ngar och<\/p>","protected":false},"featured_media":79917,"template":"","meta":{"_acf_changed":false},"product_brand":[],"product_cat":[3468],"product_tag":[3479],"class_list":{"0":"post-79507","1":"product","2":"type-product","3":"status-publish","4":"has-post-thumbnail","6":"product_cat-rco-passer-central","7":"product_tag-rco-passer-central","8":"product_shipping_class-tunga-paket","9":"pa_brands-rco","10":"pa_farg-vit","11":"tm-no-options","13":"first","14":"instock","15":"sale","16":"taxable","17":"shipping-taxable","18":"product-type-simple"},"acf":[],"_links":{"self":[{"href":"https:\/\/stonehouse.se\/en\/wp-json\/wp\/v2\/product\/79507","targetHints":{"allow":["GET"]}}],"collection":[{"href":"https:\/\/stonehouse.se\/en\/wp-json\/wp\/v2\/product"}],"about":[{"href":"https:\/\/stonehouse.se\/en\/wp-json\/wp\/v2\/types\/product"}],"wp:featuredmedia":[{"embeddable":true,"href":"https:\/\/stonehouse.se\/en\/wp-json\/wp\/v2\/media\/79917"}],"wp:attachment":[{"href":"https:\/\/stonehouse.se\/en\/wp-json\/wp\/v2\/media?parent=79507"}],"wp:term":[{"taxonomy":"product_brand","embeddable":true,"href":"https:\/\/stonehouse.se\/en\/wp-json\/wp\/v2\/product_brand?post=79507"},{"taxonomy":"product_cat","embeddable":true,"href":"https:\/\/stonehouse.se\/en\/wp-json\/wp\/v2\/product_cat?post=79507"},{"taxonomy":"product_tag","embeddable":true,"href":"https:\/\/stonehouse.se\/en\/wp-json\/wp\/v2\/product_tag?post=79507"}],"curies":[{"name":"wp","href":"https:\/\/api.w.org\/{rel}","templated":true}]}}