
{"id":79658,"date":"2024-12-05T11:34:01","date_gmt":"2024-12-05T10:34:01","guid":{"rendered":"https:\/\/stonehouse.se\/produkt\/radiosandare-for-tradlos-koppling\/"},"modified":"2025-12-31T21:36:13","modified_gmt":"2025-12-31T20:36:13","slug":"radiosandare-for-tradlos-koppling","status":"publish","type":"product","link":"https:\/\/stonehouse.se\/en\/product\/radiosandare-for-tradlos-koppling\/","title":{"rendered":"Radios\u00e4ndare f\u00f6r tr\u00e5dl\u00f6s koppling"},"content":{"rendered":"<p>Genom en tr\u00e5dl\u00f6s anslutning kan armb\u00e5gskontakten monteras p\u00e5 st\u00e4llen d\u00e4r det av olika anledningar \u00e4r sv\u00e5rt eller ol\u00e4mpligt att dra fram kablage.<\/p>\n<p>Ex. kulturminnesm\u00e4rkta fastigheter, kyrkor eller liknande.<\/p>\n<p>&nbsp;<\/p>\n<h4>Teknisk specifikation<\/h4>\n<ul>\n<li>Batterikabel: 200 mm<\/li>\n<li>Moduleringar: AM\/ASK<\/li>\n<li>Kryptering: Rolling Code Keeloq<\/li>\n<li>Frekvens: 433,92 Mhz<\/li>\n<li>1 Kanal<\/li>\n<li>Str\u00f6m: 9V (Batteri 6LR61)<\/li>\n<li>Str\u00f6mf\u00f6rbrukning: 17 mA<\/li>\n<\/ul>","protected":false},"excerpt":{"rendered":"<p>Radios\u00e4ndare som m\u00f6jligg\u00f6r tr\u00e5dl\u00f6s koppling av armb\u00e5gskontakt.<\/p>","protected":false},"featured_media":79901,"template":"","meta":{"_acf_changed":false},"product_brand":[],"product_cat":[892,391,3659],"product_tag":[],"class_list":{"0":"post-79658","1":"product","2":"type-product","3":"status-publish","4":"has-post-thumbnail","6":"product_cat-armbagskontakter","7":"product_cat-armbagskontakter-dorrautomatik","8":"product_cat-tillval-och-tillbehor","9":"product_shipping_class-tunga-paket","10":"tm-no-options","12":"first","13":"instock","14":"sale","15":"taxable","16":"shipping-taxable","17":"product-type-simple"},"acf":[],"_links":{"self":[{"href":"https:\/\/stonehouse.se\/en\/wp-json\/wp\/v2\/product\/79658","targetHints":{"allow":["GET"]}}],"collection":[{"href":"https:\/\/stonehouse.se\/en\/wp-json\/wp\/v2\/product"}],"about":[{"href":"https:\/\/stonehouse.se\/en\/wp-json\/wp\/v2\/types\/product"}],"wp:featuredmedia":[{"embeddable":true,"href":"https:\/\/stonehouse.se\/en\/wp-json\/wp\/v2\/media\/79901"}],"wp:attachment":[{"href":"https:\/\/stonehouse.se\/en\/wp-json\/wp\/v2\/media?parent=79658"}],"wp:term":[{"taxonomy":"product_brand","embeddable":true,"href":"https:\/\/stonehouse.se\/en\/wp-json\/wp\/v2\/product_brand?post=79658"},{"taxonomy":"product_cat","embeddable":true,"href":"https:\/\/stonehouse.se\/en\/wp-json\/wp\/v2\/product_cat?post=79658"},{"taxonomy":"product_tag","embeddable":true,"href":"https:\/\/stonehouse.se\/en\/wp-json\/wp\/v2\/product_tag?post=79658"}],"curies":[{"name":"wp","href":"https:\/\/api.w.org\/{rel}","templated":true}]}}